{"id":118850,"date":"2025-09-14T17:30:19","date_gmt":"2025-09-16T09:40:08","guid":{"rendered":"https:\/\/factory.sale\/?post_type=product&#038;p=118850"},"modified":"2026-02-11T04:13:44","modified_gmt":"2026-02-11T01:13:44","slug":"soojustatud-pisimaja-pooninguga-solari-5-09-x-8-59-m","status":"publish","type":"product","link":"https:\/\/factory.sale\/et\/toode\/soojustatud-pisimaja-pooninguga-solari-5-09-x-8-59-m\/","title":{"rendered":"Soojustatud pisimaja p\u00f6\u00f6ninguga Solari 5.09 \u00d7 8.59 m"},"content":{"rendered":"<p>Avasta Solari 5.09 \u00d7 8.59 m \u2013 k\u00f5rgkvaliteetne soojustatud pisimaja, mis on loodud kaasaegseks elamiseks ilma j\u00e4releandmisi tegemata. Sertifitseeritud p\u00f5hjamaisest kuusepuidust ehitatud ja mugavust silmas pidades projekteeritud kompaktne kodu pakub 50,6 m\u00b2 sisepinda nelja toa n\u00e4ol ning lisaks ruumikat p\u00f6\u00f6ningut (13,3 m\u00b2), mis sobib ideaalselt hubase magamisnurga v\u00f5i lisapanipaiga loomiseks. Kodu s\u00fcdameks on 22,5 m\u00b2 elutuba, mida t\u00e4iendavad kaks lisaruumi (8,6 m\u00b2 ja 5,4 m\u00b2), mida saab kasutada magamistubadena, kodukontorina v\u00f5i hobinurgana.<\/p>\n<p>4,05 m harjak\u00f5rguse ja 30\u00b0 katusekaldega maja tundub avar ja valgusk\u00fcllane, samal ajal kui Premium Plus topeltklaasiga akent ja klaasiga v\u00e4lisuks toovad sisse rohkelt loomulikku valgust. Kaks t\u00e4isk\u00f5rguses (~85\u00d7200 cm) klaaspaneeli loovad sujuva \u00fchenduse \u00f5uealaga, v\u00e4lised metallist aknalauad aga lisavad vastupidavust.<br \/>\nV\u00e4listingimustes nautimiseks v\u00f5ib lisada valikulise 32,7 m\u00b2 terrassi \u2013 ideaalne suve\u00f5htusteks \u00f5htus\u00f6\u00f6kideks, joogaks v\u00f5i lihtsalt l\u00f5\u00f5gastumiseks avatud taeva all.<\/p>\n<p>Otsid p\u00fcsivat kodu, maale puhkemaja v\u00f5i stiilset k\u00fclalistemaja \u2013 Solari pakub mugavust, vastupidavust ja p\u00f5hjamaist disaini \u00fches kompaktses paketis.<\/p>\n<p>&nbsp;<\/p>\n<p><strong>Tehnilised andmed:<\/strong><\/p>\n<div class=\"_tableContainer_1rjym_1\">\n<div class=\"group w-fit _tableWrapper_1rjym_13 flex flex-col-reverse\" tabindex=\"-1\">\n<table class=\"w-fit min-w-(--thread-content-width)\" data-start=\"85\" data-end=\"1781\">\n<thead data-start=\"85\" data-end=\"137\">\n<tr data-start=\"85\" data-end=\"137\">\n<th data-start=\"85\" data-end=\"121\" data-col-size=\"sm\"><strong data-start=\"87\" data-end=\"107\">Spetsifikatsioon<\/strong><\/th>\n<th data-start=\"121\" data-end=\"137\" data-col-size=\"lg\"><strong data-start=\"123\" data-end=\"135\">Detailid<\/strong><\/th>\n<\/tr>\n<\/thead>\n<tbody data-start=\"191\" data-end=\"1781\">\n<tr data-start=\"191\" data-end=\"244\">\n<td data-start=\"191\" data-end=\"227\" data-col-size=\"sm\"><strong data-start=\"193\" data-end=\"216\">Maja laius \u00d7 pikkus<\/strong><\/td>\n<td data-start=\"227\" data-end=\"244\" data-col-size=\"lg\">5.09 \u00d7 8.59 m<\/td>\n<\/tr>\n<tr data-start=\"245\" data-end=\"301\">\n<td data-start=\"245\" data-end=\"281\" data-col-size=\"sm\"><strong data-start=\"247\" data-end=\"258\">Siseala<\/strong><\/td>\n<td data-start=\"281\" data-end=\"301\" data-col-size=\"lg\">50.6 m\u00b2 (4 tuba)<\/td>\n<\/tr>\n<tr data-start=\"302\" data-end=\"400\">\n<td data-start=\"302\" data-end=\"338\" data-col-size=\"sm\"><strong data-start=\"304\" data-end=\"319\">Ruumijaotus<\/strong><\/td>\n<td data-start=\"338\" data-end=\"400\" data-col-size=\"lg\">Elutuba 22.5 m\u00b2; Tuba 8.6 m\u00b2; Tuba 5.4 m\u00b2; P\u00f6\u00f6ning 13.3 m\u00b2<\/td>\n<\/tr>\n<tr data-start=\"401\" data-end=\"448\">\n<td data-start=\"401\" data-end=\"437\" data-col-size=\"sm\"><strong data-start=\"403\" data-end=\"425\">Valikuline terrass<\/strong><\/td>\n<td data-start=\"437\" data-end=\"448\" data-col-size=\"lg\">32.7 m\u00b2<\/td>\n<\/tr>\n<tr data-start=\"449\" data-end=\"495\">\n<td data-start=\"449\" data-end=\"485\" data-col-size=\"sm\"><strong data-start=\"451\" data-end=\"471\">K\u00fclgseina k\u00f5rgus<\/strong><\/td>\n<td data-start=\"485\" data-end=\"495\" data-col-size=\"lg\">2.70 m<\/td>\n<\/tr>\n<tr data-start=\"496\" data-end=\"542\">\n<td data-start=\"496\" data-end=\"532\" data-col-size=\"sm\"><strong data-start=\"498\" data-end=\"513\">Harjak\u00f5rgus<\/strong><\/td>\n<td data-start=\"532\" data-end=\"542\" data-col-size=\"lg\">4.05 m<\/td>\n<\/tr>\n<tr data-start=\"543\" data-end=\"586\">\n<td data-start=\"543\" data-end=\"579\" data-col-size=\"sm\"><strong data-start=\"545\" data-end=\"578\">Katuse kalle (m\u00f5lemal k\u00fcljel)<\/strong><\/td>\n<td data-start=\"579\" data-end=\"586\" data-col-size=\"lg\">30\u00b0<\/td>\n<\/tr>\n<tr data-start=\"587\" data-end=\"634\">\n<td data-start=\"587\" data-end=\"623\" data-col-size=\"sm\"><strong data-start=\"589\" data-end=\"607\">Katuse pindala<\/strong><\/td>\n<td data-start=\"623\" data-end=\"634\" data-col-size=\"lg\">50.5 m\u00b2<\/td>\n<\/tr>\n<tr data-start=\"635\" data-end=\"701\">\n<td data-start=\"635\" data-end=\"671\" data-col-size=\"sm\"><strong data-start=\"637\" data-end=\"653\">Katuselauad<\/strong><\/td>\n<td data-start=\"671\" data-end=\"701\" data-col-size=\"lg\">19 mm <span style=\"font-family: inherit; font-size: inherit;\">punn-soon \u00fchendusega<\/span><\/td>\n<\/tr>\n<tr data-start=\"702\" data-end=\"853\">\n<td data-start=\"702\" data-end=\"738\" data-col-size=\"sm\"><strong data-start=\"704\" data-end=\"736\">Seina ehitus (seest \u2192 v\u00e4lja)<\/strong><\/td>\n<td data-start=\"738\" data-end=\"853\" data-col-size=\"lg\">44 mm t\u00e4ispalk \u2192 aurut\u00f5ke \u2192 ~100 mm mineraalvill \u2192 tuulet\u00f5kkekile \u2192 ventileeritav \u00f5huvahe \u2192 18\u201320 mm puitvooder<\/td>\n<\/tr>\n<tr data-start=\"854\" data-end=\"1039\">\n<td data-start=\"854\" data-end=\"890\" data-col-size=\"sm\"><strong data-start=\"856\" data-end=\"874\">P\u00f5randa ehitus<\/strong><\/td>\n<td data-start=\"890\" data-end=\"1039\" data-col-size=\"lg\">19 mm <span style=\"font-family: inherit; font-size: inherit;\">punn-soon \u00fchendusega lauad<\/span>\u2192 kandekonstruktsioonid \u2192 ~100 mm isolatsioon \u2192 aurut\u00f5ke\/tuulet\u00f5ke. Betoonalusel: plastkile, prussid, kivivill v\u00f5i EPS<\/td>\n<\/tr>\n<tr data-start=\"1040\" data-end=\"1196\">\n<td data-start=\"1040\" data-end=\"1076\" data-col-size=\"sm\"><strong data-start=\"1042\" data-end=\"1059\">Katuse ehitus<\/strong><\/td>\n<td data-start=\"1076\" data-end=\"1196\" data-col-size=\"lg\">Katusekate (nt sindlid) \u2192 roovitus ja aluskiht \u2192 hingav membraan \u2192 ~100 mm mineraalvill \u2192 19 mm <span style=\"font-family: inherit; font-size: inherit;\">punn-soon \u00fchendusega kate<\/span><\/td>\n<\/tr>\n<tr data-start=\"1197\" data-end=\"1309\">\n<td data-start=\"1197\" data-end=\"1233\" data-col-size=\"sm\"><strong data-start=\"1199\" data-end=\"1224\">Indikatiivsed U-v\u00e4\u00e4rtused<\/strong><\/td>\n<td data-start=\"1233\" data-end=\"1309\" data-col-size=\"lg\">Seinad ~0.30\u20130.35 W\/m\u00b2K; Katus ~0.23\u20130.28 W\/m\u00b2K; P\u00f5rand ~0.30\u20130.35 W\/m\u00b2K<\/td>\n<\/tr>\n<tr data-start=\"1310\" data-end=\"1413\">\n<td data-start=\"1310\" data-end=\"1346\" data-col-size=\"sm\"><strong data-start=\"1312\" data-end=\"1321\">Uksed<\/strong><\/td>\n<td data-start=\"1346\" data-end=\"1413\" data-col-size=\"lg\">1 topeltklaasiga v\u00e4lisuks (~160\u00d7200 cm); 3 siseust (~80\u00d7200 cm)<\/td>\n<\/tr>\n<tr data-start=\"1414\" data-end=\"1541\">\n<td data-start=\"1414\" data-end=\"1450\" data-col-size=\"sm\"><strong data-start=\"1416\" data-end=\"1425\">Aknad<\/strong><\/td>\n<td data-start=\"1450\" data-end=\"1541\" data-col-size=\"lg\">5 \u00fchikut: 2 t\u00e4isk\u00f5rguses klaaspaneeli (~85\u00d7200 cm) + 3 standardakent (~80\u2013120 \u00d7 100 cm)<\/td>\n<\/tr>\n<tr data-start=\"1542\" data-end=\"1619\">\n<td data-start=\"1542\" data-end=\"1578\" data-col-size=\"sm\"><strong data-start=\"1544\" data-end=\"1559\">Klaaspakett<\/strong><\/td>\n<td data-start=\"1578\" data-end=\"1619\" data-col-size=\"lg\">Premium topeltklaasiga aknad ja uksed<\/td>\n<\/tr>\n<tr data-start=\"1620\" data-end=\"1693\">\n<td data-start=\"1620\" data-end=\"1656\" data-col-size=\"sm\"><strong data-start=\"1622\" data-end=\"1634\">Materjal<\/strong><\/td>\n<td data-start=\"1656\" data-end=\"1693\" data-col-size=\"lg\">Sertifitseeritud p\u00f5hjamaine kuusk<\/td>\n<\/tr>\n<tr data-start=\"1694\" data-end=\"1739\">\n<td data-start=\"1694\" data-end=\"1730\" data-col-size=\"sm\"><strong data-start=\"1696\" data-end=\"1719\">V\u00e4lisseinte pindala<\/strong><\/td>\n<td data-start=\"1730\" data-end=\"1739\" data-col-size=\"lg\">57 m\u00b2<\/td>\n<\/tr>\n<tr data-start=\"1740\" data-end=\"1781\">\n<td data-start=\"1740\" data-end=\"1776\" data-col-size=\"sm\"><strong data-start=\"1742\" data-end=\"1756\">Tubade arv<\/strong><\/td>\n<td data-start=\"1776\" data-end=\"1781\" data-col-size=\"lg\">4<\/td>\n<\/tr>\n<\/tbody>\n<\/table>\n<\/div>\n<\/div>\n<p>&nbsp;<\/p>\n<p>&nbsp;<\/p>\n<p>&nbsp;<\/p>\n<p><strong>Katuseks bituumensindel ja aluskiht (v\u00e4rvivalik):<\/strong><\/p>\n<p><img loading=\"lazy\" decoding=\"async\" class=\"alignnone wp-image-118851\" src=\"https:\/\/factory.sale\/wp-content\/uploads\/2025\/09\/bitumen-roof-colours-est-factory-sale-300x94.webp\" alt=\"\" width=\"562\" height=\"176\" srcset=\"https:\/\/factory.sale\/wp-content\/uploads\/2025\/09\/bitumen-roof-colours-est-factory-sale-300x94.webp 300w, https:\/\/factory.sale\/wp-content\/uploads\/2025\/09\/bitumen-roof-colours-est-factory-sale-150x47.webp 150w, https:\/\/factory.sale\/wp-content\/uploads\/2025\/09\/bitumen-roof-colours-est-factory-sale-600x189.webp 600w, https:\/\/factory.sale\/wp-content\/uploads\/2025\/09\/bitumen-roof-colours-est-factory-sale.webp 680w\" sizes=\"auto, (max-width: 562px) 100vw, 562px\" \/><\/p>\n<p>&nbsp;<\/p>\n<p><strong>Standardkomplekt sisaldab:<\/strong><\/p>\n<ul>\n<li>P\u00f5randatalad, p\u00f5randa- ja katuseplaadid, seinad ja katuse kandepalgid<\/li>\n<li>Premium Plus topeltklaasiga aknad ja uksed<\/li>\n<li>10 cm katuse soojustuskomplekt<\/li>\n<li>10 cm p\u00f5randa soojustuskomplekt<\/li>\n<li>10 cm seina soojustuskomplekt<\/li>\n<li>Bituumensindel katus koos aluskattega<\/li>\n<li>V\u00e4limised metallist aknalauad<\/li>\n<\/ul>\n<p>&nbsp;<\/p>\n<p><strong>Lisavarustus (ilma KM-ta):<\/strong><\/p>\n<ul>\n<li>Metallkatus (alternatiiv bituumensindlile) \u2013 1863 \u20ac<\/li>\n<li>Vihmaveerennide s\u00fcsteem \u2013 253 \u20ac<\/li>\n<li>Immutus (m\u00e4nd, valge v\u00f5i l\u00e4bipaistev) \u2013 1207,50 \u20ac<\/li>\n<li>32,7 m\u00b2 terrass \u2013 920 \u20ac<\/li>\n<li>Tehases v\u00e4rvitud voodrilauad \u2013 402,50 \u20ac<\/li>\n<li>PVC aknad ja v\u00e4lisuksed (valged m\u00f5lemalt poolt) \u2013 569,25 \u20ac<\/li>\n<li>PVC aknad ja v\u00e4lisuksed (v\u00e4rvilised v\u00e4ljastpoolt) \u2013 1012 \u20ac<\/li>\n<li>Katuse soojustuse suurendamine \u2013 10 cm \u2192 20 cm \u2013 2369 \u20ac<\/li>\n<\/ul>\n<p>&nbsp;<\/p>\n<p>&nbsp;<\/p>\n<p>&nbsp;<\/p>\n<p><a href=\"https:\/\/factory.sale\/wp-content\/uploads\/2025\/09\/Solari_S37201.pdf\" target=\"_blank\" rel=\"noopener\">Joonised omavalitsuse kinnituseks<br \/>\n<\/a><\/p>\n<p><iframe loading=\"lazy\" src=\"\/\/www.youtube.com\/embed\/k9kK04ZBp0o\" width=\"1050\" height=\"589\" allowfullscreen=\"allowfullscreen\"><\/iframe><\/p>\n<p><iframe loading=\"lazy\" src=\"\/\/www.youtube.com\/embed\/9S4j3SFXrjM\" width=\"1050\" height=\"589\" allowfullscreen=\"allowfullscreen\"><\/iframe><\/p>\n","protected":false},"excerpt":{"rendered":"<p>Solari 5.09 \u00d7 8.59 m on t\u00e4ielikult soojustatud p\u00f6\u00f6ninguga pisimaja nelja toaga, valmistatud kvaliteetsest p\u00f5hjamaisest kuusepuidust. Komplekt sisaldab soojustust, topeltklaasiga aknaid ja uksi, bituumensindel katust ning lisatasu eest v\u00f5imalust lisada 32,7 m\u00b2 terrass ja palju muid lisasid.<\/p>\n","protected":false},"featured_media":118761,"comment_status":"open","ping_status":"closed","template":"","meta":{"_acf_changed":false},"factory":[],"free-shipment":[],"product_brand":[],"product_cat":[801],"product_tag":[],"class_list":{"0":"post-118850","1":"product","2":"type-product","3":"status-publish","4":"has-post-thumbnail","6":"product_cat-elementmajad-2","8":"first","9":"instock","10":"sale","11":"taxable","12":"shipping-taxable","13":"purchasable","14":"product-type-simple"},"acf":[],"_links":{"self":[{"href":"https:\/\/factory.sale\/et\/wp-json\/wp\/v2\/product\/118850","targetHints":{"allow":["GET"]}}],"collection":[{"href":"https:\/\/factory.sale\/et\/wp-json\/wp\/v2\/product"}],"about":[{"href":"https:\/\/factory.sale\/et\/wp-json\/wp\/v2\/types\/product"}],"replies":[{"embeddable":true,"href":"https:\/\/factory.sale\/et\/wp-json\/wp\/v2\/comments?post=118850"}],"wp:featuredmedia":[{"embeddable":true,"href":"https:\/\/factory.sale\/et\/wp-json\/wp\/v2\/media\/118761"}],"wp:attachment":[{"href":"https:\/\/factory.sale\/et\/wp-json\/wp\/v2\/media?parent=118850"}],"wp:term":[{"taxonomy":"factory","embeddable":true,"href":"https:\/\/factory.sale\/et\/wp-json\/wp\/v2\/factory?post=118850"},{"taxonomy":"free-shipment","embeddable":true,"href":"https:\/\/factory.sale\/et\/wp-json\/wp\/v2\/free-shipment?post=118850"},{"taxonomy":"product_brand","embeddable":true,"href":"https:\/\/factory.sale\/et\/wp-json\/wp\/v2\/product_brand?post=118850"},{"taxonomy":"product_cat","embeddable":true,"href":"https:\/\/factory.sale\/et\/wp-json\/wp\/v2\/product_cat?post=118850"},{"taxonomy":"product_tag","embeddable":true,"href":"https:\/\/factory.sale\/et\/wp-json\/wp\/v2\/product_tag?post=118850"}],"curies":[{"name":"wp","href":"https:\/\/api.w.org\/{rel}","templated":true}]}}