{"id":11866,"date":"2022-08-23T09:39:42","date_gmt":"2022-08-23T10:03:10","guid":{"rendered":"https:\/\/factory.sale\/?post_type=product&#038;p=11866"},"modified":"2024-06-26T14:50:48","modified_gmt":"2024-06-26T14:50:48","slug":"north-saun-fs-31-m2","status":"publish","type":"product","link":"https:\/\/factory.sale\/et\/toode\/north-saun-fs-31-m2\/","title":{"rendered":"North Saun FS 31 m2"},"content":{"rendered":"<ul>\n<li class=\"font_8\">Pindala 31m2<\/li>\n<li class=\"font_8\">Sise- ja v\u00e4lisviimistlus on valmistatud keskkonnas\u00f5bralikest materjalidest<\/li>\n<li class=\"font_8\">Energias\u00e4\u00e4stlik &#8211; soojustatud ja talub k\u00fclma Skandinaavia kliimat<\/li>\n<li class=\"font_8\">T\u00e4ielikult paigaldatud elektrijuhtmed, \u00a0pistikupesad, l\u00fclitid ja valgustid<\/li>\n<li class=\"font_8\">Seina ja lae sisustus Skandinaavia vineer, voodrilauad v\u00f5i kipsplaat, p\u00f5randakatteks laminaat<\/li>\n<li class=\"font_8\">Topeltklaasid PVC<\/li>\n<li class=\"font_8\">Parim kvaliteet ja teie jaoks p\u00f5hjalikult l\u00e4bim\u00f5eldud<\/li>\n<li class=\"font_8\">Paigaldus 1-2 p\u00e4eva jooksul<\/li>\n<li class=\"font_8\">Maja saab kasutada aastaringselt<\/li>\n<li class=\"font_8\">TARNE &#8211; 3 kuni 6 n\u00e4dalat<\/li>\n<li class=\"font_8\">2 aastat garantiid viimistlusele ja seadmetele, 5 aastat maja konstruktsioonile<\/li>\n<li class=\"font_8\">Transport kokkuleppel<\/li>\n<\/ul>\n<p>&nbsp;<\/p>\n<p class=\"font_2\">Sissejuhatus:<\/p>\n<ul>\n<li class=\"font_8\">Hoone karkass on valmistatud kuivast h\u00f6\u00f6veldatud materjalist, immutatud<\/li>\n<li class=\"font_8\">Energias\u00e4\u00e4stlik pritsuvaba piluvaba isolatsioon soojusjuhtivusega 0,030-0,032 W \/ (m \u00b7 K)<\/li>\n<li class=\"font_8\">OSB raam ja FSF vineerist v\u00e4limine ja sisemine vooder<\/li>\n<li class=\"font_8\">Uue p\u00f5lvkonna PVC (loogikakivi) h\u00fcdroisolatsiooniga katusekate<\/li>\n<li class=\"font_8\">Fassaadikate, tehases t\u00f6\u00f6deldud 2x v\u00e4rviga (Teknos), mitmev\u00e4rviline Siberi lehis, kaetud Rehnocoll \u00f5liga (Saksa toode)<\/li>\n<li class=\"font_8\">P\u00f5rand on valmistatud immutatud puittaladest, kaetud OSB-3-ga alt ja pealt 18mm<\/li>\n<li class=\"font_8\">Kanalisatsioon ja veetungid on paigaldatud kuni hoone v\u00e4limise perimeetrini.<\/li>\n<li class=\"font_8\">Hoone on varustatud elektrikilbi ja vajalike kaitsel\u00fclititega.<\/li>\n<li class=\"font_8\">Topeltklaasid, hoone viimistlus<\/li>\n<li class=\"font_8\">Klaasitud soe v\u00e4lisuks, hoone viimistlus, energias\u00e4\u00e4st<span class=\"wixGuard\">\u200blik<\/span><\/li>\n<li class=\"font_8\">Moodulmajad on seest t\u00e4ielikult valmis, elekter ja valgustus.<\/li>\n<li class=\"font_8\">Hind ei sisalda transporti ja vundamenti.<\/li>\n<li class=\"font_8\">Eraldi kallist betoonvundamenti maja ei vaja. K\u00f5ige tavalisem ja meie poolt kasutatav on post \/ vaia vundament.<\/li>\n<li class=\"font_8\"><strong>Kiire ja odav lahendus.<\/strong><\/li>\n<\/ul>\n<p class=\"font_8\"><span class=\"wixGuard\">\u200b<\/span><\/p>\n<p class=\"font_8\"><strong>Siseviimistlus:<\/strong><\/p>\n<ul>\n<li class=\"font_8\">P\u00f5randa viimistlus &#8211; kulumiskindel laminaat Egger (valmistatud Saksamaal)<\/li>\n<li class=\"font_8\">Seinte ja lagede siseviimistlus &#8211; pleegitatud Skandinaavia vineer Teknose kaitsekattega (valmistatud Soomes) (haruvaba vineeri kvaliteet A \/ B)<\/li>\n<li class=\"font_8\">Lagede ja seina valgustus LED, dekoratiivsed paneelid<\/li>\n<li class=\"font_8\">K\u00f6\u00f6gim\u00f6\u00f6bel &#8211; integreeritud keraamiline pliit, valamu ja k\u00fclmkapp<\/li>\n<li class=\"font_8\">Interj\u00f6\u00f6riks sobiv k\u00f6\u00f6gim\u00f6\u00f6bel<\/li>\n<li class=\"font_8\">Tualettp\u00f5rand &#8211; kvarts-vin\u00fc\u00fclist loft-stiilis (veekindel)<\/li>\n<\/ul>\n<p>&nbsp;<\/p>\n<p><strong>Muu<\/strong>:<\/p>\n<ul>\n<li class=\"font_8\">Kaitsel\u00fclititega elektrikilp (peakaitse, j\u00e4\u00e4kvooluseade ja kaitsel\u00fclitid vastavalt tsoonidele 10 \/ 16A<\/li>\n<li class=\"font_8\">Integreeritud voodip\u00f5hi<\/li>\n<li class=\"font_8\">T\u00e4ielikult paigaldatud elektrijuhtmed, Schneideri pistikupesad ja l\u00fclitid<\/li>\n<li class=\"font_8\">LED-lae- ja seinavalgustid<\/li>\n<li class=\"font_8\">Infrapuna p\u00f5randak\u00fcte vannitoas<\/li>\n<li class=\"font_8\">Glasuuritud du\u0161ikabiin ja Stone Tray du\u0161ialus<\/li>\n<li class=\"font_8\">Grohe vannitoaseadmed, segistid jne.<\/li>\n<li class=\"font_8\">Spetsiaalne segistiga valamu pesumasina jaoks<\/li>\n<li class=\"font_8\">Roca-t\u00fc\u00fcpi tualettruum (v\u00f5i samav\u00e4\u00e4rne)<\/li>\n<li class=\"font_8\">Veemahuti Ariston 50 l<\/li>\n<li class=\"font_8\">Kontuuriga peegel valamu kohal<\/li>\n<li class=\"font_8\">Ventilatsiooniklapid seintes ja k\u00f6\u00f6gikubude jaoks<\/li>\n<\/ul>\n<p>&nbsp;<\/p>\n<p>&nbsp;<\/p>\n<p><strong>V\u00e4lisviimistlus:<\/strong><\/p>\n<ul>\n<li>V\u00e4lisviimistluseks kahes eri toonis fassaadilaud, kaetud ilmastikukindla v\u00e4rviga Teknos<\/li>\n<li class=\"font_8\">Uue p\u00f5lvkonna PVC (loogikakivi) h\u00fcdroisolatsiooniga katusekate<\/li>\n<li class=\"font_8\">Topeltklaasid, hoone viimistlus, energias\u00e4\u00e4stlik<\/li>\n<li class=\"font_8\">Klaasitud soe v\u00e4lisuks, hoone viimistlus, energias\u00e4\u00e4stlik<\/li>\n<\/ul>\n<p>&nbsp;<\/p>\n<p>&nbsp;<\/p>\n<p>&nbsp;<\/p>\n<p><strong>Terrass:<\/strong><\/p>\n<ul>\n<li class=\"font_8\">Tugevusraam kuivast h\u00f6\u00f6veldatud materjalist, t\u00f6\u00f6deldud tulekindla materjaliga ja maalitud Soome Teknose v\u00e4rvidega<\/li>\n<li class=\"font_8\">Meie kasutatav katusekonstruktsioon on FSF vineer, v\u00e4rvitud Saksa Rehnocoll \u00f5liga<\/li>\n<li class=\"font_8\">Uue p\u00f5lvkonna h\u00fcdroisolatsiooniga palkkivist katusekate<\/li>\n<li class=\"font_8\">P\u00f5randakate &#8211; Siberi lehisega kaetud Saksa \u00f5li Rehnocoll<\/li>\n<li class=\"font_8\">Tugipostid liimitud, maalitud Soome Teknose materjalidega<\/li>\n<li class=\"font_8\">Dekoratiivne ribi Siberi lehisest, kaetud Saksa \u00f5liga Rehnocoll<\/li>\n<li class=\"font_8\">Kolm astet metallalusel, kaetud Siberi lehise plaadiga, kaetud Saksa \u00f5liga Rehnocoll<\/li>\n<\/ul>\n","protected":false},"excerpt":{"rendered":"<p class=\"font_2\">Kaasaegne arhitektuur ja looduss\u00f5bralikud looduslikud materjalid. Maja on tehases t\u00e4ielikult toodetud ja monteeritakse kohapeal m\u00f5ne tunniga!<\/p>\n","protected":false},"featured_media":11858,"comment_status":"open","ping_status":"closed","template":"","meta":{"_acf_changed":false},"factory":[],"free-shipment":[],"product_brand":[],"product_cat":[801],"product_tag":[],"class_list":{"0":"post-11866","1":"product","2":"type-product","3":"status-publish","4":"has-post-thumbnail","6":"product_cat-elementmajad-2","8":"first","9":"instock","10":"sale","11":"taxable","12":"shipping-taxable","13":"purchasable","14":"product-type-simple"},"acf":[],"_links":{"self":[{"href":"https:\/\/factory.sale\/et\/wp-json\/wp\/v2\/product\/11866","targetHints":{"allow":["GET"]}}],"collection":[{"href":"https:\/\/factory.sale\/et\/wp-json\/wp\/v2\/product"}],"about":[{"href":"https:\/\/factory.sale\/et\/wp-json\/wp\/v2\/types\/product"}],"replies":[{"embeddable":true,"href":"https:\/\/factory.sale\/et\/wp-json\/wp\/v2\/comments?post=11866"}],"wp:featuredmedia":[{"embeddable":true,"href":"https:\/\/factory.sale\/et\/wp-json\/wp\/v2\/media\/11858"}],"wp:attachment":[{"href":"https:\/\/factory.sale\/et\/wp-json\/wp\/v2\/media?parent=11866"}],"wp:term":[{"taxonomy":"factory","embeddable":true,"href":"https:\/\/factory.sale\/et\/wp-json\/wp\/v2\/factory?post=11866"},{"taxonomy":"free-shipment","embeddable":true,"href":"https:\/\/factory.sale\/et\/wp-json\/wp\/v2\/free-shipment?post=11866"},{"taxonomy":"product_brand","embeddable":true,"href":"https:\/\/factory.sale\/et\/wp-json\/wp\/v2\/product_brand?post=11866"},{"taxonomy":"product_cat","embeddable":true,"href":"https:\/\/factory.sale\/et\/wp-json\/wp\/v2\/product_cat?post=11866"},{"taxonomy":"product_tag","embeddable":true,"href":"https:\/\/factory.sale\/et\/wp-json\/wp\/v2\/product_tag?post=11866"}],"curies":[{"name":"wp","href":"https:\/\/api.w.org\/{rel}","templated":true}]}}