{"id":118595,"date":"2025-09-11T10:22:09","date_gmt":"2025-09-11T07:22:31","guid":{"rendered":"https:\/\/factory.sale\/?post_type=product&#038;p=118595"},"modified":"2025-09-22T12:18:03","modified_gmt":"2025-09-22T09:18:03","slug":"bauteq-niiskustoke-10-l","status":"publish","type":"product","link":"https:\/\/factory.sale\/et\/toode\/bauteq-niiskustoke-10-l\/","title":{"rendered":"Bauteq niiskust\u00f5ke 10 L"},"content":{"rendered":"<p>Ehituskonstruktsiooni kaitse seestpoolt tungiva niiskuse t\u00f5kestamiseks.<\/p>\n<p>BAUTEQ Niiskust\u00f5ke on m\u00f5eldud kasutamiseks niisketes ja m\u00e4rgades ruumides seinade ning lagede kaitseks niiskuse m\u00f5ju eest enne keraamiliste plaatide, vm. viimistlusmaterjalide paigaldamist. Tegemist on esimese professionaalse niiskust\u00f5kkega millel on fikseeritud veeaurul\u00e4bivus. Kaitstavaks aluspinnaks v\u00f5ib olla kipsplaat, betoon, krohv v\u00f5i tellism\u00fc\u00fcritis. Sobib ka \u00fclev\u00e4rvimiseks. Niiskust\u00f5ket ei kasutata maaniiskuse t\u00f5kestamiseks, m\u00e4rgades ruumides vee alla j\u00e4\u00e4vatel pindadel ega tsemendisegu lisandina.<\/p>\n<p>&nbsp;<\/p>\n<p><strong><span style=\"font-size: 14pt;\">Bauteq niiskust\u00f5ke 10 L kasutamistingimused\u00a0<\/span><\/strong><\/p>\n<ul>\n<li>\u00dcmbritseva \u00f5hu ja aluspinna temperatuur peab olema v\u00e4hemalt +10\u00b0C ja \u00f5huniiskus kuni 80%.<\/li>\n<li>Pinnale kanda v\u00e4rvirulli, pihusti v\u00f5i pintsliga.<\/li>\n<\/ul>\n<p>&nbsp;<\/p>\n<h2><span style=\"font-size: 14pt;\"><strong>Bauteq niiskust\u00f5ke 10 L kasutusjuhend<\/strong><\/span><\/h2>\n<ol>\n<li>Kaetav pind peab olema puhas, kuiv ja tolmuvaba.<\/li>\n<li>Toode kantakse aluspinnale kahes kihis.<\/li>\n<li>Esimene kiht: niiskust\u00f5ke lahjendada veega vahekorras 1:1.<\/li>\n<li>Umbes 30 min. m\u00f6\u00f6dumisel v\u00f5i kui pind on kuivanud, kantakse aluspinnale teine kiht lahjendamata niiskust\u00f5ke.<\/li>\n<li>Keraamiliste plaatide paigaldamisega v\u00f5ib alustada ca 4 tunni p\u00e4rast, kui BAUTEQ Niiskust\u00f5kke kiht on kuivanud.<\/li>\n<li>Materjali kulu kahekordsel katmisel mitteimavatel pindadel 0,15 l\/m\u00b2, imavatel pindadel 0,3 l\/m\u00b2.<\/li>\n<\/ol>\n<p>&nbsp;<\/p>\n<p><strong>Puhastamine<\/strong><\/p>\n<p>T\u00f6\u00f6vahendid ja riided pesta koheselt veega. Juba kuivanud materjali saab eemaldada mehhaaniliselt.<\/p>\n<p>&nbsp;<\/p>\n<div class=\"_tableContainer_1rjym_1\">\n<div class=\"_tableWrapper_1rjym_13 group flex w-fit flex-col-reverse\" tabindex=\"-1\">\n<table class=\"w-fit min-w-(--thread-content-width)\" style=\"height: 223px;\" width=\"654\" data-start=\"42\" data-end=\"703\">\n<thead data-start=\"42\" data-end=\"122\">\n<tr data-start=\"42\" data-end=\"122\">\n<th data-start=\"42\" data-end=\"70\" data-col-size=\"sm\"><strong data-start=\"44\" data-end=\"65\">Tehnilised andmed<\/strong><\/th>\n<th data-start=\"70\" data-end=\"85\" data-col-size=\"sm\"><strong data-start=\"72\" data-end=\"80\">\u00dchik<\/strong><\/th>\n<th data-start=\"85\" data-end=\"122\" data-col-size=\"sm\"><strong data-start=\"87\" data-end=\"98\">V\u00e4\u00e4rtus<\/strong><\/th>\n<\/tr>\n<\/thead>\n<tbody data-start=\"206\" data-end=\"703\">\n<tr data-start=\"206\" data-end=\"288\">\n<td data-start=\"206\" data-end=\"236\" data-col-size=\"sm\">L\u00f5plik kuivamine<\/td>\n<td data-start=\"236\" data-end=\"251\" data-col-size=\"sm\">tund<\/td>\n<td data-start=\"251\" data-end=\"288\" data-col-size=\"sm\">4<\/td>\n<\/tr>\n<tr data-start=\"289\" data-end=\"371\">\n<td data-start=\"289\" data-end=\"319\" data-col-size=\"sm\">Tihedus<\/td>\n<td data-start=\"319\" data-end=\"334\" data-col-size=\"sm\">g\/cm\u00b3<\/td>\n<td data-start=\"334\" data-end=\"371\" data-col-size=\"sm\">1,03<\/td>\n<\/tr>\n<tr data-start=\"372\" data-end=\"454\">\n<td data-start=\"372\" data-end=\"402\" data-col-size=\"sm\">pH<\/td>\n<td data-start=\"402\" data-end=\"417\" data-col-size=\"sm\">\u2013<\/td>\n<td data-start=\"417\" data-end=\"454\" data-col-size=\"sm\">7\u20138<\/td>\n<\/tr>\n<tr data-start=\"455\" data-end=\"537\">\n<td data-start=\"455\" data-end=\"485\" data-col-size=\"sm\">Veeauru l\u00e4bivus (WDD)<\/td>\n<td data-start=\"485\" data-end=\"500\" data-col-size=\"sm\">g\/m\u00b2\/24h<\/td>\n<td data-start=\"500\" data-end=\"537\" data-col-size=\"sm\">40<\/td>\n<\/tr>\n<tr data-start=\"538\" data-end=\"620\">\n<td data-start=\"538\" data-end=\"571\" data-col-size=\"sm\">V\u00f5rdluseks (seina- ja laev\u00e4rv)<\/td>\n<td data-start=\"571\" data-end=\"583\" data-col-size=\"sm\">g\/m\u00b2\/24h<\/td>\n<td data-start=\"583\" data-end=\"620\" data-col-size=\"sm\">600<\/td>\n<\/tr>\n<tr data-start=\"621\" data-end=\"703\">\n<td data-start=\"621\" data-end=\"651\" data-col-size=\"sm\">V\u00e4rvus<\/td>\n<td data-start=\"651\" data-end=\"666\" data-col-size=\"sm\">\u2013<\/td>\n<td data-start=\"666\" data-end=\"703\" data-col-size=\"sm\">Sinine<\/td>\n<\/tr>\n<\/tbody>\n<\/table>\n<p><em>*Toodud parameetrid on m\u00f5\u00f5detud tingimustel 23 \u00b0C ja 50% suhtelist \u00f5huniiskust.<\/em><\/p>\n<\/div>\n<\/div>\n<p><strong>S\u00e4ilitamine<\/strong><\/p>\n<p data-start=\"705\" data-end=\"787\">Garanteeritud s\u00e4ilivusaeg 24 kuud tootmise kuup\u00e4evast, ladustatuna ja niiskuskindlalt suletud originaalpakendis kuivas kohas temperatuuridel +5 \u00b0C kuni +30 \u00b0C. Toode on k\u00fclmakartlik !<\/p>\n<p><strong>Ohutusn\u00f5uded<\/strong><\/p>\n<p data-start=\"705\" data-end=\"787\">V\u00e4ltida kemikaali sattumist nahale ja silma. Kanda sobivaid kaitsekindaid ja silmade v\u00f5i n\u00e4okaitset.<br \/>\nV\u00e4ltida nahale sattumist. T\u00e4psem ohutusinfo on k\u00e4ttesaadav toote ohutuskaardil (SDS).<\/p>\n<p data-start=\"705\" data-end=\"787\"><img loading=\"lazy\" decoding=\"async\" class=\"alignnone size-medium wp-image-118593\" src=\"https:\/\/factory.sale\/wp-content\/uploads\/2025\/09\/Bauteq-moisture-barrier-factory-sale-300x300.webp\" alt=\"niiskust\u00f5ke\" width=\"300\" height=\"300\" srcset=\"https:\/\/factory.sale\/wp-content\/uploads\/2025\/09\/Bauteq-moisture-barrier-factory-sale-300x300.webp 300w, https:\/\/factory.sale\/wp-content\/uploads\/2025\/09\/Bauteq-moisture-barrier-factory-sale-1024x1024.webp 1024w, https:\/\/factory.sale\/wp-content\/uploads\/2025\/09\/Bauteq-moisture-barrier-factory-sale-150x150.webp 150w, https:\/\/factory.sale\/wp-content\/uploads\/2025\/09\/Bauteq-moisture-barrier-factory-sale-768x768.webp 768w, https:\/\/factory.sale\/wp-content\/uploads\/2025\/09\/Bauteq-moisture-barrier-factory-sale-1536x1536.webp 1536w, https:\/\/factory.sale\/wp-content\/uploads\/2025\/09\/Bauteq-moisture-barrier-factory-sale-600x600.webp 600w, https:\/\/factory.sale\/wp-content\/uploads\/2025\/09\/Bauteq-moisture-barrier-factory-sale-100x100.webp 100w, https:\/\/factory.sale\/wp-content\/uploads\/2025\/09\/Bauteq-moisture-barrier-factory-sale.webp 2048w\" sizes=\"auto, (max-width: 300px) 100vw, 300px\" \/><\/p>\n<p data-start=\"705\" data-end=\"787\">Tutvu ohutuskaardi m\u00f5istetega\u00a0<a title=\"siin\" href=\"https:\/\/www.tooelu.ee\/et\/108\/kemikaalid\" target=\"_blank\" rel=\"noopener\">siin<\/a><\/p>\n<p data-start=\"705\" data-end=\"787\">Tutvu teiste sarnaste toodetega <a title=\"siin\" href=\"https:\/\/factory.sale\/et\/product-category\/uldehitus\/ehituskeemia\/\">siin<\/a><\/p>\n","protected":false},"excerpt":{"rendered":"<ul>\n<li>Optimaalse hinnaga toimiv lahendus niiskete ruumide isolatsiooniks veeauru l\u00e4bitungimise vastu.<\/li>\n<li>Esimene niiskust\u00f5ke turul millel on m\u00e4\u00e4ratud veeauru l\u00e4bivoolu kogus, WDD=40g\/m\u00b2\/24h.<\/li>\n<li>Esimene kiht lahjendatakse veega 1:2, teine kiht kasutatakse lahjendamata.<\/li>\n<li>Toimeaine: st\u00fcreen butadieen lateks.<\/li>\n<\/ul>\n","protected":false},"featured_media":118593,"comment_status":"open","ping_status":"closed","template":"","meta":{"_acf_changed":false},"factory":[],"free-shipment":[],"product_brand":[],"product_cat":[163],"product_tag":[],"class_list":{"0":"post-118595","1":"product","2":"type-product","3":"status-publish","4":"has-post-thumbnail","6":"product_cat-ehituskeemia","8":"first","9":"instock","10":"sale","11":"taxable","12":"shipping-taxable","13":"purchasable","14":"product-type-simple"},"acf":[],"_links":{"self":[{"href":"https:\/\/factory.sale\/et\/wp-json\/wp\/v2\/product\/118595","targetHints":{"allow":["GET"]}}],"collection":[{"href":"https:\/\/factory.sale\/et\/wp-json\/wp\/v2\/product"}],"about":[{"href":"https:\/\/factory.sale\/et\/wp-json\/wp\/v2\/types\/product"}],"replies":[{"embeddable":true,"href":"https:\/\/factory.sale\/et\/wp-json\/wp\/v2\/comments?post=118595"}],"wp:featuredmedia":[{"embeddable":true,"href":"https:\/\/factory.sale\/et\/wp-json\/wp\/v2\/media\/118593"}],"wp:attachment":[{"href":"https:\/\/factory.sale\/et\/wp-json\/wp\/v2\/media?parent=118595"}],"wp:term":[{"taxonomy":"factory","embeddable":true,"href":"https:\/\/factory.sale\/et\/wp-json\/wp\/v2\/factory?post=118595"},{"taxonomy":"free-shipment","embeddable":true,"href":"https:\/\/factory.sale\/et\/wp-json\/wp\/v2\/free-shipment?post=118595"},{"taxonomy":"product_brand","embeddable":true,"href":"https:\/\/factory.sale\/et\/wp-json\/wp\/v2\/product_brand?post=118595"},{"taxonomy":"product_cat","embeddable":true,"href":"https:\/\/factory.sale\/et\/wp-json\/wp\/v2\/product_cat?post=118595"},{"taxonomy":"product_tag","embeddable":true,"href":"https:\/\/factory.sale\/et\/wp-json\/wp\/v2\/product_tag?post=118595"}],"curies":[{"name":"wp","href":"https:\/\/api.w.org\/{rel}","templated":true}]}}