{"id":118588,"date":"2025-09-11T10:34:08","date_gmt":"2025-09-11T07:34:59","guid":{"rendered":"https:\/\/factory.sale\/?post_type=product&#038;p=118588"},"modified":"2026-01-28T09:58:41","modified_gmt":"2026-01-28T06:58:41","slug":"bauteq-kontakt","status":"publish","type":"product","link":"https:\/\/factory.sale\/et\/toode\/bauteq-kontakt\/","title":{"rendered":"Bauteq kontakt 7 L &#8211; 15 L"},"content":{"rendered":"<h2><span style=\"font-size: 14pt;\">Mis on Bauteq kontakt?<\/span><\/h2>\n<ul>\n<li>Toode on veep\u00f5hine, liiva sisaldav krunt ehituskonstruktsioonide nakke parandamiseks enne tasandusegu v\u00f5i keraamiliste plaatide paigaldamist.<\/li>\n<li>Sobib lagedele ja seinapindadele nii sise kui v\u00e4listingimustes.<\/li>\n<li>Paigaldatakse lahjendatamata.<\/li>\n<li>Toimeaine: akr\u00fc\u00fclpol\u00fcmeer.<\/li>\n<\/ul>\n<p>&nbsp;<\/p>\n<p><strong>SAADAVAL 2 SUURUST:<\/strong><\/p>\n<p>7 L (kaal: 7 kg) \u2013 13 \u20ac (ilma km-ta)<\/p>\n<p>15 L (kaal: 15 kg) \u2013 26 \u20ac (ilma km-ta)<\/p>\n<p><img loading=\"lazy\" decoding=\"async\" class=\"alignnone size-medium wp-image-118578\" src=\"https:\/\/factory.sale\/wp-content\/uploads\/2025\/09\/Bauteq-contact-factory-sale-300x300.webp\" alt=\"Bauteq kontakt\" width=\"300\" height=\"300\" srcset=\"https:\/\/factory.sale\/wp-content\/uploads\/2025\/09\/Bauteq-contact-factory-sale-300x300.webp 300w, https:\/\/factory.sale\/wp-content\/uploads\/2025\/09\/Bauteq-contact-factory-sale-1024x1024.webp 1024w, https:\/\/factory.sale\/wp-content\/uploads\/2025\/09\/Bauteq-contact-factory-sale-150x150.webp 150w, https:\/\/factory.sale\/wp-content\/uploads\/2025\/09\/Bauteq-contact-factory-sale-768x768.webp 768w, https:\/\/factory.sale\/wp-content\/uploads\/2025\/09\/Bauteq-contact-factory-sale-1536x1536.webp 1536w, https:\/\/factory.sale\/wp-content\/uploads\/2025\/09\/Bauteq-contact-factory-sale-600x600.webp 600w, https:\/\/factory.sale\/wp-content\/uploads\/2025\/09\/Bauteq-contact-factory-sale-100x100.webp 100w, https:\/\/factory.sale\/wp-content\/uploads\/2025\/09\/Bauteq-contact-factory-sale.webp 2048w\" sizes=\"auto, (max-width: 300px) 100vw, 300px\" \/><\/p>\n<p>Tutvu ohutuskaardi m\u00f5istetega\u00a0<a title=\"siin\" href=\"https:\/\/www.tooelu.ee\/et\/108\/kemikaalid\" target=\"_blank\" rel=\"noopener\">siin<\/a><\/p>\n<p>Tutvu teiste sarnaste toodetega\u00a0<a title=\"siin\" href=\"https:\/\/factory.sale\/et\/product-category\/uldehitus\/ehituskeemia\/\">siin<\/a><\/p>\n","protected":false},"excerpt":{"rendered":"<ul>\n<li>Bauteq kontakt on veep\u00f5hine, liiva sisaldav krunt ehituskonstruktsioonide nakke parandamiseks enne tasandusegu v\u00f5i keraamiliste plaatide paigaldamist.<\/li>\n<li>Sobib lagedele ja seinapindadele nii sise kui v\u00e4listingimustes.<\/li>\n<li>Paigaldatakse lahjendatamata.<\/li>\n<li>Toimeaine: akr\u00fc\u00fclpol\u00fcmeer.<\/li>\n<\/ul>\n","protected":false},"featured_media":118578,"comment_status":"open","ping_status":"closed","template":"","meta":{"_acf_changed":false},"factory":[],"free-shipment":[],"product_brand":[],"product_cat":[163],"product_tag":[],"class_list":{"0":"post-118588","1":"product","2":"type-product","3":"status-publish","4":"has-post-thumbnail","6":"product_cat-ehituskeemia","8":"first","9":"instock","10":"sale","11":"taxable","12":"shipping-taxable","13":"purchasable","14":"product-type-simple"},"acf":[],"_links":{"self":[{"href":"https:\/\/factory.sale\/et\/wp-json\/wp\/v2\/product\/118588","targetHints":{"allow":["GET"]}}],"collection":[{"href":"https:\/\/factory.sale\/et\/wp-json\/wp\/v2\/product"}],"about":[{"href":"https:\/\/factory.sale\/et\/wp-json\/wp\/v2\/types\/product"}],"replies":[{"embeddable":true,"href":"https:\/\/factory.sale\/et\/wp-json\/wp\/v2\/comments?post=118588"}],"wp:featuredmedia":[{"embeddable":true,"href":"https:\/\/factory.sale\/et\/wp-json\/wp\/v2\/media\/118578"}],"wp:attachment":[{"href":"https:\/\/factory.sale\/et\/wp-json\/wp\/v2\/media?parent=118588"}],"wp:term":[{"taxonomy":"factory","embeddable":true,"href":"https:\/\/factory.sale\/et\/wp-json\/wp\/v2\/factory?post=118588"},{"taxonomy":"free-shipment","embeddable":true,"href":"https:\/\/factory.sale\/et\/wp-json\/wp\/v2\/free-shipment?post=118588"},{"taxonomy":"product_brand","embeddable":true,"href":"https:\/\/factory.sale\/et\/wp-json\/wp\/v2\/product_brand?post=118588"},{"taxonomy":"product_cat","embeddable":true,"href":"https:\/\/factory.sale\/et\/wp-json\/wp\/v2\/product_cat?post=118588"},{"taxonomy":"product_tag","embeddable":true,"href":"https:\/\/factory.sale\/et\/wp-json\/wp\/v2\/product_tag?post=118588"}],"curies":[{"name":"wp","href":"https:\/\/api.w.org\/{rel}","templated":true}]}}