{"id":118566,"date":"2025-09-11T10:38:03","date_gmt":"2025-09-11T07:38:33","guid":{"rendered":"https:\/\/factory.sale\/?post_type=product&#038;p=118566"},"modified":"2026-01-28T10:08:17","modified_gmt":"2026-01-28T07:08:17","slug":"bauteq-leegipidur","status":"publish","type":"product","link":"https:\/\/factory.sale\/et\/toode\/bauteq-leegipidur\/","title":{"rendered":"Bauteq leegipidur 10L &#8211; 25L"},"content":{"rendered":"<p>Bauteq leegipidur on optimaalse hinnaga puitpindade v\u00e4rvitu s\u00fcttimis \u2013 ja p\u00f5lemisvastane immutusvahend.<br \/>\nSobib kasutamiseks varem katmata, h\u00f6\u00f6veldamata ja h\u00f6\u00f6veldatud ning peensaetud puidule.<br \/>\nLeegipidur on m\u00f5eldud kasutamiseks sise \u2013 ja pooleldi kaitstud v\u00e4listingimustes ning kuivanuna annab puidule tulep\u00fcsivusklassi B.<br \/>\nP\u00f5lengu korral leek sumbub ning pinnale moodustub p\u00f5lemist takistav s\u00f6ekiht.<\/p>\n<p>&nbsp;<\/p>\n<p>&nbsp;<\/p>\n<p><strong>SAADAVAL 2 SUURUST:<\/strong><\/p>\n<p>10 L (kaal: 11,8 kg) \u2013 36,4 \u20ac<\/p>\n<p>25 L (kaal: 29,5 kg) \u2013 85,8 \u20ac<\/p>\n<p>&nbsp;<\/p>\n<h2><span style=\"font-size: 14pt;\"><strong>BAUTEQ LEEGIPIDURI OMADUSED<\/strong><\/span><\/h2>\n<p>Vesialusel, neutraalse pH-ga, v\u00e4rvitu tulekaitsevahend mis imendub h\u00e4sti puitu ja kuivanuna annab puidule tulep\u00fcsivusklassi kuni B-s1,d0. Toimeaineks on kaaliumtsitraat, mis on v\u00f5rreldes halogeene sisaldavate tulet\u00f5kkeainetega \u00f6koloogiline ja tervisele ohutu. P\u00f5lengu korral moodustub BAUTEQ Leegipiduriga t\u00f6\u00f6deldud puitpindadele kiiresti p\u00f5lemist takistav s\u00f6ekiht ning leek sumbub. Pealekandmiseks sobib t\u00f6\u00f6stuslik pihustamine, sissekastmine ning pintsli v\u00f5i rulliga paigaldamine.<\/p>\n<p>&nbsp;<\/p>\n<h2><span style=\"font-size: 14pt;\"><strong>BAUTEQ LEEGIPIDURI KASUTUSKOHAD<\/strong><\/span><\/h2>\n<p>Sobib kasutamiseks h\u00f6\u00f6veldatud ja h\u00f6\u00f6veldamata ning peensaetud, t\u00f6\u00f6tlemata t\u00e4ispuidule eelk\u00f5ige sisetingimustes. V\u00e4listingimustes kasutamisel tuleb arvestada, et toode tuleb kaitsta sobiva ilmastikukindla lasuuri v\u00f5i v\u00e4rviga. Tulekaitsevahendiga t\u00f6\u00f6deldud pindasid saab viimistleda, eelnevalt sobivust testides, immutusvahendiga \u00fchilduvate dekoratiivsete, lahusti baasil puidukaitselasuuride, lakkide ja v\u00e4rvidega. Sel juhul m\u00e4\u00e4rab pinna l\u00f5pliku ekspluatatsiooniaja<br \/>\nviimistlusmaterjal. Toode ei sobi kasutamiseks mitte imavatel ja liimitud pindadel nagu spoon, vineer ja puidu liimitud osad kuna need ei suuda imada piisavalt tulet\u00f5kkekaitsevahendit. Mitteimavatel pindadel tuleb kasutada tulet\u00f5kkelakke ning v\u00e4rve.<\/p>\n<p>&nbsp;<\/p>\n<div class=\"_tableContainer_1rjym_1\">\n<div class=\"_tableWrapper_1rjym_13 group flex w-fit flex-col-reverse\" tabindex=\"-1\">\n<table class=\"w-fit min-w-(--thread-content-width)\" style=\"height: 190px;\" width=\"801\" data-start=\"42\" data-end=\"450\">\n<thead data-start=\"42\" data-end=\"92\">\n<tr data-start=\"42\" data-end=\"92\">\n<th data-start=\"42\" data-end=\"66\" data-col-size=\"sm\"><strong data-start=\"44\" data-end=\"65\">Tehnilised andmed<\/strong><\/th>\n<th data-start=\"66\" data-end=\"77\" data-col-size=\"sm\"><strong data-start=\"68\" data-end=\"76\">\u00dchik<\/strong><\/th>\n<th data-start=\"77\" data-end=\"92\" data-col-size=\"md\"><strong data-start=\"79\" data-end=\"90\">V\u00e4\u00e4rtus<\/strong><\/th>\n<\/tr>\n<\/thead>\n<tbody data-start=\"146\" data-end=\"450\">\n<tr data-start=\"146\" data-end=\"197\">\n<td data-start=\"146\" data-end=\"171\" data-col-size=\"sm\">Kulunorm<\/td>\n<td data-start=\"171\" data-end=\"182\" data-col-size=\"sm\">L\/m\u00b2<\/td>\n<td data-start=\"182\" data-end=\"197\" data-col-size=\"md\">0,35<\/td>\n<\/tr>\n<tr data-start=\"198\" data-end=\"249\">\n<td data-start=\"198\" data-end=\"223\" data-col-size=\"sm\">Suhteline tihedus<\/td>\n<td data-start=\"223\" data-end=\"234\" data-col-size=\"sm\">kg\/L<\/td>\n<td data-start=\"234\" data-end=\"249\" data-col-size=\"md\">1,15<\/td>\n<\/tr>\n<tr data-start=\"250\" data-end=\"301\">\n<td data-start=\"250\" data-end=\"275\" data-col-size=\"sm\">pH<\/td>\n<td data-start=\"275\" data-end=\"286\" data-col-size=\"sm\">\u2013<\/td>\n<td data-start=\"286\" data-end=\"301\" data-col-size=\"md\">6,8\u20137,3<\/td>\n<\/tr>\n<tr data-start=\"302\" data-end=\"392\">\n<td data-start=\"302\" data-end=\"327\" data-col-size=\"sm\">S\u00e4ilivusaeg<\/td>\n<td data-start=\"327\" data-end=\"338\" data-col-size=\"sm\">\u2013<\/td>\n<td data-start=\"338\" data-end=\"392\" data-col-size=\"md\">24 kuud tihedalt suletud originaaltaaras (5\u201330 \u00b0C)<\/td>\n<\/tr>\n<tr data-start=\"393\" data-end=\"450\">\n<td data-start=\"393\" data-end=\"418\" data-col-size=\"sm\">Pakend<\/td>\n<td data-start=\"418\" data-end=\"429\" data-col-size=\"sm\">\u2013<\/td>\n<td data-start=\"429\" data-end=\"450\" data-col-size=\"md\">3 L, 10 L, 25 L<\/td>\n<\/tr>\n<\/tbody>\n<\/table>\n<\/div>\n<\/div>\n<p>&nbsp;<\/p>\n<p><strong>ALUSPIND<\/strong><\/p>\n<p>T\u00f6\u00f6deldav pind peab olema kuiv ning puhas nakkumist takistavatest ainetest. Eemalda tolm, vaha, mustus jm. lahtised osised. Puidul ei tohi olla sinet ega hallitust. Puit ei tohi olla varem t\u00f6\u00f6deldud \u00f5lide, vahade ning kilet moodustavate v\u00e4rvide ja lakkidega. \u00dcldjuhul heledate puiduliikide (kask, kuusk jne.) puhul tulekaitsevahendiga t\u00f6\u00f6tlemisel suurt puidu toonimuutust esile ei teki. K\u00f5rge ekstraktiivainete sisaldusega puiduliikide puhul (tamm, eksootilised puiduliigid jne.) v\u00f5ivad tekkida m\u00e4rgatavad puidu toonimuutused. K\u00f5rge ja varieeruva niiskusega ruumides v\u00f5ib tulet\u00f5kkevahendiga t\u00f6\u00f6deldud pindadel esile tulla hele laigulisus, pind v\u00f5ib muutuda libedaks v\u00f5i pinnale tekkida toote koostises olev sool mille saab lapiga eemaldada.<\/p>\n<p>&nbsp;<\/p>\n<p><strong>SOOVITUSED PEALEKANDMISEL<\/strong><\/p>\n<p>Sega toodet enne kasutamist ja t\u00f6\u00f6 k\u00e4igus. Toode on kasutusevalmis ja ei vaja lahjendamist veega. Pakendi korduval avamisel sulge pakend hoolikalt. Puitpinnad tuleb t\u00f6\u00f6delda k\u00f5igist k\u00fclgedest 2-3 korda saavutamaks kogukulu 0,35 L\/m\u00b2 (400g\/ m\u00b2 ) mis vastavalt MEKA SBI-testi raportile nr 6638-1\/2022 annab tuletundlikkuse klassi B-s1, d0. J\u00e4rgmist kihti v\u00f5ib olenevalt kuivamistingimustest peale kanda u. 2 tunni p\u00e4rast. Liiga pikk vahe (\u00fcle 12 tunni) j\u00e4rgmise tulet\u00f5kkekihi pealekandmisel v\u00f5ib p\u00f5hjustada kehvemat imbuvust. Tulet\u00f5kkeomadused formeeruvad 4-5 p\u00e4eva m\u00f6\u00f6dumisel t\u00f6\u00f6tlemisest. T\u00f6\u00f6vahendite ja riiete puhastamiseks sobib vesi ja seep. T\u00f6\u00f6deldud pindade mehhaaniliste vigastuste puhul on oluline tulekaitsevahendiga uuesti vigastatud kohtades pinnad uuesti \u00fcle t\u00f6\u00f6delda.<\/p>\n<p>&nbsp;<\/p>\n<p>&nbsp;<\/p>\n<div class=\"_tableContainer_1rjym_1\">\n<div class=\"_tableWrapper_1rjym_13 group flex w-fit flex-col-reverse\" tabindex=\"-1\">\n<table class=\"w-fit min-w-(--thread-content-width)\" style=\"height: 271px;\" width=\"606\" data-start=\"49\" data-end=\"579\">\n<thead data-start=\"49\" data-end=\"114\">\n<tr data-start=\"49\" data-end=\"114\">\n<th data-start=\"49\" data-end=\"88\" data-col-size=\"sm\"><strong data-start=\"51\" data-end=\"63\">Tingimus<\/strong><\/th>\n<th data-start=\"88\" data-end=\"114\" data-col-size=\"sm\"><strong data-start=\"90\" data-end=\"101\">V\u00e4\u00e4rtus<\/strong><\/th>\n<\/tr>\n<\/thead>\n<tbody data-start=\"182\" data-end=\"579\">\n<tr data-start=\"182\" data-end=\"247\">\n<td data-start=\"182\" data-end=\"221\" data-col-size=\"sm\">Tulekaitsevahendi temperatuur<\/td>\n<td data-start=\"221\" data-end=\"247\" data-col-size=\"sm\">+15\u202625 \u00b0C<\/td>\n<\/tr>\n<tr data-start=\"248\" data-end=\"313\">\n<td data-start=\"248\" data-end=\"287\" data-col-size=\"sm\">\u00d5hu temperatuur<\/td>\n<td data-start=\"287\" data-end=\"313\" data-col-size=\"sm\">+15\u202640 \u00b0C<\/td>\n<\/tr>\n<tr data-start=\"314\" data-end=\"379\">\n<td data-start=\"314\" data-end=\"353\" data-col-size=\"sm\">\u00d5hu suhteline niiskus<\/td>\n<td data-start=\"353\" data-end=\"379\" data-col-size=\"sm\">40\u201370 %<\/td>\n<\/tr>\n<tr data-start=\"380\" data-end=\"445\">\n<td data-start=\"380\" data-end=\"419\" data-col-size=\"sm\">Puidu niiskus<\/td>\n<td data-start=\"419\" data-end=\"445\" data-col-size=\"sm\">12\u201320 %<\/td>\n<\/tr>\n<tr data-start=\"446\" data-end=\"511\">\n<td data-start=\"446\" data-end=\"485\" data-col-size=\"sm\">J\u00e4rgmise kihi pealekandmine<\/td>\n<td data-start=\"485\" data-end=\"511\" data-col-size=\"sm\">2 tundi *<\/td>\n<\/tr>\n<tr data-start=\"512\" data-end=\"579\">\n<td data-start=\"512\" data-end=\"551\" data-col-size=\"sm\">Lahusti baasil viimistlusvahendi aeg<\/td>\n<td data-start=\"551\" data-end=\"579\" data-col-size=\"sm\">15 tundi<\/td>\n<\/tr>\n<\/tbody>\n<\/table>\n<\/div>\n<p><em>* Andmed on m\u00f5\u00f5detud temperatuuril 20\u00b0C. Kuivamise ja j\u00e4rgmise kihi pealekandmise ajad s\u00f5ltuvad temperatuurist, suhtelisest \u00f5huniiskusest, ventilatsioonist ja peale kantud materjali kogusest.<\/em><\/p>\n<p>&nbsp;<\/p>\n<p><strong>LADUSTAMINE<\/strong><\/p>\n<p>Hoida toodet k\u00fclmumise eest. Parim temperatuur pikaajalisel ladustamisel on +10\u202625\u00b0C. \u00dclaltoodud andmed p\u00f5hinevad laboratoorsetel uuringutel ning praktilistel katsetustel. Valmistaja ei kanna vastutust toote eba\u00f5igest kasutamisest tingitud kahjude eest.<\/p>\n<\/div>\n<p>&nbsp;<\/p>\n<p><a href=\"https:\/\/factory.sale\/wp-content\/uploads\/2025\/09\/Leegipidur_sertifikaat-ET-0323-22-est_STAMPED-1.pdf\" target=\"_blank\" rel=\"noopener\">Vastavussertifikaat<\/a><\/p>\n<p><a href=\"https:\/\/factory.sale\/wp-content\/uploads\/2025\/09\/Sertifikaadi-lisa_Leegipidur_lisa_Z-rev_1_STAMPED.pdf\" target=\"_blank\" rel=\"noopener\">Sertifikaadi lisa<\/a><\/p>\n<p><img loading=\"lazy\" decoding=\"async\" class=\"alignnone size-medium wp-image-118564\" src=\"https:\/\/factory.sale\/wp-content\/uploads\/2025\/09\/Bauteq-flame-proofer-factory-sale-300x300.webp\" alt=\"leegipidur\" width=\"300\" height=\"300\" srcset=\"https:\/\/factory.sale\/wp-content\/uploads\/2025\/09\/Bauteq-flame-proofer-factory-sale-300x300.webp 300w, https:\/\/factory.sale\/wp-content\/uploads\/2025\/09\/Bauteq-flame-proofer-factory-sale-1024x1024.webp 1024w, https:\/\/factory.sale\/wp-content\/uploads\/2025\/09\/Bauteq-flame-proofer-factory-sale-150x150.webp 150w, https:\/\/factory.sale\/wp-content\/uploads\/2025\/09\/Bauteq-flame-proofer-factory-sale-768x768.webp 768w, https:\/\/factory.sale\/wp-content\/uploads\/2025\/09\/Bauteq-flame-proofer-factory-sale-1536x1536.webp 1536w, https:\/\/factory.sale\/wp-content\/uploads\/2025\/09\/Bauteq-flame-proofer-factory-sale-600x600.webp 600w, https:\/\/factory.sale\/wp-content\/uploads\/2025\/09\/Bauteq-flame-proofer-factory-sale-100x100.webp 100w, https:\/\/factory.sale\/wp-content\/uploads\/2025\/09\/Bauteq-flame-proofer-factory-sale.webp 2048w\" sizes=\"auto, (max-width: 300px) 100vw, 300px\" \/><\/p>\n<p>Tutvu ohutuskaardi m\u00f5istetega\u00a0<a title=\"siin\" href=\"https:\/\/www.tooelu.ee\/et\/108\/kemikaalid\" target=\"_blank\" rel=\"noopener\">siin<\/a><\/p>\n<p>Tutvu teiste sarnaste toodetega\u00a0<a title=\"siin\" href=\"https:\/\/factory.sale\/et\/product-category\/uldehitus\/ehituskeemia\/\">siin<\/a><\/p>\n","protected":false},"excerpt":{"rendered":"<p>&nbsp;<\/p>\n<ul>\n<li>Tegemist on looduss\u00f5braliku ning tervisele ohutu vesialusel tootega.<\/li>\n<li>Paigaldatakse lahjendamata 2-3 kihis, toode on hea imbuvusega ka madalamatel temperatuuridel.<\/li>\n<li>Vastavalt v\u00e4rvikaardile on LEEGIPIDUR sisetingimustes toonitav laias valikus lasuursete toonidega.<\/li>\n<li>Toimeaine: s\u00fctt tekitavad kaaliumi\u00fchendid.<\/li>\n<\/ul>\n","protected":false},"featured_media":118564,"comment_status":"open","ping_status":"closed","template":"","meta":{"_acf_changed":false},"factory":[],"free-shipment":[],"product_brand":[],"product_cat":[163],"product_tag":[],"class_list":{"0":"post-118566","1":"product","2":"type-product","3":"status-publish","4":"has-post-thumbnail","6":"product_cat-ehituskeemia","8":"first","9":"instock","10":"sale","11":"taxable","12":"shipping-taxable","13":"purchasable","14":"product-type-simple"},"acf":[],"_links":{"self":[{"href":"https:\/\/factory.sale\/et\/wp-json\/wp\/v2\/product\/118566","targetHints":{"allow":["GET"]}}],"collection":[{"href":"https:\/\/factory.sale\/et\/wp-json\/wp\/v2\/product"}],"about":[{"href":"https:\/\/factory.sale\/et\/wp-json\/wp\/v2\/types\/product"}],"replies":[{"embeddable":true,"href":"https:\/\/factory.sale\/et\/wp-json\/wp\/v2\/comments?post=118566"}],"wp:featuredmedia":[{"embeddable":true,"href":"https:\/\/factory.sale\/et\/wp-json\/wp\/v2\/media\/118564"}],"wp:attachment":[{"href":"https:\/\/factory.sale\/et\/wp-json\/wp\/v2\/media?parent=118566"}],"wp:term":[{"taxonomy":"factory","embeddable":true,"href":"https:\/\/factory.sale\/et\/wp-json\/wp\/v2\/factory?post=118566"},{"taxonomy":"free-shipment","embeddable":true,"href":"https:\/\/factory.sale\/et\/wp-json\/wp\/v2\/free-shipment?post=118566"},{"taxonomy":"product_brand","embeddable":true,"href":"https:\/\/factory.sale\/et\/wp-json\/wp\/v2\/product_brand?post=118566"},{"taxonomy":"product_cat","embeddable":true,"href":"https:\/\/factory.sale\/et\/wp-json\/wp\/v2\/product_cat?post=118566"},{"taxonomy":"product_tag","embeddable":true,"href":"https:\/\/factory.sale\/et\/wp-json\/wp\/v2\/product_tag?post=118566"}],"curies":[{"name":"wp","href":"https:\/\/api.w.org\/{rel}","templated":true}]}}