{"id":118542,"date":"2025-09-11T10:41:48","date_gmt":"2025-09-11T07:43:18","guid":{"rendered":"https:\/\/factory.sale\/?post_type=product&#038;p=118542"},"modified":"2026-01-28T10:11:02","modified_gmt":"2026-01-28T07:11:02","slug":"bauteq-tolmupidur","status":"publish","type":"product","link":"https:\/\/factory.sale\/et\/toode\/bauteq-tolmupidur\/","title":{"rendered":"Bauteq tolmupidur 10 L &#8211; 20 L"},"content":{"rendered":"<h2><span style=\"font-size: 14pt;\"><strong>Bauteq tolmupidur on betooni pinda keemiliselt tugevdav ja tolmuvabaks muutev immutusvahend.<\/strong><\/span><\/h2>\n<p>BAUTEQ Tolmupidur on m\u00f5eldud kasutamiseks t\u00f6\u00f6stus, lao \u2013 ja garaa\u017eip\u00f5randatel ning parklates, muutes p\u00f5randad tolmuvabaks ning suurendamaks p\u00f5randate kulumiskindlust, veeh\u00fclgavust ja vastupidavust kemikaalidele. S\u00e4ilib betooni v\u00e4rv, pinnaviimistlus ning p\u00f5randa hingavus. Tegemist on immutusvahendiga mis tungides betooni pooridesse, reageerides betooniga muudab pinna \u00fchtlaseks, tihedaks ja kristalseks ning t\u00e4nu lisanditele suurendab vetth\u00fclgavust ning \u00f5lidekindlust. Vee toimel muutub vaba toimeaine geeliks mis liigub ja tihendab poorse pinna, pakkudes betoonpinnale kaitset kogu ekspluatatsiooniaja jooksul. Tolmupidur ei sobi kasutamiseks looduskivipindadel ega v\u00e4listingimustes.<\/p>\n<p>&nbsp;<\/p>\n<p><strong>SAADAVAL 2 SUURUST:<\/strong><\/p>\n<p>10 L (kaal: 11,8 kg) \u2013 14,3 \u20ac (ilma km-ta)<\/p>\n<p>20 L (kaal: 23,6 kg) \u2013 27,3 \u20ac (ilma km-ta)<\/p>\n<p>&nbsp;<\/p>\n<div class=\"_tableContainer_1rjym_1\">\n<div class=\"_tableWrapper_1rjym_13 group flex w-fit flex-col-reverse\" tabindex=\"-1\">\n<table class=\"w-fit min-w-(--thread-content-width)\" style=\"height: 112px;\" width=\"607\" data-start=\"42\" data-end=\"314\">\n<thead data-start=\"42\" data-end=\"94\">\n<tr data-start=\"42\" data-end=\"94\">\n<th data-start=\"42\" data-end=\"66\" data-col-size=\"sm\"><strong data-start=\"44\" data-end=\"65\">Tehnilised andmed<\/strong><\/th>\n<th data-start=\"66\" data-end=\"77\" data-col-size=\"sm\"><strong data-start=\"68\" data-end=\"76\">\u00dchik<\/strong><\/th>\n<th data-start=\"77\" data-end=\"94\" data-col-size=\"sm\"><strong data-start=\"79\" data-end=\"90\">V\u00e4\u00e4rtus<\/strong><\/th>\n<\/tr>\n<\/thead>\n<tbody data-start=\"150\" data-end=\"314\">\n<tr data-start=\"150\" data-end=\"204\">\n<td data-start=\"150\" data-end=\"176\" data-col-size=\"sm\">Tihedus<\/td>\n<td data-start=\"176\" data-end=\"187\" data-col-size=\"sm\">g\/ml<\/td>\n<td data-start=\"187\" data-end=\"204\" data-col-size=\"sm\">1,2<\/td>\n<\/tr>\n<tr data-start=\"205\" data-end=\"259\">\n<td data-start=\"205\" data-end=\"231\" data-col-size=\"sm\">pH<\/td>\n<td data-start=\"231\" data-end=\"242\" data-col-size=\"sm\">\u2013<\/td>\n<td data-start=\"242\" data-end=\"259\" data-col-size=\"sm\">10\u201311<\/td>\n<\/tr>\n<tr data-start=\"260\" data-end=\"314\">\n<td data-start=\"260\" data-end=\"286\" data-col-size=\"sm\">V\u00e4rvus<\/td>\n<td data-start=\"286\" data-end=\"297\" data-col-size=\"sm\">\u2013<\/td>\n<td data-start=\"297\" data-end=\"314\" data-col-size=\"sm\">L\u00e4bipaistev<\/td>\n<\/tr>\n<\/tbody>\n<\/table>\n<\/div>\n<\/div>\n<p data-start=\"316\" data-end=\"398\"><em>*Toodud parameetrid on m\u00f5\u00f5detud tingimustel 23 \u00b0C ja 50% suhtelist \u00f5huniiskust.<\/em><\/p>\n<p>&nbsp;<\/p>\n<p>Kasutamistingimused<\/p>\n<p>V\u00e4rsked betoonpinnad peavad enne immutamist olema kivinenud v\u00e4hemalt 20 p\u00e4eva temperatuuril 15\u00b0C kuni 20 \u00b0C. \u00d5hu ning aluspinna temperatuur immutamisel peab olema 10\u00b0C kuni 25\u00b0C. Kaetav pind peab olema puhas, kuiv ja tolmuvaba.<\/p>\n<h2><span style=\"font-size: 14pt;\"><strong>Bauteq tolmupiduri kasutusjuhend<\/strong><\/span><\/h2>\n<p><strong>Pind immutatakse kolmes j\u00e4rgus.<\/strong><\/p>\n<p>1. Segada 1 osa Tolmupidurit 2 osa veega (1:2) ja kanda betooni pinnale pehme harja abil., Lahust tuleb pinnale kanda rikkalikult, et see imbuks v\u00f4imalikult s\u00fcgavale betooni sisse. 10 min. p\u00e4rast eemaldada \u00fcleliigne lahuse hulk ja lasta pinnnal kuivada 40-60 min.<br \/>\n2. Segada 1 osa Tolmupidurit 1 osa veega (1:1) ja kanda betooni pinnale nagu eelnevalt. 10 min. p\u00e4rast eemaldada liigne lahuse hulk ja lasta pinnal kuivada 40-60 min.<br \/>\n3. Segada 2 osa Tolmupidurit 1 osa veega (2:1) ja kanda segu betooni pinnale nagu eelnevatel kordadel. Oodata 10 min. misj\u00e4rel eemaldada \u00fcleliigne hulk pinnal olevat lahust.<br \/>\n<em>On \u00e4\u00e4rmiselt oluline eemaldada kogu sisseimbumata lahus, et pinnale ei j\u00e4\u00e4ks loike, vastasel juhul v\u00f4ivad hiljem j\u00e4\u00e4da valged soolalaigud T\u00f6\u00f6deldud pind peab saama enne ekspluatatsiooni kuivada v\u00e4hemalt 24h.<\/em><\/p>\n<p>NB! PINNA T\u00d6\u00d6TLEMISE KOLM ETAPPI TEHA J\u00c4RJESTIKKU, vastasel juhul suleb kivinenud materjal betooni poorid ning ei lase paigaldada \u00f5iget kulunormi. Sel juhul j\u00e4\u00e4b Tolmupiduri time puudulikulks ning betooni pinnale v\u00f5ivad j\u00e4\u00e4da laigud.<\/p>\n<p>&nbsp;<\/p>\n<p><strong>Kulunorm<\/strong><\/p>\n<p>Pinna immutamisel kolmes j\u00e4rgus on lahjendamata Tolmupiduri kulu 0,5 l\/m\u00b2.<\/p>\n<p>&nbsp;<\/p>\n<p><strong>S\u00e4ilitamine<\/strong><\/p>\n<p>Garanteeritud s\u00e4ilivusaeg 24 kuud tootmise kuup\u00e4evast, ladustatuna ja niiskuskindlalt suletud<br \/>\noriginaalpakendis kuivas kohas temperatuuridel +5 \u00b0C kuni +30 \u00b0C. Hoida k\u00fclma eest !<\/p>\n<p>&nbsp;<\/p>\n<p><strong>Ohutusn\u00f5uded<\/strong><\/p>\n<p>\u00c4rritab silmi, hingamiselundeid ja nahka. Silma sattumisel loputage kohe rohke veega ja p\u00f6\u00f6rduge arsti poole. Kanda sobivaid kaitsekindaid. Hoida lasyele k\u00e4ttesaamatus kohas. T\u00e4psem ohutusinfo on k\u00e4ttesaadav toote ohutuskaardil (SDS).<\/p>\n<p>&nbsp;<\/p>\n<p><a href=\"https:\/\/factory.sale\/wp-content\/uploads\/2025\/09\/Bauteq-Tolmupidur-SDS_EST.pdf\" target=\"_blank\" rel=\"noopener\">Ohutuskaart<\/a><\/p>\n<p>&nbsp;<\/p>\n<p><em>Tootekirjelduses esitatud andmed p\u00f5hinevad toodete praktilisel kasutamisel ja laboris tehtud katsetel. K\u00f5ik esitatud<\/em> <em>v\u00e4\u00e4rtused on suunavad ja s\u00f5ltuvad \u00fcmbritsevast keskkonnast mille m\u00f5ju m\u00e4\u00e4rab tegeliku tulemuse. Kinnitame, et toote<\/em> <em>kvaliteet vastab sisestele kvaliteedinormidele kuid tootja ei saa m\u00f5jutada toote kasutus v\u00f5i t\u00f6\u00f6olude eest ega v\u00f5tta<\/em> <em>vastutust, samuti ei vastuta tootja kahjude eest mis tulenevad toote kasutamisel kasutusjuhendi eiramisest v\u00f5i kasutamisel<\/em> <em>kasutusotstarbe vastaselt. K\u00e4esolevad katsetulemused kehtivad ainult konkreetsetel tingimustel katsetatud toote kohta.<\/em><\/p>\n<p><img loading=\"lazy\" decoding=\"async\" class=\"alignnone size-medium wp-image-118539\" src=\"https:\/\/factory.sale\/wp-content\/uploads\/2025\/09\/Bauteq-dust-proofer-factory-sale-300x300.webp\" alt=\"\" width=\"300\" height=\"300\" srcset=\"https:\/\/factory.sale\/wp-content\/uploads\/2025\/09\/Bauteq-dust-proofer-factory-sale-300x300.webp 300w, https:\/\/factory.sale\/wp-content\/uploads\/2025\/09\/Bauteq-dust-proofer-factory-sale-1024x1024.webp 1024w, https:\/\/factory.sale\/wp-content\/uploads\/2025\/09\/Bauteq-dust-proofer-factory-sale-150x150.webp 150w, https:\/\/factory.sale\/wp-content\/uploads\/2025\/09\/Bauteq-dust-proofer-factory-sale-768x768.webp 768w, https:\/\/factory.sale\/wp-content\/uploads\/2025\/09\/Bauteq-dust-proofer-factory-sale-1536x1536.webp 1536w, https:\/\/factory.sale\/wp-content\/uploads\/2025\/09\/Bauteq-dust-proofer-factory-sale-600x600.webp 600w, https:\/\/factory.sale\/wp-content\/uploads\/2025\/09\/Bauteq-dust-proofer-factory-sale-100x100.webp 100w, https:\/\/factory.sale\/wp-content\/uploads\/2025\/09\/Bauteq-dust-proofer-factory-sale.webp 2048w\" sizes=\"auto, (max-width: 300px) 100vw, 300px\" \/><\/p>\n<p>Tutvu ohutuskaardi m\u00f5istetega\u00a0<a title=\"siin\" href=\"https:\/\/www.tooelu.ee\/et\/108\/kemikaalid\" target=\"_blank\" rel=\"noopener\">siin<\/a><\/p>\n<p>Tutvu teiste sarnaste toodetega\u00a0<a title=\"siin\" href=\"https:\/\/factory.sale\/et\/product-category\/uldehitus\/ehituskeemia\/\">siin<\/a><\/p>\n","protected":false},"excerpt":{"rendered":"<p><strong>Betooni pinda keemiliselt tugevdav ja tolmuvabaks muutev immutusvahend.<\/strong><\/p>\n<p>BAUTEQ Tolmupidur on m\u00f5eldud kasutamiseks t\u00f6\u00f6stus, lao \u2013 ja garaa\u017eip\u00f5randatel ning parklates, muutes p\u00f5randad tolmuvabaks ning suurendamaks p\u00f5randate kulumiskindlust, veeh\u00fclgavust ja vastupidavust kemikaalidele. S\u00e4ilib betooni v\u00e4rv, pinnaviimistlus ning p\u00f5randa hingavus. Tegemist on immutusvahendiga mis tungides betooni pooridesse, reageerides betooniga muudab pinna \u00fchtlaseks, tihedaks ja kristalseks ning t\u00e4nu lisanditele suurendab vetth\u00fclgavust ning \u00f5lidekindlust.<\/p>\n","protected":false},"featured_media":118539,"comment_status":"open","ping_status":"closed","template":"","meta":{"_acf_changed":false},"factory":[],"free-shipment":[],"product_brand":[],"product_cat":[163],"product_tag":[],"class_list":{"0":"post-118542","1":"product","2":"type-product","3":"status-publish","4":"has-post-thumbnail","6":"product_cat-ehituskeemia","8":"first","9":"instock","10":"sale","11":"taxable","12":"shipping-taxable","13":"purchasable","14":"product-type-simple"},"acf":[],"_links":{"self":[{"href":"https:\/\/factory.sale\/et\/wp-json\/wp\/v2\/product\/118542","targetHints":{"allow":["GET"]}}],"collection":[{"href":"https:\/\/factory.sale\/et\/wp-json\/wp\/v2\/product"}],"about":[{"href":"https:\/\/factory.sale\/et\/wp-json\/wp\/v2\/types\/product"}],"replies":[{"embeddable":true,"href":"https:\/\/factory.sale\/et\/wp-json\/wp\/v2\/comments?post=118542"}],"wp:featuredmedia":[{"embeddable":true,"href":"https:\/\/factory.sale\/et\/wp-json\/wp\/v2\/media\/118539"}],"wp:attachment":[{"href":"https:\/\/factory.sale\/et\/wp-json\/wp\/v2\/media?parent=118542"}],"wp:term":[{"taxonomy":"factory","embeddable":true,"href":"https:\/\/factory.sale\/et\/wp-json\/wp\/v2\/factory?post=118542"},{"taxonomy":"free-shipment","embeddable":true,"href":"https:\/\/factory.sale\/et\/wp-json\/wp\/v2\/free-shipment?post=118542"},{"taxonomy":"product_brand","embeddable":true,"href":"https:\/\/factory.sale\/et\/wp-json\/wp\/v2\/product_brand?post=118542"},{"taxonomy":"product_cat","embeddable":true,"href":"https:\/\/factory.sale\/et\/wp-json\/wp\/v2\/product_cat?post=118542"},{"taxonomy":"product_tag","embeddable":true,"href":"https:\/\/factory.sale\/et\/wp-json\/wp\/v2\/product_tag?post=118542"}],"curies":[{"name":"wp","href":"https:\/\/api.w.org\/{rel}","templated":true}]}}