{"id":118527,"date":"2025-09-11T10:50:14","date_gmt":"2025-09-11T07:51:12","guid":{"rendered":"https:\/\/factory.sale\/?post_type=product&#038;p=118527"},"modified":"2026-01-28T09:24:16","modified_gmt":"2026-01-28T06:24:16","slug":"bauteq-imperbox","status":"publish","type":"product","link":"https:\/\/factory.sale\/et\/toode\/bauteq-imperbox\/","title":{"rendered":"Bauteq imperbox 14 L-21 L"},"content":{"rendered":"<h2><span style=\"font-size: 14pt;\"><strong>BAUTEQ IMPERBOX \u2013 kasutusvalmis h\u00fcdroisolatsioonimastiks<\/strong><\/span><\/h2>\n<p>BAUTEQ Imperbox on kvaliteetne ja kasutusvalmis h\u00fcdroisolatsioonimastiks, mis on m\u00f5eldud sisetingimustes k\u00f5ikide m\u00e4rgade ruumide (n\u00e4iteks vannitoad, pesuruumid, k\u00f6\u00f6gid) veekindlaks t\u00f6\u00f6tlemiseks. Toode loob elastse ja veekindla kihi, mis kaitseb aluspinda niiskuse ning vee l\u00e4bitungimise eest.<\/p>\n<p>&nbsp;<\/p>\n<p><strong>SAADAVAL 2 SUURUST:<\/strong><\/p>\n<p>14 L (kaal: 14 kg) &#8211; 42.9 \u20ac (ilma km-ta)<\/p>\n<p>21 L (kaal: 21 kg) &#8211; 61.1 \u20ac (ilma km-ta)<\/p>\n<p>&nbsp;<\/p>\n<h2><span style=\"font-size: 14pt;\"><strong>Bauteq imperboxi omadused:<\/strong><\/span><\/h2>\n<ul>\n<li>Sobib kasutamiseks betoonil, krohvil, kipsplaadil, ehitusplaatidel ja muudel mineraalsetel pindadel.<\/li>\n<li>Moodustab paindliku kihi, mis katab ka mikropraod (pragude sillamisa v\u00f5ime \u2265 0,75 mm).<\/li>\n<li>V\u00e4ga madal veeimavus (\u2264 0,4 %).<\/li>\n<li>Lihtne peale kanda pintsliga, rulli v\u00f5i spaatliga.<\/li>\n<li>Kasutusvalmis \u2013 ei vaja segamist.<\/li>\n<\/ul>\n<p>&nbsp;<\/p>\n<p><strong>Tehnilised andmed:<\/strong><\/p>\n<ul>\n<li>Kulu: 0,8\u20131,2 kg\/m\u00b2 (0,6\u20130,8 l\/m\u00b2)<\/li>\n<li>Kuivamisaeg: 2 h (23 \u00b0C, 50% RH)<\/li>\n<\/ul>\n<p>&nbsp;<\/p>\n<p><strong>Kasutusvaldkond:<\/strong><\/p>\n<p>Imperbox on ideaalne lahendus m\u00e4rgruumide seintele ja p\u00f5randatele enne plaatimist v\u00f5i muu viimistluskihi paigaldamist. See tagab pikaajalise kaitse niiskuskahjustuste vastu ja suurendab aluspinna vastupidavust.<\/p>\n<p><img loading=\"lazy\" decoding=\"async\" class=\"alignnone size-medium wp-image-118525\" src=\"https:\/\/factory.sale\/wp-content\/uploads\/2025\/09\/Bauteq-imperbox-factory-sale-300x300.webp\" alt=\"\" width=\"300\" height=\"300\" srcset=\"https:\/\/factory.sale\/wp-content\/uploads\/2025\/09\/Bauteq-imperbox-factory-sale-300x300.webp 300w, https:\/\/factory.sale\/wp-content\/uploads\/2025\/09\/Bauteq-imperbox-factory-sale-1024x1024.webp 1024w, https:\/\/factory.sale\/wp-content\/uploads\/2025\/09\/Bauteq-imperbox-factory-sale-150x150.webp 150w, https:\/\/factory.sale\/wp-content\/uploads\/2025\/09\/Bauteq-imperbox-factory-sale-768x768.webp 768w, https:\/\/factory.sale\/wp-content\/uploads\/2025\/09\/Bauteq-imperbox-factory-sale-1536x1536.webp 1536w, https:\/\/factory.sale\/wp-content\/uploads\/2025\/09\/Bauteq-imperbox-factory-sale-600x600.webp 600w, https:\/\/factory.sale\/wp-content\/uploads\/2025\/09\/Bauteq-imperbox-factory-sale-100x100.webp 100w, https:\/\/factory.sale\/wp-content\/uploads\/2025\/09\/Bauteq-imperbox-factory-sale.webp 2048w\" sizes=\"auto, (max-width: 300px) 100vw, 300px\" \/><\/p>\n<p>Tutvu ohutuskaardi m\u00f5istetega\u00a0<a title=\"siin\" href=\"https:\/\/www.tooelu.ee\/et\/108\/kemikaalid\" target=\"_blank\" rel=\"noopener\">siin<\/a><\/p>\n<p>Tutvu teiste sarnaste toodetega\u00a0<a title=\"siin\" href=\"https:\/\/factory.sale\/et\/product-category\/uldehitus\/ehituskeemia\/\">siin<\/a><\/p>\n","protected":false},"excerpt":{"rendered":"<p>BAUTEQ Imperbox on kvaliteetne ja kasutusvalmis h\u00fcdroisolatsioonimastiks, mis on m\u00f5eldud sisetingimustes k\u00f5ikide m\u00e4rgade ruumide (n\u00e4iteks vannitoad, pesuruumid, k\u00f6\u00f6gid) veekindlaks t\u00f6\u00f6tlemiseks. Toode loob elastse ja veekindla kihi, mis kaitseb aluspinda niiskuse ning vee l\u00e4bitungimise eest.<\/p>\n","protected":false},"featured_media":118525,"comment_status":"open","ping_status":"closed","template":"","meta":{"_acf_changed":false},"factory":[],"free-shipment":[],"product_brand":[],"product_cat":[163],"product_tag":[],"class_list":{"0":"post-118527","1":"product","2":"type-product","3":"status-publish","4":"has-post-thumbnail","6":"product_cat-ehituskeemia","8":"first","9":"instock","10":"sale","11":"taxable","12":"shipping-taxable","13":"purchasable","14":"product-type-simple"},"acf":[],"_links":{"self":[{"href":"https:\/\/factory.sale\/et\/wp-json\/wp\/v2\/product\/118527","targetHints":{"allow":["GET"]}}],"collection":[{"href":"https:\/\/factory.sale\/et\/wp-json\/wp\/v2\/product"}],"about":[{"href":"https:\/\/factory.sale\/et\/wp-json\/wp\/v2\/types\/product"}],"replies":[{"embeddable":true,"href":"https:\/\/factory.sale\/et\/wp-json\/wp\/v2\/comments?post=118527"}],"wp:featuredmedia":[{"embeddable":true,"href":"https:\/\/factory.sale\/et\/wp-json\/wp\/v2\/media\/118525"}],"wp:attachment":[{"href":"https:\/\/factory.sale\/et\/wp-json\/wp\/v2\/media?parent=118527"}],"wp:term":[{"taxonomy":"factory","embeddable":true,"href":"https:\/\/factory.sale\/et\/wp-json\/wp\/v2\/factory?post=118527"},{"taxonomy":"free-shipment","embeddable":true,"href":"https:\/\/factory.sale\/et\/wp-json\/wp\/v2\/free-shipment?post=118527"},{"taxonomy":"product_brand","embeddable":true,"href":"https:\/\/factory.sale\/et\/wp-json\/wp\/v2\/product_brand?post=118527"},{"taxonomy":"product_cat","embeddable":true,"href":"https:\/\/factory.sale\/et\/wp-json\/wp\/v2\/product_cat?post=118527"},{"taxonomy":"product_tag","embeddable":true,"href":"https:\/\/factory.sale\/et\/wp-json\/wp\/v2\/product_tag?post=118527"}],"curies":[{"name":"wp","href":"https:\/\/api.w.org\/{rel}","templated":true}]}}