{"id":118521,"date":"2025-09-11T10:55:10","date_gmt":"2025-09-11T07:56:54","guid":{"rendered":"https:\/\/factory.sale\/?post_type=product&#038;p=118521"},"modified":"2025-09-22T11:38:19","modified_gmt":"2025-09-22T08:38:19","slug":"nakkedispersioon-bauteq-praimer","status":"publish","type":"product","link":"https:\/\/factory.sale\/et\/toode\/nakkedispersioon-bauteq-praimer\/","title":{"rendered":"Nakkedispersioon Bauteq praimer"},"content":{"rendered":"<h1><span style=\"font-size: 14pt;\"><strong>Nakkedispersioon Bauteq praimer on nakkekrunt betooni, ehitusplaatide ning muude kivipindade kruntimiseks<\/strong><\/span><\/h1>\n<p>BAUTEQ Praimer on spetsiaalselt valitud optimaalse hinna ja kasutusefektiivsusega nakkekrunt erinevate kivipindade kruntimiseks. Kasutatakse ka m\u00e4rgade ruumide s\u00fcsteemis, h\u00fcdroisolatsioonmastiksi Imperbox aluskrundina, samuti seinapindade tolmamise t\u00f5kestamiseks ja n\u00f5rkade pindade tugevdamiseks.<\/p>\n<p>&nbsp;<\/p>\n<p><strong>SAADAVAL 2 SUURUST:<\/strong><\/p>\n<p>10 L (kaal: 11,8 kg) &#8211; 29.9 \u20ac (ilma km-ta)<\/p>\n<p>25 L (kaal: 29,5 kg) &#8211; 70.2 \u20ac (ilma km-ta)<\/p>\n<p>&nbsp;<\/p>\n<p>&nbsp;<\/p>\n<div class=\"_tableContainer_1rjym_1\">\n<div class=\"_tableWrapper_1rjym_13 group flex w-fit flex-col-reverse\" tabindex=\"-1\">\n<table class=\"w-fit min-w-(--thread-content-width)\" style=\"height: 182px;\" width=\"547\" data-start=\"52\" data-end=\"420\">\n<thead data-start=\"52\" data-end=\"102\">\n<tr data-start=\"52\" data-end=\"102\">\n<th data-start=\"52\" data-end=\"76\" data-col-size=\"sm\"><strong data-start=\"54\" data-end=\"75\">Tehnilised andmed<\/strong><\/th>\n<th data-start=\"76\" data-end=\"87\" data-col-size=\"sm\"><strong data-start=\"78\" data-end=\"86\">\u00dchik<\/strong><\/th>\n<th data-start=\"87\" data-end=\"102\" data-col-size=\"sm\"><strong data-start=\"89\" data-end=\"100\">V\u00e4\u00e4rtus<\/strong><\/th>\n<\/tr>\n<\/thead>\n<tbody data-start=\"156\" data-end=\"420\">\n<tr data-start=\"156\" data-end=\"208\">\n<td data-start=\"156\" data-end=\"182\" data-col-size=\"sm\">Kulunorm<\/td>\n<td data-start=\"182\" data-end=\"193\" data-col-size=\"sm\">m\u00b2 \/ L<\/td>\n<td data-start=\"193\" data-end=\"208\" data-col-size=\"sm\">8\u201320<\/td>\n<\/tr>\n<tr data-start=\"209\" data-end=\"261\">\n<td data-start=\"209\" data-end=\"235\" data-col-size=\"sm\">L\u00f5plik kuivamine<\/td>\n<td data-start=\"235\" data-end=\"246\" data-col-size=\"sm\">tund<\/td>\n<td data-start=\"246\" data-end=\"261\" data-col-size=\"sm\">1\u20133<\/td>\n<\/tr>\n<tr data-start=\"262\" data-end=\"314\">\n<td data-start=\"262\" data-end=\"288\" data-col-size=\"sm\">Tihedus<\/td>\n<td data-start=\"288\" data-end=\"299\" data-col-size=\"sm\">g\/cm\u00b3<\/td>\n<td data-start=\"299\" data-end=\"314\" data-col-size=\"sm\">1,03<\/td>\n<\/tr>\n<tr data-start=\"315\" data-end=\"367\">\n<td data-start=\"315\" data-end=\"341\" data-col-size=\"sm\">pH<\/td>\n<td data-start=\"341\" data-end=\"352\" data-col-size=\"sm\">\u2013<\/td>\n<td data-start=\"352\" data-end=\"367\" data-col-size=\"sm\">7\u20138<\/td>\n<\/tr>\n<tr data-start=\"368\" data-end=\"420\">\n<td data-start=\"368\" data-end=\"394\" data-col-size=\"sm\">V\u00e4rvus<\/td>\n<td data-start=\"394\" data-end=\"405\" data-col-size=\"sm\">\u2013<\/td>\n<td data-start=\"405\" data-end=\"420\" data-col-size=\"sm\">Kollane<\/td>\n<\/tr>\n<\/tbody>\n<\/table>\n<\/div>\n<\/div>\n<p data-start=\"422\" data-end=\"504\"><em>Toodud parameetrid on m\u00f5\u00f5detud tingimustel 23 \u00b0C ja 50% suhtelist \u00f5huniiskust.<\/em><\/p>\n<p>&nbsp;<\/p>\n<p><span style=\"font-size: 14pt;\"><strong>BAUTEQ Praimer ei ole otseselt m\u00f5eldud kasutamiseks segulisandina.<\/strong><\/span><\/p>\n<h2><span style=\"font-size: 14pt;\"><strong> Nakkedispersioon Bauteq praimeri kasutusalad<\/strong><\/span><\/h2>\n<p>P\u00f5randapindade ja seinapindade kruntimiseks enne tasandussegude v\u00f5i plaatimissegude paigaldamist. P\u00f5randapindade tugevdamiseks ja kulumiskindluse suurendamiseks. Krohvipindade tugevdamiseks ja nakke parandamiseks enne pealiskrohvide v\u00f5i pinnakatete paigaldamist. Probleemsete aluspindade tugevdamiseks enne plaatimist. Kivipindade kaitseks vee ja leeliste suhtes.<\/p>\n<p><strong>Sobivad aluspinnad<\/strong><\/p>\n<p>Betoon, m\u00f6rt, tellis, looduslik kivi, poorbetoon, puit ja puitlaastplaadid, pol\u00fcmeersed materjalid jne.<\/p>\n<p>&nbsp;<\/p>\n<p><strong>Kasutamistingimused<\/strong><\/p>\n<p>\u00dcmbritseva \u00f5hu ja aluspinna temperatuur peab olema v\u00e4hemalt +10\u00b0C ja \u00f5huniiskus kuni 80%. Kaetav pind peab olema puhas, kuiv ja tolmuvaba. Pinnale kanda v\u00e4rvirulli, pihusti v\u00f5i pintsliga.<\/p>\n<p>&nbsp;<\/p>\n<p><strong>Kasutusjuhend<\/strong><br \/>\n<strong>P\u00d5RANDAD:<\/strong><\/p>\n<p>1. Tasandamisele kuuluvad p\u00f5randapinnad (p\u00f5randate kruntimine nakke parandamiseks enne<br \/>\ntasandamist p\u00f5randatasandussegudega) dispersioon: vesi, 1:3 kuni 1:5<br \/>\n2. Betoonviimistluskihid, k\u00e4sitsi tasandatavad p\u00f5randatasanduskihid (p\u00f5randate tugevdamine ja<br \/>\nkulumiskindluse suurendamine) dispersioon: vesi, 1:3 kuni 1:10<br \/>\n3. Betoonp\u00f5randapinnad (n\u00f5rkade pindade tugevdamine) dispersioon: vesi, 1:5 kuni 1:10<\/p>\n<p>&nbsp;<\/p>\n<p><strong>SEINAD JA LAED:<\/strong><\/p>\n<p>1. Krohv (nakke tugevdamine), dispersioon: vesi, 1:3 &#8211; 1:10 v\u00f5i kuni 1:15<br \/>\n2. Tsementm\u00f6rdid 1-5 mm (nakke tugevdamine), dispersioon: vesi, 1:3<br \/>\n3. Tsementm\u00f6rdid 5-20 mm (nakke tugevdamine), dispersioon: vesi, 1:5<br \/>\n4. Krohvi ja lubjapinnad (n\u00f5rkade pindade tugevdamine, kanda dispersioon pinnale harja v\u00f5i pintsli<br \/>\nabil ja lasta \u00e4ra kuivada) dispersioon: vesi, 1:10 , lubjapindadel kuni 1:20<\/p>\n<p>&nbsp;<\/p>\n<p><strong>Mitteimavatel pindadel kasutada lahjendamata nakkekrunti.<\/strong><\/p>\n<p>Enne h\u00fcdroisolatsioonmastiksi BAUTEQ Imperbox paigaldamist kruntida imavad p\u00f5randa ja seinapinnad vastavalt \u00fclal toodud kasutusjuhendile.<\/p>\n<p>&nbsp;<\/p>\n<p>T\u00f6\u00f6lahuse saamiseks segatakse BAUTEQ Praimer veega j\u00e4rgides \u00fclal toodud dispersiooni ja vee suhet. Kruntimisel kantakse nakkekrunt pinnale nii, et ei j\u00e4\u00e4ks loike krunditavale pinnale. Pindade tugevdamisel tuleb enne nakkekrundiga immutamist eemaldada lahtine tolm.<\/p>\n<p>&nbsp;<\/p>\n<p><strong>S\u00e4ilitamine<\/strong><\/p>\n<p>Garanteeritud s\u00e4ilivusaeg 24 kuud tootmise kuup\u00e4evast, ladustatuna ja niiskuskindlalt suletud originaalpakendis kuivas kohas temperatuuridel +5 \u00b0C kuni +30 \u00b0C. Toode on k\u00fclmakartlik !<\/p>\n<p>&nbsp;<\/p>\n<p><strong>Ohutusn\u00f5uded<\/strong><\/p>\n<p>V\u00e4ltida kemikaali sattumist nahale ja silma. Kanda sobivaid kaitsekindaid ja silmade v\u00f5i n\u00e4okaitset.<br \/>\nV\u00e4ltida nahale sattumist. T\u00e4psem ohutusinfo on k\u00e4ttesaadav toote ohutuskaardil (SDS)<\/p>\n<p><img loading=\"lazy\" decoding=\"async\" class=\"alignnone size-medium wp-image-118493\" src=\"https:\/\/factory.sale\/wp-content\/uploads\/2025\/09\/BAUTEQ-PRAIMER-factory-sale-300x300.webp\" alt=\"Bauteq praimer\" width=\"300\" height=\"300\" srcset=\"https:\/\/factory.sale\/wp-content\/uploads\/2025\/09\/BAUTEQ-PRAIMER-factory-sale-300x300.webp 300w, https:\/\/factory.sale\/wp-content\/uploads\/2025\/09\/BAUTEQ-PRAIMER-factory-sale-1024x1024.webp 1024w, https:\/\/factory.sale\/wp-content\/uploads\/2025\/09\/BAUTEQ-PRAIMER-factory-sale-150x150.webp 150w, https:\/\/factory.sale\/wp-content\/uploads\/2025\/09\/BAUTEQ-PRAIMER-factory-sale-768x768.webp 768w, https:\/\/factory.sale\/wp-content\/uploads\/2025\/09\/BAUTEQ-PRAIMER-factory-sale-1536x1536.webp 1536w, https:\/\/factory.sale\/wp-content\/uploads\/2025\/09\/BAUTEQ-PRAIMER-factory-sale-600x600.webp 600w, https:\/\/factory.sale\/wp-content\/uploads\/2025\/09\/BAUTEQ-PRAIMER-factory-sale-100x100.webp 100w, https:\/\/factory.sale\/wp-content\/uploads\/2025\/09\/BAUTEQ-PRAIMER-factory-sale.webp 2048w\" sizes=\"auto, (max-width: 300px) 100vw, 300px\" \/><\/p>\n<p>Tutvu ohutuskaardi m\u00f5istetega\u00a0<a title=\"siin\" href=\"https:\/\/www.tooelu.ee\/et\/108\/kemikaalid\" target=\"_blank\" rel=\"noopener\">siin<\/a><\/p>\n<p>Tutvu teiste sarnaste toodetega <a title=\"siin\" href=\"https:\/\/factory.sale\/et\/product-category\/uldehitus\/ehituskeemia\/\">siin<\/a><\/p>\n","protected":false},"excerpt":{"rendered":"<ul>\n<li>\u00a0BAUTEQ Praimer on valitud optimaalse hinnaga lahendus betooni, ehitusplaatide, muude kivipindade kruntimiseks.<\/li>\n<li>Kasutatakse h\u00fcdroisolatsioonmastiksi VEEPIDUR krundina.<\/li>\n<li>Sobib p\u00f5randatele, lagedele ja seinapindadele nii sise kui v\u00e4listingimustes.<\/li>\n<li>Lahjendatakse veega 1:3 kuni 1:10.<\/li>\n<li>Toimeaine: akr\u00fc\u00fclpol\u00fcmeer.<\/li>\n<\/ul>\n","protected":false},"featured_media":118493,"comment_status":"open","ping_status":"closed","template":"","meta":{"_acf_changed":false},"factory":[],"free-shipment":[],"product_brand":[],"product_cat":[163,169],"product_tag":[138],"class_list":{"0":"post-118521","1":"product","2":"type-product","3":"status-publish","4":"has-post-thumbnail","6":"product_cat-ehituskeemia","7":"product_cat-kruntvarvid-ja-varvid","8":"product_tag-primer-et-2","10":"first","11":"instock","12":"sale","13":"taxable","14":"shipping-taxable","15":"purchasable","16":"product-type-simple"},"acf":[],"_links":{"self":[{"href":"https:\/\/factory.sale\/et\/wp-json\/wp\/v2\/product\/118521","targetHints":{"allow":["GET"]}}],"collection":[{"href":"https:\/\/factory.sale\/et\/wp-json\/wp\/v2\/product"}],"about":[{"href":"https:\/\/factory.sale\/et\/wp-json\/wp\/v2\/types\/product"}],"replies":[{"embeddable":true,"href":"https:\/\/factory.sale\/et\/wp-json\/wp\/v2\/comments?post=118521"}],"wp:featuredmedia":[{"embeddable":true,"href":"https:\/\/factory.sale\/et\/wp-json\/wp\/v2\/media\/118493"}],"wp:attachment":[{"href":"https:\/\/factory.sale\/et\/wp-json\/wp\/v2\/media?parent=118521"}],"wp:term":[{"taxonomy":"factory","embeddable":true,"href":"https:\/\/factory.sale\/et\/wp-json\/wp\/v2\/factory?post=118521"},{"taxonomy":"free-shipment","embeddable":true,"href":"https:\/\/factory.sale\/et\/wp-json\/wp\/v2\/free-shipment?post=118521"},{"taxonomy":"product_brand","embeddable":true,"href":"https:\/\/factory.sale\/et\/wp-json\/wp\/v2\/product_brand?post=118521"},{"taxonomy":"product_cat","embeddable":true,"href":"https:\/\/factory.sale\/et\/wp-json\/wp\/v2\/product_cat?post=118521"},{"taxonomy":"product_tag","embeddable":true,"href":"https:\/\/factory.sale\/et\/wp-json\/wp\/v2\/product_tag?post=118521"}],"curies":[{"name":"wp","href":"https:\/\/api.w.org\/{rel}","templated":true}]}}