{"id":118488,"date":"2025-09-11T11:03:15","date_gmt":"2025-09-11T08:06:47","guid":{"rendered":"https:\/\/factory.sale\/?post_type=product&#038;p=118488"},"modified":"2026-01-28T10:30:37","modified_gmt":"2026-01-28T07:30:37","slug":"bauteq-nakkedispersioon","status":"publish","type":"product","link":"https:\/\/factory.sale\/et\/toode\/bauteq-nakkedispersioon\/","title":{"rendered":"Bauteq nakkedispersioon"},"content":{"rendered":"<p>Nakkedispersiooni kontsentraat betooni, kivipindade ning ehitusplaatide kruntimiseks ning segulisandiks.<br \/>\nBAUTEQ Nakkedispersioon on kontsentreeritud nakkekrunt erinevate kivipindade jm. materjalide kruntimiseks. Nakkedispersioon sobib h\u00e4sti k\u00f5ikidesse tsements\u00fcsteemidesse ning on kasutatav segulisandina, samuti seinapindade tolmamise t\u00f5kestamiseks ja n\u00f5rkade pindade tugevdamiseks. BAUTEQ Nakkedispersioon on vin\u00fc\u00fclatsetaat kopol\u00fcmeer, mis on tuntud kui madala l\u00f5hnatasemega sideaine.<\/p>\n<p>&nbsp;<\/p>\n<p><strong>SAADAVAL 2 SUURUST:<\/strong><\/p>\n<p>10 L (kaal: 11,8 kg) &#8211; 39 \u20ac (ilma km-ta)<\/p>\n<p>25 L (kaal: 29,5 kg) &#8211; 93,6 \u20ac (ilma km-ta)<\/p>\n<p>&nbsp;<\/p>\n<table class=\"w-fit min-w-(--thread-content-width)\" style=\"height: 171px;\" width=\"631\" data-start=\"42\" data-end=\"410\">\n<thead data-start=\"42\" data-end=\"92\">\n<tr data-start=\"42\" data-end=\"92\">\n<th data-start=\"42\" data-end=\"66\" data-col-size=\"sm\"><strong data-start=\"44\" data-end=\"65\">Tehnilised andmed<\/strong><\/th>\n<th data-start=\"66\" data-end=\"77\" data-col-size=\"sm\"><strong data-start=\"68\" data-end=\"76\">\u00dchik<\/strong><\/th>\n<th data-start=\"77\" data-end=\"92\" data-col-size=\"sm\"><strong data-start=\"79\" data-end=\"90\">V\u00e4\u00e4rtus<\/strong><\/th>\n<\/tr>\n<\/thead>\n<tbody data-start=\"146\" data-end=\"410\">\n<tr data-start=\"146\" data-end=\"198\">\n<td data-start=\"146\" data-end=\"172\" data-col-size=\"sm\">Kulunorm<\/td>\n<td data-start=\"172\" data-end=\"183\" data-col-size=\"sm\">m\u00b2 \/ L<\/td>\n<td data-start=\"183\" data-end=\"198\" data-col-size=\"sm\">15\u201350<\/td>\n<\/tr>\n<tr data-start=\"199\" data-end=\"251\">\n<td data-start=\"199\" data-end=\"225\" data-col-size=\"sm\">L\u00f5plik kuivamine<\/td>\n<td data-start=\"225\" data-end=\"236\" data-col-size=\"sm\">tund<\/td>\n<td data-start=\"236\" data-end=\"251\" data-col-size=\"sm\">1\u20133<\/td>\n<\/tr>\n<tr data-start=\"252\" data-end=\"304\">\n<td data-start=\"252\" data-end=\"278\" data-col-size=\"sm\">Tihedus<\/td>\n<td data-start=\"278\" data-end=\"289\" data-col-size=\"sm\">g\/cm\u00b3<\/td>\n<td data-start=\"289\" data-end=\"304\" data-col-size=\"sm\">1,04<\/td>\n<\/tr>\n<tr data-start=\"305\" data-end=\"357\">\n<td data-start=\"305\" data-end=\"331\" data-col-size=\"sm\">pH<\/td>\n<td data-start=\"331\" data-end=\"342\" data-col-size=\"sm\">\u2013<\/td>\n<td data-start=\"342\" data-end=\"357\" data-col-size=\"sm\">7\u20138<\/td>\n<\/tr>\n<tr data-start=\"358\" data-end=\"410\">\n<td data-start=\"358\" data-end=\"384\" data-col-size=\"sm\">V\u00e4rvus<\/td>\n<td data-start=\"384\" data-end=\"395\" data-col-size=\"sm\">\u2013<\/td>\n<td data-start=\"395\" data-end=\"410\" data-col-size=\"sm\">Valge<\/td>\n<\/tr>\n<\/tbody>\n<\/table>\n<div class=\"_tableContainer_1rjym_1\">\n<div class=\"_tableWrapper_1rjym_13 group flex w-fit flex-col-reverse\" tabindex=\"-1\">\n<div class=\"_tableContainer_1rjym_1\">\n<div tabindex=\"-1\"><\/div>\n<div class=\"_tableWrapper_1rjym_13 group flex w-fit flex-col-reverse\" tabindex=\"-1\"><em>Toodud parameetrid on m\u00f5\u00f5detud tingimustel 23 \u00b0C ja 50% suhtelist \u00f5huniiskust.<\/em><\/div>\n<\/div>\n<\/div>\n<\/div>\n<h2><span style=\"font-size: 14pt;\"><strong>Bauteq nakkedispersiooni\u00a0 kasutusalad<\/strong><\/span><\/h2>\n<p>P\u00f5randapindade ja seinapindade kruntimiseks enne tasandussegude v\u00f5i plaatimissegude paigaldamist. Kasutamiseks betooni ja m\u00f6rdi naket ja kulumiskindlust suurendava lisandina. Krohvipindade tugevdamiseks ja nakke parandamiseks enne pealiskrohvide v\u00f5i pinnakatete paigaldamist. Muude probleemsete aluspindade tugevdamiseks enne plaatimist. Kivipindade kaitseks vee ja leeliste suhtes.<\/p>\n<p>&nbsp;<\/p>\n<p><strong>Sobivad aluspinnad<\/strong><\/p>\n<p>Betoon, m\u00f6rt, tellis, looduslik kivi, poorbetoon, puit ja puitlaastplaadid, pol\u00fcmeersed materjalid jne.<\/p>\n<p>&nbsp;<\/p>\n<p><strong>Omadused:<\/strong><br \/>\n<strong>Krundina<\/strong><\/p>\n<ul>\n<li>V\u00e4ga hea nake aluspinna ja tasanduskihiga<\/li>\n<li>V\u00e4ga hea p\u00fcsivus vee ja leeliste suhtes<\/li>\n<li>V\u00e4ga hea elastsus ning vastupidavus t\u00f4mbe ja survepingetele ka niisketes tingimustes<\/li>\n<\/ul>\n<p>&nbsp;<\/p>\n<p><strong>Betooni &#8211; ja m\u00f6rdilisana<\/strong><\/p>\n<ul>\n<li>Parandab segu t\u00f6\u00f6deldavust, jt omadusi<\/li>\n<li>Parandab naket aluspinnaga<\/li>\n<li>Suurendab elastsust ja kulumiskindlust, muudab pinna tolmukindlamaks<\/li>\n<li>Suurendab p\u00fcsivust vee ja alifaatsete s\u00fcsivesinike suhtes<\/li>\n<li>Suurendab \u00f4hukese kihina pealekantavate segude varajast tugevust kuivades tingimustes<\/li>\n<\/ul>\n<p>&nbsp;<\/p>\n<p><strong>Aluspinnad:<\/strong><\/p>\n<ul>\n<li>Betoon, tasandussegud, krohvisegud m\u00f6rt, tellis, looduskivi vms.<\/li>\n<li>Puitmaterjalid<\/li>\n<li>Pol\u00fcmeersed materjalid ( v\u00e4rvikiht, linoleum, pol\u00fcmeersed katted)<\/li>\n<\/ul>\n<p>&nbsp;<\/p>\n<p><strong>Kasutamistingimused<\/strong><\/p>\n<p>\u00dcmbritseva \u00f5hu ja aluspinna temperatuur peab olema v\u00e4hemalt +10\u00b0C ja \u00f5huniiskus kuni 80%.<br \/>\nKaetav pind peab olema puhas, kuiv ja tolmuvaba. Pinnale kanda v\u00e4rvirulli, pihusti v\u00f5i pintsliga.<\/p>\n<p>&nbsp;<\/p>\n<h2><span style=\"font-size: 14pt;\"><strong>Bauteq nakkedispersiooni kasutusjuhend<\/strong><\/span><\/h2>\n<p><strong>P\u00d5RANDAD:<\/strong><\/p>\n<p>1. Tasandamisele kuuluvad p\u00f5randapinnad (p\u00f5randate kruntimine nakke parandamiseks enne<br \/>\ntasandamist p\u00f5randatasandussegudega) dispersioon: vesi, 1:3 kuni 1:10<br \/>\n2. Betoonviimistluskihid, k\u00e4sitsi tasandatavad p\u00f5randatasanduskihid (p\u00f5randate tugevdamine ja<br \/>\nnakke suurendamine) dispersioon: vesi, 1:5 kuni 1:10<br \/>\n3. Betoonp\u00f5randapinnad (n\u00f5rkade pindade tugevdamine) dispersioon: vesi, 1:5 kuni 1:10<\/p>\n<p>&nbsp;<\/p>\n<p><strong>SEINAD JA LAED:<\/strong><\/p>\n<p>1. Krohv (nakke tugevdamine), dispersioon: vesi, 1:5 &#8211; 1:10 v\u00f5i kuni 1:15<br \/>\n2. Tsementm\u00f6rdid 1-5 mm\/5-20 mm (nakke tugevdamine), dispersioon: vesi, 1:5 kuni 1:10<br \/>\n3. Krohvi ja lubjapinnad (n\u00f5rkade pindade tugevdamine, kanda dispersioon pinnale harja v\u00f5i pintsli<br \/>\nabil ja lasta \u00e4ra kuivada) dispersioon: vesi, 1:10 , lubjapindadel kuni 1:20<\/p>\n<p>&nbsp;<\/p>\n<p><strong>BETOONI &#8211; JA M\u00d6RDILISANDINA:<\/strong><\/p>\n<p>1. Seguvette lisades 1:5 kuni 1:20<br \/>\nMitteimavatel pindadel kasutada lahjendamata nakkekrunti.<\/p>\n<p>&nbsp;<\/p>\n<p>T\u00f6\u00f6lahuse saamiseks segatakse BAUTEQ Nakkedispersiooni veega j\u00e4rgides \u00fclal toodud dispersiooni ja vee suhet. Kruntimisel kantakse nakkedispersioon pinnale nii, et ei j\u00e4\u00e4ks loike krunditavale pinnale. Pindade tugevdamisel tuleb enne nakkekrundiga immutamist eemaldada lahtine tolm.<\/p>\n<p>&nbsp;<\/p>\n<p><strong>S\u00e4ilitamine<\/strong><\/p>\n<p>Garanteeritud s\u00e4ilivusaeg 24 kuud tootmise kuup\u00e4evast, ladustatuna ja niiskuskindlalt suletud originaalpakendis kuivas kohas temperatuuridel +5 \u00b0C kuni +30 \u00b0C. Toode on k\u00fclmakartlik !<\/p>\n<p>&nbsp;<\/p>\n<p><strong>Ohutusn\u00f5uded<\/strong><\/p>\n<p>V\u00e4ltida kemikaali sattumist nahale ja silma. Kanda sobivaid kaitsekindaid ja silmade v\u00f5i n\u00e4okaitset. V\u00e4ltida nahale sattumist. T\u00e4psem ohutusinfo on k\u00e4ttesaadav toote ohutuskaardil (SDS)<\/p>\n<p><img loading=\"lazy\" decoding=\"async\" class=\"alignnone size-medium wp-image-118479\" src=\"https:\/\/factory.sale\/wp-content\/uploads\/2025\/09\/BAUTEQ-NAKKEDISPERSIOON.jpeg-300x300.webp\" alt=\"nakkedispersioon\" width=\"300\" height=\"300\" srcset=\"https:\/\/factory.sale\/wp-content\/uploads\/2025\/09\/BAUTEQ-NAKKEDISPERSIOON.jpeg-300x300.webp 300w, https:\/\/factory.sale\/wp-content\/uploads\/2025\/09\/BAUTEQ-NAKKEDISPERSIOON.jpeg-150x150.webp 150w, https:\/\/factory.sale\/wp-content\/uploads\/2025\/09\/BAUTEQ-NAKKEDISPERSIOON.jpeg-768x768.webp 768w, https:\/\/factory.sale\/wp-content\/uploads\/2025\/09\/BAUTEQ-NAKKEDISPERSIOON.jpeg-600x600.webp 600w, https:\/\/factory.sale\/wp-content\/uploads\/2025\/09\/BAUTEQ-NAKKEDISPERSIOON.jpeg-100x100.webp 100w, https:\/\/factory.sale\/wp-content\/uploads\/2025\/09\/BAUTEQ-NAKKEDISPERSIOON.jpeg.webp 800w\" sizes=\"auto, (max-width: 300px) 100vw, 300px\" \/><\/p>\n<p>Tutvu ohutuskaardi m\u00f5istetega\u00a0<a title=\"siin\" href=\"https:\/\/www.tooelu.ee\/et\/108\/kemikaalid\" target=\"_blank\" rel=\"noopener\">siin<\/a><\/p>\n<p>Tutvu teiste sarnaste toodetega\u00a0<a title=\"siin\" href=\"https:\/\/factory.sale\/et\/product-category\/uldehitus\/ehituskeemia\/\">siin<\/a><\/p>\n<p data-start=\"385\" data-end=\"438\">\n","protected":false},"excerpt":{"rendered":"<ul>\n<li>Bauteq nakkedispersioon on klassikaliselt kvaliteetne, kontsentreeritud lahendus betoon ning kivipindade kruntimiseks.<\/li>\n<li>Kasutatakse plaatimis \u2013 ja valut\u00f6\u00f6del aga ka n\u00f5rkade pindade tugevndamiseks ning tsementsegude lisandiks.<\/li>\n<li>Sobib p\u00f5randatele, lagedele ja seinapindadele nii sise kui v\u00e4listingimustes.<\/li>\n<li>Lahjendatakse veega 1:5 kuni 1:20.<\/li>\n<li>Toimeaine: vin\u00fc\u00fclatsetaat kopol\u00fcmeer.<\/li>\n<\/ul>\n","protected":false},"featured_media":118479,"comment_status":"open","ping_status":"closed","template":"","meta":{"_acf_changed":false},"factory":[],"free-shipment":[],"product_brand":[],"product_cat":[163],"product_tag":[],"class_list":{"0":"post-118488","1":"product","2":"type-product","3":"status-publish","4":"has-post-thumbnail","6":"product_cat-ehituskeemia","8":"first","9":"instock","10":"sale","11":"taxable","12":"shipping-taxable","13":"purchasable","14":"product-type-simple"},"acf":[],"_links":{"self":[{"href":"https:\/\/factory.sale\/et\/wp-json\/wp\/v2\/product\/118488","targetHints":{"allow":["GET"]}}],"collection":[{"href":"https:\/\/factory.sale\/et\/wp-json\/wp\/v2\/product"}],"about":[{"href":"https:\/\/factory.sale\/et\/wp-json\/wp\/v2\/types\/product"}],"replies":[{"embeddable":true,"href":"https:\/\/factory.sale\/et\/wp-json\/wp\/v2\/comments?post=118488"}],"wp:featuredmedia":[{"embeddable":true,"href":"https:\/\/factory.sale\/et\/wp-json\/wp\/v2\/media\/118479"}],"wp:attachment":[{"href":"https:\/\/factory.sale\/et\/wp-json\/wp\/v2\/media?parent=118488"}],"wp:term":[{"taxonomy":"factory","embeddable":true,"href":"https:\/\/factory.sale\/et\/wp-json\/wp\/v2\/factory?post=118488"},{"taxonomy":"free-shipment","embeddable":true,"href":"https:\/\/factory.sale\/et\/wp-json\/wp\/v2\/free-shipment?post=118488"},{"taxonomy":"product_brand","embeddable":true,"href":"https:\/\/factory.sale\/et\/wp-json\/wp\/v2\/product_brand?post=118488"},{"taxonomy":"product_cat","embeddable":true,"href":"https:\/\/factory.sale\/et\/wp-json\/wp\/v2\/product_cat?post=118488"},{"taxonomy":"product_tag","embeddable":true,"href":"https:\/\/factory.sale\/et\/wp-json\/wp\/v2\/product_tag?post=118488"}],"curies":[{"name":"wp","href":"https:\/\/api.w.org\/{rel}","templated":true}]}}