{"id":1181,"date":"2019-11-14T06:38:18","date_gmt":"2019-11-14T06:38:18","guid":{"rendered":"https:\/\/factory.sale\/product\/lankmeta-mounting-angle-50-50-75x15\/"},"modified":"2024-07-01T19:58:42","modified_gmt":"2024-07-01T19:58:42","slug":"lankmeta-mounting-angle-50-50-75x15","status":"publish","type":"product","link":"https:\/\/factory.sale\/et\/toode\/lankmeta-mounting-angle-50-50-75x15\/","title":{"rendered":"Lankmeta Paigaldusnurk 50\/50\/75&#215;1,5"},"content":{"rendered":"<p><span style=\"font-weight: 400;\">Paigaldusnurki (MC) kasutatakse erinevate profiilide kinnitamiseks<\/span>.<\/p>\n<p><strong>Parameetrid:<\/strong><\/p>\n<p><span style=\"font-weight: 400;\">Metalltsingitud konstruktsiooniteras S350GD + Z275MA.<\/span><\/p>\n<div>\n<p><strong>M\u00f5\u00f5tmed:<\/strong><\/p>\n<p>A &#8211; 50mm<\/p>\n<p>B &#8211; 75mm<\/p>\n<p>C &#8211; 50mm<\/p>\n<p>Paksus 1,5mm<\/p>\n<p><span style=\"font-weight: 400;\">Tellimused on saadaval ainult p\u00e4rast 20 \u00fchikut. N\u00e4iteks 20, 40, 60 ja nii edasi.<\/span><\/p>\n<p><span style=\"font-weight: 400;\">Tellimusi 1, 2, 3 jne. ei v\u00f5eta vastu.<\/span><\/p>\n<\/div>\n","protected":false},"excerpt":{"rendered":"<p><span style=\"font-weight: 400;\">Paigaldusnurki (MC) kasutatakse erinevate profiilide kinnitamiseks.<\/span><\/p>\n<p><span style=\"font-weight: 400;\">Parameetrid: metall-tsingitud konstruktsiooniteras S350GD + Z275MA.<\/span><\/p>\n<p>&nbsp;<\/p>\n","protected":false},"featured_media":1182,"comment_status":"open","ping_status":"closed","template":"","meta":{"_acf_changed":false},"factory":[],"free-shipment":[],"product_brand":[],"product_cat":[186,187],"product_tag":[135],"class_list":{"0":"post-1181","1":"product","2":"type-product","3":"status-publish","4":"has-post-thumbnail","6":"product_cat-metalltooted","7":"product_cat-paigaldusnurgad","8":"product_tag-mounting-corners-et-2","10":"first","11":"instock","12":"sale","13":"taxable","14":"shipping-taxable","15":"purchasable","16":"product-type-simple"},"acf":[],"_links":{"self":[{"href":"https:\/\/factory.sale\/et\/wp-json\/wp\/v2\/product\/1181","targetHints":{"allow":["GET"]}}],"collection":[{"href":"https:\/\/factory.sale\/et\/wp-json\/wp\/v2\/product"}],"about":[{"href":"https:\/\/factory.sale\/et\/wp-json\/wp\/v2\/types\/product"}],"replies":[{"embeddable":true,"href":"https:\/\/factory.sale\/et\/wp-json\/wp\/v2\/comments?post=1181"}],"wp:featuredmedia":[{"embeddable":true,"href":"https:\/\/factory.sale\/et\/wp-json\/wp\/v2\/media\/1182"}],"wp:attachment":[{"href":"https:\/\/factory.sale\/et\/wp-json\/wp\/v2\/media?parent=1181"}],"wp:term":[{"taxonomy":"factory","embeddable":true,"href":"https:\/\/factory.sale\/et\/wp-json\/wp\/v2\/factory?post=1181"},{"taxonomy":"free-shipment","embeddable":true,"href":"https:\/\/factory.sale\/et\/wp-json\/wp\/v2\/free-shipment?post=1181"},{"taxonomy":"product_brand","embeddable":true,"href":"https:\/\/factory.sale\/et\/wp-json\/wp\/v2\/product_brand?post=1181"},{"taxonomy":"product_cat","embeddable":true,"href":"https:\/\/factory.sale\/et\/wp-json\/wp\/v2\/product_cat?post=1181"},{"taxonomy":"product_tag","embeddable":true,"href":"https:\/\/factory.sale\/et\/wp-json\/wp\/v2\/product_tag?post=1181"}],"curies":[{"name":"wp","href":"https:\/\/api.w.org\/{rel}","templated":true}]}}