{"id":1176,"date":"2020-03-19T11:30:33","date_gmt":"2020-03-19T11:30:33","guid":{"rendered":"https:\/\/factory.sale\/product\/factory-sale-offer-4est-curve-wooden-parquet-flooring\/"},"modified":"2024-06-25T11:16:38","modified_gmt":"2024-06-25T11:16:38","slug":"factory-sale-offer-4est-curve-wooden-parquet-flooring","status":"publish","type":"product","link":"https:\/\/factory.sale\/et\/toode\/factory-sale-offer-4est-curve-wooden-parquet-flooring\/","title":{"rendered":"4est Curve puitparkettp\u00f5rand"},"content":{"rendered":"<p><strong>4 Est Curve Euroopa tamme 4 mm pealmine kulumiskiht, mis on paigaldatud 12 mm kasevineerile, mille tulemuseks on v\u00e4ga kvaliteetne 16 mm 5\/8&#8243; l\u00f5pptoode, mis tagab stabiilsuse, paigaldamise lihtsuse ja erakordse ilu. Sama kvaliteet, stabiilsus ja t\u00f6\u00f6tlus, kuid 13\/3 (1\/2&#8243;) parema hinnaga!<\/strong><\/p>\n<p>TOOTE KIRJELDUS:<\/p>\n<p><span style=\"font-weight: 400;\">Konfiguratsioon 1 riba<br \/>\n<\/span><span style=\"font-weight: 400;\">Puuliik Euroopa tamm (teisi liike v\u00f5ib<\/span><span style=\"font-weight: 400;\"> tsiteerida<\/span><span style=\"font-weight: 400;\">)<br \/>\n<\/span><span lang=\"et\">Servakald &#8211; 1 mm V-soon pikkadel k\u00fclgedel<br \/>\n<\/span><span style=\"font-weight: 400;\">Pinna v\u00e4rv \u00f5li, lakk, suitsutatud harjatud v\u00f5i l\u00f5petamata<br \/>\n<\/span><span style=\"font-weight: 400;\">Tekstuur sujuvalt lihvitud \/ paigaldus valmis<br \/>\n<\/span><span style=\"font-weight: 400;\">Liigesekeel -ja soon<br \/>\n<\/span><span style=\"font-weight: 400;\">Paksus 16 mm (v\u00f5imalus 15 mm)<br \/>\n<\/span><span style=\"font-weight: 400;\">Ehitus 2 kihti<br \/>\n<\/span><span style=\"font-weight: 400;\">Pealmine kiht 4 mm (variant 3 mm) Euro Tamm<br \/>\n<\/span><span style=\"font-weight: 400;\">Niiskus 6,5-8,5% p\u00e4rast tarnimist<br \/>\n<\/span><span style=\"font-weight: 400;\">Tugikiht 12 mm Balti kasevineer &#8211; 9 kihti<\/span><\/p>\n<p>&nbsp;<\/p>\n<ul>\n<li><span style=\"font-weight: 400;\">Formaldeh\u00fc\u00fcdi emissioon vastab EU E1 normidele formaldeh\u00fc\u00fcdi emissioonimooduli ehitamiseks 10 unikaalset kumerat plaati, mis sobivad kokku, et teha 3.87 m2 moodul, mis kordub k\u00f5igis 4 suunas<\/span><\/li>\n<li><span style=\"font-weight: 400;\">Garantii 25 aastat n\u00f5uetekohase hooldusega<\/span><\/li>\n<li>V\u00e4rvimuutev puit v\u00f5ib aja jooksul v\u00e4rvi muuta<\/li>\n<li><span style=\"font-weight: 400;\">Paigaldamine liimiga \/ naeagal \/ ujukiga v\u00f5i spetsiaalse aluskattega vastavalt juhistele<\/span><\/li>\n<li><span style=\"font-weight: 400;\">Pakend\/kaalulauad\/moodulid tarnitakse tavaliselt r\u00f6\u00f6bastel<\/span><\/li>\n<li><span style=\"font-weight: 400;\">10 lauda, mis katavad 3,87 m2, kaaluvad 40 kilo<br \/>\n<\/span>5 lauda karbis, 20 kg \/ karp<br \/>\nKarbi suurus = 1920 mm X 270 mm X 85 mm<\/li>\n<\/ul>\n<p>&nbsp;<\/p>\n","protected":false},"excerpt":{"rendered":"<p><span style=\"font-weight: 400;\">Pakume k\u00f5rge kvaliteediga modulaarset kaardus p\u00f5randakatet, mis on toodetud ja valmistatud hoolikalt ja t\u00e4pselt. Lauad on k\u00f5ik 1,9 m pikad ja nende 3 laiust on vahemikus 180mm ja 260 mm. See on Euroopa tammepuust 4 mm pealmine kulumiskiht, mis on paigaldatud 12 mm kasevineeri peale, mille tulemuseks on v\u00e4ga k\u00f5rge kvaliteediga 16mm 5\/8 &#8221; l\u00f5pptoode, mis tagab stabiilsuse, lihtsa paigalduse ja erakordse ilu. Disainerid armastavad seda, arhitektid jumaldavad seda ja nii ka Sina!<\/span><\/p>\n<p>&nbsp;<\/p>\n","protected":false},"featured_media":1178,"comment_status":"open","ping_status":"closed","template":"","meta":{"_acf_changed":false},"factory":[],"free-shipment":[],"product_brand":[],"product_cat":[1682,294],"product_tag":[128],"class_list":{"0":"post-1176","1":"product","2":"type-product","3":"status-publish","4":"has-post-thumbnail","6":"product_cat-1-lipiline-laudparkett","7":"product_cat-parkett","8":"product_tag-4estcurve-et-2","10":"first","11":"instock","12":"sale","13":"taxable","14":"shipping-taxable","15":"purchasable","16":"product-type-simple"},"acf":[],"_links":{"self":[{"href":"https:\/\/factory.sale\/et\/wp-json\/wp\/v2\/product\/1176","targetHints":{"allow":["GET"]}}],"collection":[{"href":"https:\/\/factory.sale\/et\/wp-json\/wp\/v2\/product"}],"about":[{"href":"https:\/\/factory.sale\/et\/wp-json\/wp\/v2\/types\/product"}],"replies":[{"embeddable":true,"href":"https:\/\/factory.sale\/et\/wp-json\/wp\/v2\/comments?post=1176"}],"wp:featuredmedia":[{"embeddable":true,"href":"https:\/\/factory.sale\/et\/wp-json\/wp\/v2\/media\/1178"}],"wp:attachment":[{"href":"https:\/\/factory.sale\/et\/wp-json\/wp\/v2\/media?parent=1176"}],"wp:term":[{"taxonomy":"factory","embeddable":true,"href":"https:\/\/factory.sale\/et\/wp-json\/wp\/v2\/factory?post=1176"},{"taxonomy":"free-shipment","embeddable":true,"href":"https:\/\/factory.sale\/et\/wp-json\/wp\/v2\/free-shipment?post=1176"},{"taxonomy":"product_brand","embeddable":true,"href":"https:\/\/factory.sale\/et\/wp-json\/wp\/v2\/product_brand?post=1176"},{"taxonomy":"product_cat","embeddable":true,"href":"https:\/\/factory.sale\/et\/wp-json\/wp\/v2\/product_cat?post=1176"},{"taxonomy":"product_tag","embeddable":true,"href":"https:\/\/factory.sale\/et\/wp-json\/wp\/v2\/product_tag?post=1176"}],"curies":[{"name":"wp","href":"https:\/\/api.w.org\/{rel}","templated":true}]}}