{"id":11737,"date":"2022-08-18T11:20:11","date_gmt":"2022-08-18T11:22:45","guid":{"rendered":"https:\/\/factory.sale\/?post_type=product&#038;p=11737"},"modified":"2026-03-05T16:39:19","modified_gmt":"2026-03-05T13:39:19","slug":"elektrikeris-huum-hive-18kw","status":"publish","type":"product","link":"https:\/\/factory.sale\/et\/toode\/elektrikeris-huum-hive-18kw\/","title":{"rendered":"Elektrikeris HUUM HIVE 18kW \u00f5hutunneliga"},"content":{"rendered":"<h2><span style=\"font-size: 14pt;\">HUUM HIVE &#8211; Stiilne ja vastupidav elektrikeris, mis loob t\u00f5eliselt l\u00f5\u00f5gastava saunaelamuse<\/span><\/h2>\n<p>HUUM HIVE elektrikerise mesitarust inspireeritud disain toob esile kivide loomuliku ilu. V\u00f5imas ja elegantne HIVE mahutab kuni 250 kg kive ning kindlustab maheda ja rikkaliku leili ka suuremates saunades. Kerise detailid on valmistatud vastupidavast roostevabast terasest. \u00dcmar vorm v\u00f5imaldab HIVE kerise paigutada ruumi keskele, nii saab saunalaval korraga l\u00f5\u00f5gastuda ka suurema seltskonna v\u00f5i terve perega. HIVE kerise p\u00f5hjamaiselt lihtne ja loodusl\u00e4hedane disain loob leiliruumis rahuliku meeleolu ning aitab sul end argip\u00e4eva m\u00fcrast v\u00e4lja l\u00fclitada.<\/p>\n<p data-start=\"175\" data-end=\"628\">HUUM HIVE elektrikeris on loodud professionaalseks kasutuseks, pakkudes erakordset j\u00f5udlust ja v\u00f5imekust ka suuremates leiliruumides. See mudel \u00fchendab endas HIVE-sarjale iseloomuliku muljetavaldava kivimahu, minimalistliku disaini ja tipptasemel k\u00fcttetehnoloogia. Nagu k\u00f5ik HUUMi kerised, on ka see mudel inspireeritud traditsioonilisest p\u00f5hjamaade saunakultuurist, kus leil on pehme, niiske ja s\u00fcgav \u2014 just nii nagu \u00fcks t\u00f5eline saun olema peab.<\/p>\n<p data-start=\"630\" data-end=\"1059\">Keris sobib suurep\u00e4raselt 18\u201335 m\u00b3 leiliruumidesse, pakkudes kiiret ja \u00fchtlast soojendust ka siis, kui ruum on intensiivses kasutuses. T\u00e4nu v\u00f5imsale k\u00fctteelemendile ja l\u00e4bim\u00f5eldud kivikorvile kuumenevad kivid maksimaalselt, mis t\u00e4hendab, et \u00fcksk\u00f5ik kui palju vett kividele viskad \u2014 leil j\u00e4\u00e4b alati meeldivalt pehmeks.<\/p>\n<p data-start=\"1061\" data-end=\"1403\">HIVE&#8217;i disain on t\u00f5eliselt silmapaistev. Selle avatud, kihiline kivikorv toob esile looduslikkuse ja lihtsuse, mis sobib suurep\u00e4raselt nii modernsetesse leiliruumidesse kui ka klassikalise puusauna atmosf\u00e4\u00e4ri. Kerise \u00fcmar vorm muudab selle ruumis elegantseks.<\/p>\n<p data-start=\"1405\" data-end=\"1804\">\u00dcheks HIVE keriste suurimaks tugevuseks on \u00fchtlane kuumuse jaotumine. Kuna kivid katavad suure osa kerise struktuurist, soojenevad nad \u00fchtlaselt igast k\u00fcljest. See tagab stabiilse temperatuuri, mis ei k\u00f5igu j\u00e4rsult isegi siis, kui leiliruumil on palju kasutajaid. Tulemuseks on mugavus ja usaldusv\u00e4\u00e4rsus \u2014 omadused, mida hindavad nii kodusaunade omanikud kui ka majutusasutused, spaad ja avalikud leiliruumid.<\/p>\n<p data-start=\"1806\" data-end=\"2194\">HIVE \u00fchildub k\u00f5igi HUUM UKU juhtimiss\u00fcsteemidega, mis v\u00f5imaldavad sauna juhtida mitte ainult traditsiooniliste nuppude, vaid ka nutitelefoni kaudu. See t\u00e4hendab, et saad sauna eelnevalt valmis k\u00fctta juba koduteel, kontorist v\u00f5i kasv\u00f5i teiselt poolt maailma.<\/p>\n<p data-start=\"2196\" data-end=\"2572\">Lisaks on kerise hooldamine lihtne ja loogiline. K\u00f5ik elemendid on paigutatud nii, et vajadusel on lihtne neile ligi p\u00e4\u00e4seda, ilma et peaks kerist osadeks lahti v\u00f5tma. HUUM kasutab ainult kvaliteetseid, kuumuskindlaid materjale, mis tagavad kerise pika t\u00f6\u00f6ea. See teeb HIVE kerisest eriti hea valiku saunadele, mis t\u00f6\u00f6tavad tiheda graafikuga.<\/p>\n<p data-start=\"2574\" data-end=\"2831\">Oluline eelis on ka energiat\u00f5husus. Vaatamata suurele v\u00f5imsusele kasutab keris energiat v\u00e4ga sihip\u00e4raselt, soojendades eelk\u00f5ige kive, mitte \u00f5hku nende \u00fcmber. Seet\u00f5ttu kulub v\u00e4hem energiat, et saavutada soovitud temperatuur ja hoida see mugava stabiilsusega.<\/p>\n<p data-start=\"2833\" data-end=\"3212\">HUUM HIVE elektrikeris on ideaalne neile, kes vajavad v\u00f5imsat, t\u00f6\u00f6kindlat ja k\u00f5rget kvaliteeti pakkuvat sauna s\u00fcdant. See keris sobib nii suurtele kodusaunadele kui ka \u00e4riruumidele, kus leilikvaliteet ja vastupidavus on \u00fchtviisi olulised. HIVE pakub t\u00f5eliselt professionaalset saunaelamust, mis j\u00e4\u00e4b meelde nii j\u00f5u, pehmuse kui ka esteetilise v\u00e4limuse poolest.<\/p>\n<p>Soovitame kerisele paigaldada kaitsepiirde \u2013 kas HUUMi kaitsepiirde v\u00f5i eritellimusena valmistatud kaitsepiirde, et tagada saunas suurem ohutus ja mugavus.<\/p>\n<p>\u00d5ige suurusega keris = parem saun! Kasuta meie <a href=\"https:\/\/huum.ee\/kalkulaator\/\" target=\"_blank\" rel=\"noopener\">sauna kalkulaatorit<\/a>, et veenduda, et valid just \u00f5ige v\u00f5imsuse.<\/p>\n<p>&nbsp;<\/p>\n<p><strong>Komplekt sisaldab:<\/strong><\/p>\n<ul>\n<li>elektrikerist<\/li>\n<li>reguleeritavaid jalgasid (t\u00f5stavad kerist kuni 7cm)<\/li>\n<\/ul>\n<p><strong>Keris vajab juurde:<\/strong><\/p>\n<ul>\n<li><a href=\"https:\/\/factory.sale\/et\/product-category\/sanitaartehnika\/juhtpuldid\/huum-et\/\" target=\"_blank\" rel=\"noopener\">juhtpulti<\/a><\/li>\n<li>kuumakindlat toitekaablit<\/li>\n<li>250 kilogrammi 5-10 cm l\u00e4bim\u00f5\u00f5duga <a href=\"https:\/\/factory.sale\/et\/toode\/kerise-kivid\/\" target=\"_blank\" rel=\"noopener\">kerisekive<\/a><\/li>\n<\/ul>\n<p>Meie soovitame kasutada kerises \u00fcmaraid kerisekive. Need tagavad pehmema leili \u2013 vesi liigub s\u00fcgavamale kivikihtidesse ja aurustub aeglaselt, luues m\u00f5nusa ja pika leilikogemuse.<\/p>\n<p><strong>Tehnilised andmed:<\/strong><\/p>\n<ul>\n<li>kaal 22 kg<\/li>\n<li>k\u00f5rgus 75 cm<\/li>\n<li>diameeter 56 vm<\/li>\n<li>k\u00f6etav ruumala 18-35 m\u00b3<\/li>\n<li>v\u00f5imusus 18 kW<\/li>\n<li>kivide mahutavus 250 kg<\/li>\n<\/ul>\n<p><strong>Elektrikerise ohutuskaugused:<\/strong><\/p>\n<ul>\n<li>A: 180 mm<\/li>\n<li>B: 920 mm<\/li>\n<li>C: 400 mm<\/li>\n<li>H: 750 mm<\/li>\n<\/ul>\n<p><strong>Garantii<\/strong>:<\/p>\n<ul>\n<li>kodukasutus \u2013 3 aastat<\/li>\n<li>\u00e4rikasutus \u2013 1 aasta<\/li>\n<\/ul>\n<p>Kui vajad sellele kerisele varuosi, siis saada meile e-mail. Lisavarustus on leitav <a href=\"https:\/\/factory.sale\/et\/product-category\/sanitaartehnika\/saunatarvikud\/huum-et-2\/\" target=\"_blank\" rel=\"noopener\">SIIT<\/a>.<\/p>\n<p><strong>EAN: 4744103011186<br \/>\n<\/strong><\/p>\n<h2>HUUM HIVE KIVIDE ASETUS<\/h2>\n<div class=\"video-wrapper \"><iframe loading=\"lazy\" title=\"HUUM HIVE stone placement with air tunnel\" width=\"500\" height=\"281\" src=\"https:\/\/www.youtube.com\/embed\/KGpDOv_lg4M?feature=oembed\" frameborder=\"0\" allow=\"accelerometer; autoplay; clipboard-write; encrypted-media; gyroscope; picture-in-picture; web-share\" referrerpolicy=\"strict-origin-when-cross-origin\" allowfullscreen><\/iframe><\/div>\n<h2>HUUM HIVE PAIGALDUS<\/h2>\n<div class=\"video-wrapper \"><iframe loading=\"lazy\" title=\"HUUM HIVE installation for EU\" width=\"500\" height=\"281\" src=\"https:\/\/www.youtube.com\/embed\/tjp6hVxxyGs?feature=oembed\" frameborder=\"0\" allow=\"accelerometer; autoplay; clipboard-write; encrypted-media; gyroscope; picture-in-picture; web-share\" referrerpolicy=\"strict-origin-when-cross-origin\" allowfullscreen><\/iframe><\/div>\n<h2>HUUM SAUN<\/h2>\n<div class=\"video-wrapper \"><iframe loading=\"lazy\" title=\"Sauna inspiration \u2502 HUUM HIVE Wood \u2502 wood-burning stove\" width=\"500\" height=\"281\" src=\"https:\/\/www.youtube.com\/embed\/s5SwqfqFP9Y?feature=oembed\" frameborder=\"0\" allow=\"accelerometer; autoplay; clipboard-write; encrypted-media; gyroscope; picture-in-picture; web-share\" referrerpolicy=\"strict-origin-when-cross-origin\" allowfullscreen><\/iframe><\/div>\n<h2>MIKS HUUM?<\/h2>\n<div class=\"video-wrapper \"><iframe loading=\"lazy\" title=\"Why HUUM heaters?\" width=\"500\" height=\"281\" src=\"https:\/\/www.youtube.com\/embed\/mstEnCX5Ehs?feature=oembed\" frameborder=\"0\" allow=\"accelerometer; autoplay; clipboard-write; encrypted-media; gyroscope; picture-in-picture; web-share\" referrerpolicy=\"strict-origin-when-cross-origin\" allowfullscreen><\/iframe><\/div>\n","protected":false},"excerpt":{"rendered":"<p>Elektrikeris HUUM HIVE 18kW on elegantne lahendus keskmiste ja suuremate (18-35 m\u00b3) saunade jaoks. Sobib suurep\u00e4raselt kodusaunadesse, spaadesse ja spordiklubidesse. HUUM HIVE 18 kW elektrikeris on varustatud edasij\u00f5udnud k\u00fcttetehnoloogiaga, mis v\u00f5imaldab kiiresti ja lihtsalt reguleerida temperatuuri ja niiskustasemeid, et luua ideaalne saunakeskkond.<\/p>\n","protected":false},"featured_media":99727,"comment_status":"open","ping_status":"closed","template":"","meta":{"_acf_changed":false},"factory":[],"free-shipment":[5018],"product_brand":[4432],"product_cat":[719,306,784],"product_tag":[2179,721,718,4972,808,811,2176],"class_list":{"0":"post-11737","1":"product","2":"type-product","3":"status-publish","4":"has-post-thumbnail","6":"free-shipment-tasuta-saatmine","7":"product_brand-huum-et","8":"product_cat-huum","9":"product_cat-saunakerised","10":"product_cat-sanitaartehnika","11":"product_tag-electric-heater-et","12":"product_tag-hive-et","13":"product_tag-huum-et","14":"product_tag-huum-hive-et","15":"product_tag-kerised","16":"product_tag-sauna-et","17":"product_tag-sauna-heater-et","19":"first","20":"instock","21":"sale","22":"taxable","23":"shipping-taxable","24":"purchasable","25":"product-type-simple"},"acf":[],"_links":{"self":[{"href":"https:\/\/factory.sale\/et\/wp-json\/wp\/v2\/product\/11737","targetHints":{"allow":["GET"]}}],"collection":[{"href":"https:\/\/factory.sale\/et\/wp-json\/wp\/v2\/product"}],"about":[{"href":"https:\/\/factory.sale\/et\/wp-json\/wp\/v2\/types\/product"}],"replies":[{"embeddable":true,"href":"https:\/\/factory.sale\/et\/wp-json\/wp\/v2\/comments?post=11737"}],"wp:featuredmedia":[{"embeddable":true,"href":"https:\/\/factory.sale\/et\/wp-json\/wp\/v2\/media\/99727"}],"wp:attachment":[{"href":"https:\/\/factory.sale\/et\/wp-json\/wp\/v2\/media?parent=11737"}],"wp:term":[{"taxonomy":"factory","embeddable":true,"href":"https:\/\/factory.sale\/et\/wp-json\/wp\/v2\/factory?post=11737"},{"taxonomy":"free-shipment","embeddable":true,"href":"https:\/\/factory.sale\/et\/wp-json\/wp\/v2\/free-shipment?post=11737"},{"taxonomy":"product_brand","embeddable":true,"href":"https:\/\/factory.sale\/et\/wp-json\/wp\/v2\/product_brand?post=11737"},{"taxonomy":"product_cat","embeddable":true,"href":"https:\/\/factory.sale\/et\/wp-json\/wp\/v2\/product_cat?post=11737"},{"taxonomy":"product_tag","embeddable":true,"href":"https:\/\/factory.sale\/et\/wp-json\/wp\/v2\/product_tag?post=11737"}],"curies":[{"name":"wp","href":"https:\/\/api.w.org\/{rel}","templated":true}]}}