{"id":11712,"date":"2022-08-18T10:01:36","date_gmt":"2022-08-18T10:05:59","guid":{"rendered":"https:\/\/factory.sale\/?post_type=product&#038;p=11712"},"modified":"2026-03-05T16:43:13","modified_gmt":"2026-03-05T13:43:13","slug":"elektrikeris-huum-hive-mini-9kw","status":"publish","type":"product","link":"https:\/\/factory.sale\/et\/toode\/elektrikeris-huum-hive-mini-9kw\/","title":{"rendered":"Elektrikeris HUUM HIVE Mini 9kW \u00f5hutunneliga"},"content":{"rendered":"<h2><span style=\"font-size: 14pt;\">HUUM HIVE MINI \u2013 Mesitarust inspireeritud elegantne elektrikeris kompaktsetesse leiliruumidesse<\/span><\/h2>\n<p>HIVE Mini elektrikeris on saledam versioon majesteetlikust HIVE kerisest ja loodud sobituma pisut v\u00e4iksematesse leiliruumidesse. Nii nagu suurem vend, on ka HIVE Mini inspiratsiooni saanud mesitarust. Saledad kaared ja \u00fcmar vorm lasevad esile tulla kivide loomulikul ilul ning teevad kerisest igas leiliruumis t\u00e4helepanu p\u00fc\u00fcdva keskpunkti. Kerise puhas ja lihtne disain annab saunale p\u00f5hjamaiselt rahuliku ilme. Vastupidavast roostevabast terasest kere mahutab 150 kg kive ning kindlustab maheda ja rikkaliku leili. HIVE Mini v\u00f5imaldab nautida pikka ning l\u00f5\u00f5gastavat saunask\u00e4iku ilma, et vajaksid selleks suurem\u00f5\u00f5tmelist kerist.<\/p>\n<p data-start=\"248\" data-end=\"681\">HUUM HIVE Mini elektrikeris on kompaktsuse, j\u00f5udluse ja elegantse disaini ideaalne kombinatsioon. See mudel on loodud neile, kes soovivad nautida pehmet ja kvaliteetset leili v\u00e4iksemas v\u00f5i keskmise suurusega leiliruumis, ilma et keris v\u00f5taks liigselt ruumi. HIVE Mini on klassikalise HIVE-sarja v\u00e4iksem vend \u2013 sama tugeva k\u00fcttetehnoloogia, sama kvaliteedi ja sama visuaalse puhtusega, kuid m\u00f5eldud saunadele suurusega 10\u201313m\u00b3.<\/p>\n<p data-start=\"683\" data-end=\"1116\">Keris eristub oma avatud kivikorvi poolest, mis v\u00f5imaldab kividel kuumeneda \u00fchtlaselt igast k\u00fcljest ning tagab pehme ja kaua kestva leili. Suur kivimaht on HIVE Mini \u00fcks olulisemaid omadusi, sest just kivid annavad leilile s\u00fcgavuse, niiskuse. T\u00e4nu sellele saab vesi kividele valamisel aurustuda aeglaselt, luues rahuliku ja l\u00f5\u00f5gastava atmosf\u00e4\u00e4ri, mis on omane traditsioonilisele saunale.<\/p>\n<p data-start=\"1118\" data-end=\"1534\">Disainilt on HIVE Mini keris selgelt HUUMi k\u00e4ekirjaga \u2013 minimalistlik ja skandinaavialik. Kerise \u00fcmar vorm muudab selle leiliruumis harmooniliseks elemendiks, mis ei t\u00f5mba liialt t\u00e4helepanu, kuid lisab ruumile visuaalset kvaliteeti.<\/p>\n<p data-start=\"1864\" data-end=\"2257\">Keris \u00fchildub k\u00f5igi HUUMi UKU juhtimiss\u00fcsteemidega. See loob v\u00f5imaluse sauna juhtida nutitelefonist, m\u00e4\u00e4rata ajastusi, seadistada temperatuuri v\u00f5i k\u00e4ivitada leiliruum kasv\u00f5i kodust eemal olles. UKU rakendus muudab sauna igap\u00e4evase kasutamise mugavamaks kui kunagi varem. See on ideaalne lahendus modernsetele kodudele, kus hinnatakse mugavust.<\/p>\n<p data-start=\"2259\" data-end=\"2643\">HIVE Mini kerise eelis ka selle paigaldus- ja hooldusmugavus. K\u00f5ik komponendid on kergesti ligip\u00e4\u00e4setavad, mis teeb kerise puhastamise ja hooldamise lihtsaks ning kasutajas\u00f5bralikuks. HUUMi kerised on tuntud oma pika eluea poolest \u2013 kvaliteetsed materjalid ja t\u00e4pne disain tagavad, et keris peab aastaid vastu intensiivsele kasutusele.<\/p>\n<p data-start=\"2645\" data-end=\"2995\">Turvalisus on samuti HUUM HIVE Mini oluline m\u00e4rks\u00f5na. Kerise konstruktsioon on loodud nii, et kuumad pinnad oleksid maksimaalselt kaetud kividega, v\u00e4hendades p\u00f5letusriski ja tagades ohutuma kasutuskogemuse. Vajadusel on v\u00f5imalik paigaldada lisakaitsed, mis sobivad eriti h\u00e4sti majutusasutustele v\u00f5i saunaomanikele, kes soovivad tagada t\u00e4ielikku meelerahu.<\/p>\n<p data-start=\"2997\" data-end=\"3485\">HUUM HIVE Mini elektrikeris on ideaalne valik neile, kes soovivad \u00fchendada kompaktse suuruse, tugeva j\u00f5udluse ja esmaklassilise leilikvaliteedi. See keris sobib suurep\u00e4raselt nii kodusaunadesse kui ka v\u00e4iksematesse professionaalsetesse leiliruumidesse, kus hinnatakse kvaliteeti, t\u00f6\u00f6kindlust ja kaasaegseid nutijuhtimise v\u00f5imalusi. HIVE Mini pakub k\u00f5ike seda, mida v\u00f5iks oodata \u00fchelt uuema p\u00f5lvkonna elektrikeriselt \u2013 t\u00f5husust, ilu, mugavust ja t\u00f5eliselt m\u00f5nusat saunaelamust.<\/p>\n<p>Alates 2025. aastast kuulub \u00f5hutunnel k\u00f5ikide HIVE Mini mudelite standardvarustusse.<\/p>\n<p>Soovitame kerisele paigaldada kaitsepiirde \u2013 kas HUUMi kaitsepiirde v\u00f5i eritellimusena valmistatud kaitsepiirde, et tagada saunas suurem ohutus ja mugavus.<\/p>\n<p>\u00d5ige suurusega keris = parem saun! Kasuta meie <a href=\"https:\/\/huum.ee\/kalkulaator\/\" target=\"_blank\" rel=\"noopener\">sauna kalkulaatorit<\/a>, et veenduda, et valid just \u00f5ige v\u00f5imsuse.<\/p>\n<p>&nbsp;<\/p>\n<p><strong>Komplekt sisaldab:<\/strong><\/p>\n<ul>\n<li>elektrikerist<\/li>\n<li>reguleeritavaid jalgasid (t\u00f5stavad kerist kuni 7cm)<\/li>\n<\/ul>\n<p><strong>Keris vajab juurde:<\/strong><\/p>\n<ul>\n<li><a href=\"https:\/\/factory.sale\/et\/product-category\/sanitaartehnika\/juhtpuldid\/huum-et\/\" target=\"_blank\" rel=\"noopener\">juhtpulti<\/a><\/li>\n<li>kuumakindlat toitekaablit<\/li>\n<li>150 kilogrammi 5-10 cm l\u00e4bim\u00f5\u00f5duga <a href=\"https:\/\/factory.sale\/et\/toode\/kerise-kivid\/\" target=\"_blank\" rel=\"noopener\">kerisekive<\/a><\/li>\n<\/ul>\n<p>Meie soovitame kasutada kerises \u00fcmaraid kerisekive. Need tagavad pehmema leili \u2013 vesi liigub s\u00fcgavamale kivikihtidesse ja aurustub aeglaselt, luues m\u00f5nusa ja pika leilikogemuse.<\/p>\n<p><strong>Tehnilised andmed:<\/strong><\/p>\n<ul>\n<li>kaal 16 kg<\/li>\n<li>k\u00f5rgus 75 cm<\/li>\n<li>diameeter 46 vm<\/li>\n<li>k\u00f6etav ruumala 8-13 m\u00b3<\/li>\n<li>v\u00f5imusus 9 kW<\/li>\n<li>kivide mahutavus 150 kg<\/li>\n<\/ul>\n<p><strong>Elektrikerise ohutuskaugused:<\/strong><\/p>\n<ul>\n<li>A: 90 mm<\/li>\n<li>B: 640 mm<\/li>\n<li>C: 400 mm<\/li>\n<li>H: 750 mm<\/li>\n<\/ul>\n<p><strong>Garantii<\/strong>:<\/p>\n<ul>\n<li>kodukasutus \u2013 3 aastat<\/li>\n<li>\u00e4rikasutus \u2013 1 aasta<\/li>\n<\/ul>\n<p>Kui vajad sellele kerisele varuosi, siis saada meile e-mail. Lisavarustus on leitav <a href=\"https:\/\/factory.sale\/et\/product-category\/sanitaartehnika\/saunatarvikud\/huum-et-2\/\" target=\"_blank\" rel=\"noopener\">SIIT<\/a>.<\/p>\n<p><strong>EAN: 4744103010196<\/p>\n<p><\/strong><\/p>\n<h2>HUUM HIVE MINI KIVIDE ASETUS<\/h2>\n<div class=\"video-wrapper \"><iframe loading=\"lazy\" title=\"HUUM HIVE stone placement with air tunnel\" width=\"500\" height=\"281\" src=\"https:\/\/www.youtube.com\/embed\/KGpDOv_lg4M?feature=oembed\" frameborder=\"0\" allow=\"accelerometer; autoplay; clipboard-write; encrypted-media; gyroscope; picture-in-picture; web-share\" referrerpolicy=\"strict-origin-when-cross-origin\" allowfullscreen><\/iframe><\/div>\n<h2>HUUM HIVE MINI PAIGALDUS<\/h2>\n<div class=\"video-wrapper \"><iframe loading=\"lazy\" title=\"HUUM HIVE Mini installation for EU\" width=\"500\" height=\"281\" src=\"https:\/\/www.youtube.com\/embed\/_IW_3BZ3Etc?feature=oembed\" frameborder=\"0\" allow=\"accelerometer; autoplay; clipboard-write; encrypted-media; gyroscope; picture-in-picture; web-share\" referrerpolicy=\"strict-origin-when-cross-origin\" allowfullscreen><\/iframe><\/div>\n<h2>HUUM SAUN<\/h2>\n<div class=\"video-wrapper \"><iframe loading=\"lazy\" title=\"Sauna inspiration \u2502 HUUM HIVE Wood \u2502 wood-burning stove\" width=\"500\" height=\"281\" src=\"https:\/\/www.youtube.com\/embed\/s5SwqfqFP9Y?feature=oembed\" frameborder=\"0\" allow=\"accelerometer; autoplay; clipboard-write; encrypted-media; gyroscope; picture-in-picture; web-share\" referrerpolicy=\"strict-origin-when-cross-origin\" allowfullscreen><\/iframe><\/div>\n<h2>MIKS HUUM?<\/h2>\n<div class=\"video-wrapper \"><iframe loading=\"lazy\" title=\"Why HUUM heaters?\" width=\"500\" height=\"281\" src=\"https:\/\/www.youtube.com\/embed\/mstEnCX5Ehs?feature=oembed\" frameborder=\"0\" allow=\"accelerometer; autoplay; clipboard-write; encrypted-media; gyroscope; picture-in-picture; web-share\" referrerpolicy=\"strict-origin-when-cross-origin\" allowfullscreen><\/iframe><\/div>\n","protected":false},"excerpt":{"rendered":"<p>Elektrikeris HUUM HIVE Mini 9kW on saledam versioon populaarsest HIVE kerisest. See sobib ideaalselt v\u00e4iksema ja keskmise suurusega (8-13 m\u00b3) kodusaunadesse.<\/p>\n","protected":false},"featured_media":133238,"comment_status":"open","ping_status":"closed","template":"","meta":{"_acf_changed":false},"factory":[],"free-shipment":[5018],"product_brand":[4432],"product_cat":[719,784],"product_tag":[718,4972,808,811],"class_list":{"0":"post-11712","1":"product","2":"type-product","3":"status-publish","4":"has-post-thumbnail","6":"free-shipment-tasuta-saatmine","7":"product_brand-huum-et","8":"product_cat-huum","9":"product_cat-sanitaartehnika","10":"product_tag-huum-et","11":"product_tag-huum-hive-et","12":"product_tag-kerised","13":"product_tag-sauna-et","15":"first","16":"instock","17":"sale","18":"taxable","19":"shipping-taxable","20":"purchasable","21":"product-type-simple"},"acf":[],"_links":{"self":[{"href":"https:\/\/factory.sale\/et\/wp-json\/wp\/v2\/product\/11712","targetHints":{"allow":["GET"]}}],"collection":[{"href":"https:\/\/factory.sale\/et\/wp-json\/wp\/v2\/product"}],"about":[{"href":"https:\/\/factory.sale\/et\/wp-json\/wp\/v2\/types\/product"}],"replies":[{"embeddable":true,"href":"https:\/\/factory.sale\/et\/wp-json\/wp\/v2\/comments?post=11712"}],"wp:featuredmedia":[{"embeddable":true,"href":"https:\/\/factory.sale\/et\/wp-json\/wp\/v2\/media\/133238"}],"wp:attachment":[{"href":"https:\/\/factory.sale\/et\/wp-json\/wp\/v2\/media?parent=11712"}],"wp:term":[{"taxonomy":"factory","embeddable":true,"href":"https:\/\/factory.sale\/et\/wp-json\/wp\/v2\/factory?post=11712"},{"taxonomy":"free-shipment","embeddable":true,"href":"https:\/\/factory.sale\/et\/wp-json\/wp\/v2\/free-shipment?post=11712"},{"taxonomy":"product_brand","embeddable":true,"href":"https:\/\/factory.sale\/et\/wp-json\/wp\/v2\/product_brand?post=11712"},{"taxonomy":"product_cat","embeddable":true,"href":"https:\/\/factory.sale\/et\/wp-json\/wp\/v2\/product_cat?post=11712"},{"taxonomy":"product_tag","embeddable":true,"href":"https:\/\/factory.sale\/et\/wp-json\/wp\/v2\/product_tag?post=11712"}],"curies":[{"name":"wp","href":"https:\/\/api.w.org\/{rel}","templated":true}]}}