{"id":11702,"date":"2022-08-18T08:43:02","date_gmt":"2022-08-18T08:49:05","guid":{"rendered":"https:\/\/factory.sale\/?post_type=product&#038;p=11702"},"modified":"2026-03-05T16:43:13","modified_gmt":"2026-03-05T13:43:13","slug":"huum-kerisekivide-hoidik","status":"publish","type":"product","link":"https:\/\/factory.sale\/et\/toode\/huum-kerisekivide-hoidik\/","title":{"rendered":"HUUM kerisekivide hoidik"},"content":{"rendered":"<h2><span style=\"font-size: 14pt;\">HUUM kerisekivide hoidik<\/span><\/h2>\n<p>HUUM kerisekivide hoidik monteeritakse otse ahjule \u00fcmber l\u00f5\u00f5ri ja t\u00e4idetakse saunakividega. T\u00e4nu lisatud kividele suureneb oluliselt vee valamise pind, mis t\u00e4hendab v\u00e4hem kuumasid metallpindu, mida soovime saunas hoida minimaalselt. Saunakividega t\u00e4idetud kivihoidik on \u00fchtlasi kerisega sobiv dekoratiivelement. Kivihoidikuid saab paigaldada \u00fcksteise peale.<\/p>\n<p>&nbsp;<\/p>\n<p>&nbsp;<\/p>\n<table class=\"woocommerce-product-attributes shop_attributes\" style=\"height: 468px;\" width=\"649\">\n<tbody>\n<tr class=\"woocommerce-product-attributes-item woocommerce-product-attributes-item--weight\">\n<th class=\"woocommerce-product-attributes-item__label\"><strong>Tehnilised andmed:<\/strong><\/th>\n<td class=\"woocommerce-product-attributes-item__value\"><\/td>\n<\/tr>\n<tr class=\"woocommerce-product-attributes-item woocommerce-product-attributes-item--attribute_pa_korgus\">\n<th class=\"woocommerce-product-attributes-item__label\">K\u00d5RGUS<\/th>\n<td class=\"woocommerce-product-attributes-item__value\">43 cm<\/td>\n<\/tr>\n<tr class=\"woocommerce-product-attributes-item woocommerce-product-attributes-item--attribute_pa_laius\">\n<th class=\"woocommerce-product-attributes-item__label\">DIAMEETER<\/th>\n<td class=\"woocommerce-product-attributes-item__value\">30 cm<\/td>\n<\/tr>\n<tr class=\"woocommerce-product-attributes-item woocommerce-product-attributes-item--attribute_pa_sugavus\">\n<th class=\"woocommerce-product-attributes-item__label\">KIVIDE MAHUTATAVUS<\/th>\n<td class=\"woocommerce-product-attributes-item__value\">35-40 kg<\/td>\n<\/tr>\n<tr class=\"woocommerce-product-attributes-item woocommerce-product-attributes-item--attribute_pa_koetav-ruumala-vahemik\">\n<th class=\"woocommerce-product-attributes-item__label\">SOBILIK<\/th>\n<td class=\"woocommerce-product-attributes-item__value\">K\u00f5ikidele HUUM puuk\u00fcttega keristele<\/td>\n<\/tr>\n<tr class=\"woocommerce-product-attributes-item woocommerce-product-attributes-item--attribute_pa_voimsus\">\n<th class=\"woocommerce-product-attributes-item__label\">MATERJAL<\/th>\n<td class=\"woocommerce-product-attributes-item__value\">roostevaba teras<\/td>\n<\/tr>\n<tr class=\"woocommerce-product-attributes-item woocommerce-product-attributes-item--attribute_pa_kivide-mahutatavus\">\n<th class=\"woocommerce-product-attributes-item__label\">EAN:<\/th>\n<td class=\"woocommerce-product-attributes-item__value\">4744103019502<\/td>\n<\/tr>\n<tr class=\"woocommerce-product-attributes-item woocommerce-product-attributes-item--attribute_pa_garantii\">\n<th class=\"woocommerce-product-attributes-item__label\"><\/th>\n<td class=\"woocommerce-product-attributes-item__value\"><\/td>\n<\/tr>\n<\/tbody>\n<\/table>\n<p>Tutvu teiste sarnaste toodetega <a title=\"siin\" href=\"https:\/\/factory.sale\/et\/product-category\/sanitaartehnika\/saunatarvikud\/huum-et-2\/\">siin<\/a><\/p>\n","protected":false},"excerpt":{"rendered":"<p>Kerisekivide hoidja monteeritakse otse ahjule \u00fcmber l\u00f5\u00f5ri ja t\u00e4idetakse saunakividega. T\u00e4nu lisatud kividele suureneb oluliselt vee valamise pind, mis t\u00e4hendab v\u00e4hem kuumasid metallpindu, mida soovime saunas hoida minimaalselt.<\/p>\n","protected":false},"featured_media":100013,"comment_status":"open","ping_status":"closed","template":"","meta":{"_acf_changed":false},"factory":[],"free-shipment":[5018],"product_brand":[],"product_cat":[719,4892],"product_tag":[718],"class_list":{"0":"post-11702","1":"product","2":"type-product","3":"status-publish","4":"has-post-thumbnail","6":"free-shipment-tasuta-saatmine","7":"product_cat-huum","8":"product_cat-saunaahjude-ja-keriste-lisad","9":"product_tag-huum-et","11":"first","12":"instock","13":"sale","14":"taxable","15":"shipping-taxable","16":"purchasable","17":"product-type-simple"},"acf":[],"_links":{"self":[{"href":"https:\/\/factory.sale\/et\/wp-json\/wp\/v2\/product\/11702","targetHints":{"allow":["GET"]}}],"collection":[{"href":"https:\/\/factory.sale\/et\/wp-json\/wp\/v2\/product"}],"about":[{"href":"https:\/\/factory.sale\/et\/wp-json\/wp\/v2\/types\/product"}],"replies":[{"embeddable":true,"href":"https:\/\/factory.sale\/et\/wp-json\/wp\/v2\/comments?post=11702"}],"wp:featuredmedia":[{"embeddable":true,"href":"https:\/\/factory.sale\/et\/wp-json\/wp\/v2\/media\/100013"}],"wp:attachment":[{"href":"https:\/\/factory.sale\/et\/wp-json\/wp\/v2\/media?parent=11702"}],"wp:term":[{"taxonomy":"factory","embeddable":true,"href":"https:\/\/factory.sale\/et\/wp-json\/wp\/v2\/factory?post=11702"},{"taxonomy":"free-shipment","embeddable":true,"href":"https:\/\/factory.sale\/et\/wp-json\/wp\/v2\/free-shipment?post=11702"},{"taxonomy":"product_brand","embeddable":true,"href":"https:\/\/factory.sale\/et\/wp-json\/wp\/v2\/product_brand?post=11702"},{"taxonomy":"product_cat","embeddable":true,"href":"https:\/\/factory.sale\/et\/wp-json\/wp\/v2\/product_cat?post=11702"},{"taxonomy":"product_tag","embeddable":true,"href":"https:\/\/factory.sale\/et\/wp-json\/wp\/v2\/product_tag?post=11702"}],"curies":[{"name":"wp","href":"https:\/\/api.w.org\/{rel}","templated":true}]}}