{"id":11695,"date":"2022-08-18T08:29:49","date_gmt":"2022-08-18T08:31:55","guid":{"rendered":"https:\/\/factory.sale\/?post_type=product&#038;p=11695"},"modified":"2026-01-26T09:54:13","modified_gmt":"2026-01-26T06:54:13","slug":"hive-wood-vee-soojusvaheti","status":"publish","type":"product","link":"https:\/\/factory.sale\/et\/toode\/hive-wood-vee-soojusvaheti\/","title":{"rendered":"HIVE Wood vee soojusvaheti"},"content":{"rendered":"<h2><span style=\"font-size: 14pt;\">HIVE Wood vee soojusvaheti<\/span><\/h2>\n<p>Soojusvaheti soojendab vett, kui sauna k\u00f6etakse. Soojusvaheti on valmistatud 4 mm terasest ja kaetud kuumakindla v\u00e4rviga. Soojusvahetil on \u00be\u2033 v\u00e4listorud soojusvaheti \u00fchendamiseks veepaagiga. Soojusvaheti v\u00f5ib asetada tagumisse serva v\u00f5i k\u00fclgedele.<\/p>\n<p>&nbsp;<\/p>\n<p>\u00dchildub k\u00f5igi HUUMi puuk\u00fcttega ahjudega<\/p>\n<p>EAN 4744103019519<\/p>\n<p>Tutvu teiste sarnaste toodetega\u00a0<a title=\"siin\" href=\"https:\/\/factory.sale\/et\/product-category\/sanitaartehnika\/saunaahjude-ja-keriste-lisad\/\">siin<\/a><\/p>\n","protected":false},"excerpt":{"rendered":"<p>See soojusvaheti v\u00f5imaldab soojendada vett samaaegselt sauna k\u00fctmisega, mis on traditsiooniline viis tagada, et teil on p\u00e4rast pesemiseks kuum vesi.<\/p>\n","protected":false},"featured_media":100168,"comment_status":"open","ping_status":"closed","template":"","meta":{"_acf_changed":false},"factory":[],"free-shipment":[],"product_brand":[],"product_cat":[4892],"product_tag":[718],"class_list":{"0":"post-11695","1":"product","2":"type-product","3":"status-publish","4":"has-post-thumbnail","6":"product_cat-saunaahjude-ja-keriste-lisad","7":"product_tag-huum-et","9":"first","10":"instock","11":"sale","12":"taxable","13":"shipping-taxable","14":"purchasable","15":"product-type-simple"},"acf":[],"_links":{"self":[{"href":"https:\/\/factory.sale\/et\/wp-json\/wp\/v2\/product\/11695","targetHints":{"allow":["GET"]}}],"collection":[{"href":"https:\/\/factory.sale\/et\/wp-json\/wp\/v2\/product"}],"about":[{"href":"https:\/\/factory.sale\/et\/wp-json\/wp\/v2\/types\/product"}],"replies":[{"embeddable":true,"href":"https:\/\/factory.sale\/et\/wp-json\/wp\/v2\/comments?post=11695"}],"wp:featuredmedia":[{"embeddable":true,"href":"https:\/\/factory.sale\/et\/wp-json\/wp\/v2\/media\/100168"}],"wp:attachment":[{"href":"https:\/\/factory.sale\/et\/wp-json\/wp\/v2\/media?parent=11695"}],"wp:term":[{"taxonomy":"factory","embeddable":true,"href":"https:\/\/factory.sale\/et\/wp-json\/wp\/v2\/factory?post=11695"},{"taxonomy":"free-shipment","embeddable":true,"href":"https:\/\/factory.sale\/et\/wp-json\/wp\/v2\/free-shipment?post=11695"},{"taxonomy":"product_brand","embeddable":true,"href":"https:\/\/factory.sale\/et\/wp-json\/wp\/v2\/product_brand?post=11695"},{"taxonomy":"product_cat","embeddable":true,"href":"https:\/\/factory.sale\/et\/wp-json\/wp\/v2\/product_cat?post=11695"},{"taxonomy":"product_tag","embeddable":true,"href":"https:\/\/factory.sale\/et\/wp-json\/wp\/v2\/product_tag?post=11695"}],"curies":[{"name":"wp","href":"https:\/\/api.w.org\/{rel}","templated":true}]}}