{"id":11682,"date":"2022-08-17T21:13:30","date_gmt":"2022-08-17T21:15:56","guid":{"rendered":"https:\/\/factory.sale\/?post_type=product&#038;p=11682"},"modified":"2026-02-10T19:12:16","modified_gmt":"2026-02-10T16:12:16","slug":"kuumaalus-huum-hive-puukerisele-l","status":"publish","type":"product","link":"https:\/\/factory.sale\/et\/toode\/kuumaalus-huum-hive-puukerisele-l\/","title":{"rendered":"Kuumaalus HUUM HIVE puukerisele L"},"content":{"rendered":"<h2><span style=\"font-size: 14pt;\">Kuumaalus HUUM HIVE puukerisele<\/span><\/h2>\n<p>Kuumaalus L on m\u00f5eldud kasutamiseks leiliruumides, kus HUUM HIVE puukeris paigaldatakse puitp\u00f5randale v\u00f5i m\u00f5nele muule p\u00f5levast materjalist p\u00f5randale. Lisaks soovitame seda kasutada ka siis, kui p\u00f5randas (kerise all) on vesip\u00f5randak\u00fctte torustik.<\/p>\n<p>Kuumaalus kaitseb nii p\u00f5levast materjalist p\u00f5randat kui torustikku.<\/p>\n<p>Kuumaalus on reguleeritavad jalad ja selle maksimaalne kandev\u00f5ime on 300 kilogrammi.<\/p>\n<p>Kuumaalus L sobib HUUM HIVE Wood 17kW puukerisele.<\/p>\n<p><em>NB! Kuumaalus L ei sobi pikendatud koldega HUUM HIVE Wood 17kW LS puukerisele!<\/em><\/p>\n<p><strong>Tehnilised andmed:<\/strong><\/p>\n<ul>\n<li>PIKKUS: 65 cm<\/li>\n<li>LAIUS: 55 cm<\/li>\n<li>EAN 4744103019533<\/li>\n<\/ul>\n<p>&nbsp;<\/p>\n<div class=\"video-wrapper \"><iframe loading=\"lazy\" title=\"HUUM Sauna\" width=\"500\" height=\"281\" src=\"https:\/\/www.youtube.com\/embed\/iwtstDYE1Do?feature=oembed\" frameborder=\"0\" allow=\"accelerometer; autoplay; clipboard-write; encrypted-media; gyroscope; picture-in-picture; web-share\" referrerpolicy=\"strict-origin-when-cross-origin\" allowfullscreen><\/iframe><\/div>\n<p>&nbsp;<\/p>\n<p><a title=\"Vaata videot uues aknas\" href=\"https:\/\/www.youtube.com\/watch?v=iwtstDYE1Do\" target=\"_blank\" rel=\"noopener\">Vaata videot uues aknas<\/a><\/p>\n<p>Tutvu teiste sarnaste toodetega\u00a0<a title=\"siin\" href=\"https:\/\/factory.sale\/et\/product-category\/sanitaartehnika\/saunaahjude-ja-keriste-lisad\/\">siin<\/a><\/p>\n","protected":false},"excerpt":{"rendered":"<p>Kuumaalus HUUM HIVE L on m\u00f5eldud kasutamiseks leiliruumides, kus HIVE puukeris paigaldatakse puitp\u00f5randale v\u00f5i m\u00f5nele muule p\u00f5levast materjalist p\u00f5randale.<\/p>\n","protected":false},"featured_media":100183,"comment_status":"open","ping_status":"closed","template":"","meta":{"_acf_changed":false},"factory":[],"free-shipment":[],"product_brand":[4432],"product_cat":[4892],"product_tag":[398,718,811],"class_list":{"0":"post-11682","1":"product","2":"type-product","3":"status-publish","4":"has-post-thumbnail","6":"product_brand-huum-et","7":"product_cat-saunaahjude-ja-keriste-lisad","8":"product_tag-floor-protection-et-2","9":"product_tag-huum-et","10":"product_tag-sauna-et","12":"first","13":"instock","14":"sale","15":"taxable","16":"shipping-taxable","17":"purchasable","18":"product-type-simple"},"acf":[],"_links":{"self":[{"href":"https:\/\/factory.sale\/et\/wp-json\/wp\/v2\/product\/11682","targetHints":{"allow":["GET"]}}],"collection":[{"href":"https:\/\/factory.sale\/et\/wp-json\/wp\/v2\/product"}],"about":[{"href":"https:\/\/factory.sale\/et\/wp-json\/wp\/v2\/types\/product"}],"replies":[{"embeddable":true,"href":"https:\/\/factory.sale\/et\/wp-json\/wp\/v2\/comments?post=11682"}],"wp:featuredmedia":[{"embeddable":true,"href":"https:\/\/factory.sale\/et\/wp-json\/wp\/v2\/media\/100183"}],"wp:attachment":[{"href":"https:\/\/factory.sale\/et\/wp-json\/wp\/v2\/media?parent=11682"}],"wp:term":[{"taxonomy":"factory","embeddable":true,"href":"https:\/\/factory.sale\/et\/wp-json\/wp\/v2\/factory?post=11682"},{"taxonomy":"free-shipment","embeddable":true,"href":"https:\/\/factory.sale\/et\/wp-json\/wp\/v2\/free-shipment?post=11682"},{"taxonomy":"product_brand","embeddable":true,"href":"https:\/\/factory.sale\/et\/wp-json\/wp\/v2\/product_brand?post=11682"},{"taxonomy":"product_cat","embeddable":true,"href":"https:\/\/factory.sale\/et\/wp-json\/wp\/v2\/product_cat?post=11682"},{"taxonomy":"product_tag","embeddable":true,"href":"https:\/\/factory.sale\/et\/wp-json\/wp\/v2\/product_tag?post=11682"}],"curies":[{"name":"wp","href":"https:\/\/api.w.org\/{rel}","templated":true}]}}