{"id":11672,"date":"2025-06-17T20:49:48","date_gmt":"2022-08-17T20:54:50","guid":{"rendered":"https:\/\/factory.sale\/?post_type=product&#038;p=11672"},"modified":"2026-03-05T16:39:01","modified_gmt":"2026-03-05T13:39:01","slug":"puukuttega-keris-huum-hive-wood-17kw-ls","status":"publish","type":"product","link":"https:\/\/factory.sale\/et\/toode\/puukuttega-keris-huum-hive-wood-17kw-ls\/","title":{"rendered":"Puuk\u00fcttega keris HUUM HIVE Wood 17kW LS"},"content":{"rendered":"<h2><span style=\"font-size: 14pt;\">HUUM HIVE Wood LS &#8211; T\u00f5hus ja stiilne puuk\u00fcttega keris, mis loob t\u00f5elise saunaelamuse<\/span><\/h2>\n<p data-start=\"108\" data-end=\"590\">HUUM HIVE Wood LS puukeris on kindel ja stiilne valik iga\u00fchele, kes hindab traditsioonilise sauna ajatut lihtsust v\u00f5i kelle leiliruumis puudub elektri\u00fchendus. Selle disain on inspireeritud p\u00f5hjamaade rahulikust esteetikast \u2013 puhas, selge ja loomulik, mis toob kaunilt esile kerise s\u00fcdameks olevate kivide ilu ning loob ruumis tasakaaluka atmosf\u00e4\u00e4ri. HIVE Wood ei ole \u00fcksnes pilkup\u00fc\u00fcdev sisustuselement, vaid ka t\u00f5hus ja vastupidav soojusallikas, mille iga detail on loodud juhtimaks kuumust \u00fchtaegu intensiivselt ja \u00f5rnalt, pakkudes kasutajale \u00fclimalt meeldivat saunaelamust.<\/p>\n<p data-start=\"592\" data-end=\"1067\">Suure mahutavusega kivikamber tagab selle, et keris akumuleerib soojust kaua ja vabastab seda \u00fchtlase ning maheda leilina. Tugev leek koldes ja efektiivne p\u00f5lemisprotsess annavad kiiresti m\u00f5nusalt kuuma sauna, samal ajal kui koldesse paigutatud 5 mm paksusest terasest leegil\u00f5ikaja talub ka k\u00f5ige k\u00f5rgemaid temperatuure, tagades kerise pika kasutusea. Soovi korral on v\u00f5imalik kivide alla paigaldada soojusvaheti, mis v\u00f5imaldab kerise abil mugavalt ka saunavett soojendada.<\/p>\n<p data-start=\"1069\" data-end=\"1334\" data-is-last-node=\"\" data-is-only-node=\"\">Elav tuli, puidu l\u00f5hn ja vaikne praksumine koldes loovad hubase \u00f5hkkonna, mis viib m\u00f5tted eemale argip\u00e4eva saginast ning aitab t\u00e4ielikult l\u00f5dvestuda. HIVE Wood pakub just seda ehedate saunarituaalide kogemust, mille juurde inimesed p\u00f5lvkondade kaupa tagasi tulevad.<\/p>\n<p>HUUM HIVE Wood LS on koldepikendusega mudel, mis v\u00f5imaldab kerist k\u00fctta k\u00f5rvalasuvast ruumist. See on eriti mugav lahendus, kui soovid, et leiliruum j\u00e4\u00e4ks rahulikuks ja suitsuvabaks. Lisaks annab kvaliteetne 5 mm roostevabast terasest leegil\u00f5ikaja kindlustunde, et kerise k\u00f5ige kuumem osa talub p\u00fcsivat intensiivset k\u00fctmist.<\/p>\n<p data-start=\"121\" data-end=\"673\">Lisaks suurep\u00e4rasele kasutuskogemusele on HUUM HIVE Wood puukeris tuntud ka oma l\u00e4bim\u00f5eldud ehituse ja t\u00f6\u00f6kindluse poolest. Kerise konstruktsioon suunab \u00f5hu liikumist viisil, mis toetab t\u00f5husat p\u00f5lemist ja tagab k\u00fctuse maksimaalse \u00e4rakasutamise. T\u00e4nu sellele kulub v\u00e4hem puid, kuid saavutatakse tugev ja stabiilne kuumus, mis sobib nii kiireks saunatamiseks kui ka pikemaks l\u00f5\u00f5gastavaks leiliv\u00f5tuks. Kerise \u00fcmar vorm ja avatud kivikamber v\u00f5imaldavad kividele valatud vee \u00fchtlast ja pehmet aurustumist, mis loob saunas meeldiva niiske ja t\u00e4idlase leili.<\/p>\n<p data-start=\"675\" data-end=\"1119\" data-is-last-node=\"\" data-is-only-node=\"\">HIVE Wood mudel on m\u00f5eldud kestma. Selle materjalid, konstruktsioon ja minimalistlik disain tagavad, et keris ei kaota oma kvaliteeti ega visuaalset ilu ka aastate m\u00f6\u00f6dudes. Puuk\u00fcttega kerise loomulik energia loob sauna erilise atmosf\u00e4\u00e4ri, mis toob inimesi kokku ja muudab igast saunask\u00e4igust s\u00fcndmuse. HUUMi keris on seega mitte ainult praktiline k\u00fctteseade, vaid ka osa saunakultuurist, mis pakub rahu, soojust ja elamust igal kasutuskorral.<\/p>\n<p>Valides HUUM HIVE Wood LS, valid mitte ainult t\u00f5husa ja vastupidava saunakerise vaid ka sauna, mis pakub klassikalist, puuk\u00fcttega l\u00f5\u00f5gastust, autentset atmosf\u00e4\u00e4ri ja s\u00fcdamerahu. See on parim investeering sinu sauna heaks ja t\u00f5eline kutse igap\u00e4evaselt aeg maha v\u00f5tma.<\/p>\n<p>Soovitame kerisele paigaldada kaitsepiirde!<\/p>\n<p>\u00d5ige suurusega keris = parem saun! Kasuta meie <a href=\"https:\/\/huum.ee\/kalkulaator\/\" target=\"_blank\" rel=\"noopener\">sauna kalkulaatorit<\/a>, et veenduda, et valid just \u00f5ige v\u00f5imsuse.<\/p>\n<p>&nbsp;<\/p>\n<p><strong>Komplekti kuulub:<\/strong><\/p>\n<ul>\n<li>puuk\u00fcttega keris<\/li>\n<\/ul>\n<p><strong>Keris vajab juurde:<\/strong><\/p>\n<ul>\n<li>\u00fchendust korstnaga<\/li>\n<li>135 kilogrammi 5-10 cm l\u00e4bim\u00f5\u00f5duga <a href=\"https:\/\/factory.sale\/et\/toode\/kerise-kivid\/\" target=\"_blank\" rel=\"noopener\">kerisekive<\/a><\/li>\n<\/ul>\n<p>Meie soovitame kasutada kerises \u00fcmaraid kerisekive. Need tagavad pehmema leili \u2013 vesi liigub s\u00fcgavamale kivikihtidesse ja aurustub aeglaselt, luues m\u00f5nusa ja pika leilikogemuse.<\/p>\n<p><strong>Tehnilised andmed:<\/strong><\/p>\n<ul>\n<li>kaal 77 kg<\/li>\n<li>k\u00f5rgus 75 cm<\/li>\n<li>laius 55,5 cm<\/li>\n<li>s\u00fcgavus 74 cm<\/li>\n<li>k\u00f6etav ruumala 8-16 m\u00b3<\/li>\n<li>v\u00f5imusus 17 kW<\/li>\n<li>kivide mahutavus 135 kg<\/li>\n<li>k\u00fcttepuude pikkus: 40 cm<\/li>\n<li>suitsul\u00f5\u00f5ri l\u00e4bim\u00f5\u00f5t: 115 mm<\/li>\n<\/ul>\n<p><strong>Ohutuskaugused:<\/strong><\/p>\n<ul>\n<li>A: 500 mm<\/li>\n<li>B: 500 mm<\/li>\n<li>C: 1000 mm<\/li>\n<li>D: 460 mm<\/li>\n<li>E: 185 mm<\/li>\n<li>F: 740 mm<\/li>\n<li>G: 300 mm<\/li>\n<li>\u00d8: 555 mm<\/li>\n<\/ul>\n<p><strong>Garantii<\/strong>:<\/p>\n<ul>\n<li>kodukasutus \u2013 3 aastat<\/li>\n<li>\u00e4rikasutus \u2013 1 aasta<\/li>\n<\/ul>\n<p>Kui vajad sellele kerisele varuosi, siis saada meile e-mail. Lisavarustus on leitav <a href=\"https:\/\/factory.sale\/et\/product-category\/sanitaartehnika\/saunatarvikud\/huum-et-2\/\" target=\"_blank\" rel=\"noopener\">SIIT<\/a>.<\/p>\n<p><b>NB! <\/b>Korstnakomplekte saab juurde osta eraldi \u2013 leiad need <a href=\"https:\/\/factory.sale\/et\/product-category\/sanitaartehnika\/saunatarvikud\/korstnakomplektid\/\" target=\"_blank\" rel=\"noopener\">SIIT<\/a><\/p>\n<p><strong>EAN: 4744103015276<\/strong><\/p>\n<p>&nbsp;<\/p>\n<h2>HUUM HIVE WOOD KIVIDE PAIGUTUS<\/h2>\n<div class=\"video-wrapper \"><iframe loading=\"lazy\" title=\"HUUM HIVE Wood and Heat stone placement\" width=\"500\" height=\"281\" src=\"https:\/\/www.youtube.com\/embed\/6TlsxBdrBZw?feature=oembed\" frameborder=\"0\" allow=\"accelerometer; autoplay; clipboard-write; encrypted-media; gyroscope; picture-in-picture; web-share\" referrerpolicy=\"strict-origin-when-cross-origin\" allowfullscreen><\/iframe><\/div>\n<h2>HUUM SAUN<\/h2>\n<div class=\"video-wrapper \"><iframe loading=\"lazy\" title=\"HUUM Sauna\" width=\"500\" height=\"281\" src=\"https:\/\/www.youtube.com\/embed\/iwtstDYE1Do?feature=oembed\" frameborder=\"0\" allow=\"accelerometer; autoplay; clipboard-write; encrypted-media; gyroscope; picture-in-picture; web-share\" referrerpolicy=\"strict-origin-when-cross-origin\" allowfullscreen><\/iframe><\/div>\n<h2>MIKS HUUM?<\/h2>\n<div class=\"video-wrapper \"><iframe loading=\"lazy\" title=\"Why HUUM heaters?\" width=\"500\" height=\"281\" src=\"https:\/\/www.youtube.com\/embed\/mstEnCX5Ehs?feature=oembed\" frameborder=\"0\" allow=\"accelerometer; autoplay; clipboard-write; encrypted-media; gyroscope; picture-in-picture; web-share\" referrerpolicy=\"strict-origin-when-cross-origin\" allowfullscreen><\/iframe><\/div>\n","protected":false},"excerpt":{"rendered":"<p><span style=\"font-weight: 400;\">HUUM HIVE Wood on viinud iidsed saunaehitamise tarkused uuele tasemele. Puuk\u00fcttekerise k\u00f5ige tundlikum osa, leegil\u00f5ikaja, on valmistatud 5 mm paksusest roostevabast terasest ja on seet\u00f5ttu erakordselt vastupidav.<\/span><\/p>\n<ul>\n<li style=\"font-weight: 400;\"><span style=\"font-weight: 400;\">roostevaba teras<\/span><\/li>\n<li style=\"font-weight: 400;\"><span style=\"font-weight: 400;\">suur kivide mahutavus<\/span><\/li>\n<\/ul>\n","protected":false},"featured_media":99730,"comment_status":"open","ping_status":"closed","template":"","meta":{"_acf_changed":false},"factory":[],"free-shipment":[5018],"product_brand":[4432],"product_cat":[719,784],"product_tag":[2176],"class_list":{"0":"post-11672","1":"product","2":"type-product","3":"status-publish","4":"has-post-thumbnail","6":"free-shipment-tasuta-saatmine","7":"product_brand-huum-et","8":"product_cat-huum","9":"product_cat-sanitaartehnika","10":"product_tag-sauna-heater-et","12":"first","13":"instock","14":"sale","15":"taxable","16":"shipping-taxable","17":"purchasable","18":"product-type-simple"},"acf":[],"_links":{"self":[{"href":"https:\/\/factory.sale\/et\/wp-json\/wp\/v2\/product\/11672","targetHints":{"allow":["GET"]}}],"collection":[{"href":"https:\/\/factory.sale\/et\/wp-json\/wp\/v2\/product"}],"about":[{"href":"https:\/\/factory.sale\/et\/wp-json\/wp\/v2\/types\/product"}],"replies":[{"embeddable":true,"href":"https:\/\/factory.sale\/et\/wp-json\/wp\/v2\/comments?post=11672"}],"wp:featuredmedia":[{"embeddable":true,"href":"https:\/\/factory.sale\/et\/wp-json\/wp\/v2\/media\/99730"}],"wp:attachment":[{"href":"https:\/\/factory.sale\/et\/wp-json\/wp\/v2\/media?parent=11672"}],"wp:term":[{"taxonomy":"factory","embeddable":true,"href":"https:\/\/factory.sale\/et\/wp-json\/wp\/v2\/factory?post=11672"},{"taxonomy":"free-shipment","embeddable":true,"href":"https:\/\/factory.sale\/et\/wp-json\/wp\/v2\/free-shipment?post=11672"},{"taxonomy":"product_brand","embeddable":true,"href":"https:\/\/factory.sale\/et\/wp-json\/wp\/v2\/product_brand?post=11672"},{"taxonomy":"product_cat","embeddable":true,"href":"https:\/\/factory.sale\/et\/wp-json\/wp\/v2\/product_cat?post=11672"},{"taxonomy":"product_tag","embeddable":true,"href":"https:\/\/factory.sale\/et\/wp-json\/wp\/v2\/product_tag?post=11672"}],"curies":[{"name":"wp","href":"https:\/\/api.w.org\/{rel}","templated":true}]}}