{"id":11651,"date":"2022-08-17T11:10:36","date_gmt":"2022-08-17T11:10:44","guid":{"rendered":"https:\/\/factory.sale\/?post_type=product&#038;p=11651"},"modified":"2026-01-23T12:20:02","modified_gmt":"2026-01-23T09:20:02","slug":"kerise-kivid","status":"publish","type":"product","link":"https:\/\/factory.sale\/et\/toode\/kerise-kivid\/","title":{"rendered":"Kerisekivid"},"content":{"rendered":"<p>Soovitame HUUMi keristes kasutada \u00fcmaraid kive, mis t\u00e4iendavad kerise disaini ja pakuvad mahedamat leili. Meie tootevalikus on \u00fcmarad oliviindiabaasist kivid kahes erinevas suurusvahemikus: 3-5 cm ja 5-10 cm. Kivid on vastupidavad ja suure soojusmahutavusega. HUUMi keristes v\u00f5ib kasutada ka muid kive, v\u00e4lja arvatud dekoratiivseid kive, kuna need v\u00f5ivad kergesti puruneda.<\/p>\n<p>&nbsp;<\/p>\n<p><strong>Oliviindiabaas<\/strong><\/p>\n<ul>\n<li>l\u00e4bim\u00f5\u00f5t 3-5 cm \u2013 15 kg kast<\/li>\n<li>l\u00e4bim\u00f5\u00f5t 5-10 cm \u2013 15 kg kast<\/li>\n<\/ul>\n<p>&nbsp;<\/p>\n<p>&nbsp;<\/p>\n<p><strong>Vali kivid targasti!<\/strong><\/p>\n<p>Sauna kuumust ja leili saab reguleerida, visates kuumadele kerisekividele vett. Kivide kuju, suurus, koostis ja paigutus m\u00f5jutavad seet\u00f5ttu leili v\u00e4ga tugevalt. Meie soovitame kasutada kerises \u00fcmaraid kive, sest need pakuvad mahedamat leili. T\u00e4nu kivide \u00fcmarale kujule saab vesi liikuda kivikihtide vahele ja j\u00e4rk-j\u00e4rgult aurustuda, selle asemel et aurustuda \u00fche korraga pealmiselt kihilt. Kuna HUUMi keristes on kivid v\u00e4ga n\u00e4htavad, l\u00e4heb vaja nii v\u00e4ikeseid kui suuremaid kive, et kivide vahele ei j\u00e4\u00e4ks m\u00e4rgatavaid suuri t\u00fchimikke. Lisaks soovitame pealmisesse kihti paigutada tihedalt v\u00e4iksemaid kive, et sinna koguneks rohkem kuumust.<\/p>\n<p>&nbsp;<\/p>\n<p>Kerisekivid on eelk\u00f5ige m\u00f5eldud kerise v\u00f5i saunaahjuga koosostmiseks ning hulgitellimuseks. Eraldi ostes kehtib miinimumkogus (alus).<\/p>\n","protected":false},"excerpt":{"rendered":"<p>Kivid on vastupidavad ja suure soojusmahutavusega.<\/p>\n<p>\u00dcmarad kivid pakuvad mahedamat leili.<\/p>\n","protected":false},"featured_media":11649,"comment_status":"open","ping_status":"closed","template":"","meta":{"_acf_changed":false},"factory":[],"free-shipment":[],"product_brand":[],"product_cat":[1628],"product_tag":[718,811],"class_list":{"0":"post-11651","1":"product","2":"type-product","3":"status-publish","4":"has-post-thumbnail","6":"product_cat-kerisekivid","7":"product_tag-huum-et","8":"product_tag-sauna-et","10":"first","11":"outofstock","12":"sale","13":"taxable","14":"shipping-taxable","15":"purchasable","16":"product-type-simple"},"acf":[],"_links":{"self":[{"href":"https:\/\/factory.sale\/et\/wp-json\/wp\/v2\/product\/11651","targetHints":{"allow":["GET"]}}],"collection":[{"href":"https:\/\/factory.sale\/et\/wp-json\/wp\/v2\/product"}],"about":[{"href":"https:\/\/factory.sale\/et\/wp-json\/wp\/v2\/types\/product"}],"replies":[{"embeddable":true,"href":"https:\/\/factory.sale\/et\/wp-json\/wp\/v2\/comments?post=11651"}],"wp:featuredmedia":[{"embeddable":true,"href":"https:\/\/factory.sale\/et\/wp-json\/wp\/v2\/media\/11649"}],"wp:attachment":[{"href":"https:\/\/factory.sale\/et\/wp-json\/wp\/v2\/media?parent=11651"}],"wp:term":[{"taxonomy":"factory","embeddable":true,"href":"https:\/\/factory.sale\/et\/wp-json\/wp\/v2\/factory?post=11651"},{"taxonomy":"free-shipment","embeddable":true,"href":"https:\/\/factory.sale\/et\/wp-json\/wp\/v2\/free-shipment?post=11651"},{"taxonomy":"product_brand","embeddable":true,"href":"https:\/\/factory.sale\/et\/wp-json\/wp\/v2\/product_brand?post=11651"},{"taxonomy":"product_cat","embeddable":true,"href":"https:\/\/factory.sale\/et\/wp-json\/wp\/v2\/product_cat?post=11651"},{"taxonomy":"product_tag","embeddable":true,"href":"https:\/\/factory.sale\/et\/wp-json\/wp\/v2\/product_tag?post=11651"}],"curies":[{"name":"wp","href":"https:\/\/api.w.org\/{rel}","templated":true}]}}