{"id":11644,"date":"2022-08-17T07:08:01","date_gmt":"2022-08-17T07:08:41","guid":{"rendered":"https:\/\/factory.sale\/?post_type=product&#038;p=11644"},"modified":"2026-03-05T16:43:15","modified_gmt":"2026-03-05T13:43:15","slug":"elektriline-keris-huum-steel-11-kw","status":"publish","type":"product","link":"https:\/\/factory.sale\/et\/toode\/elektriline-keris-huum-steel-11-kw\/","title":{"rendered":"Elektriline keris HUUM STEEL 11 kW"},"content":{"rendered":"<h2><span style=\"font-size: 14pt;\">HUUM STEEL &#8211; T\u00f5hus ja ruumis\u00e4\u00e4stlik elektrikeris rahulikuks saunaelamuseks<\/span><\/h2>\n<p>HUUM STEEL elektrikeris on stiilne valik moodsasse kodusauna. Roostevaba metallkorpuse puhad jooned moodustavad kerisekividega pilkup\u00fc\u00fcdva terviku ja lisavad leiliruumile iseloomu. V\u00e4ikesed ohutuskaugused teevad STEEL kerise sobilikuks ka v\u00e4iksematesse leiliruumidesse. Kerise saledad m\u00f5\u00f5tmed ei tule aga t\u00f5hususe arvelt. Sisemine \u00f5hutunnel tagab efektiivse \u00f5huvoolu ja kiirendab kerise k\u00fctmist. Samuti kaitseb \u00f5hutunnel k\u00fcttekehi ning tagab neile pikema eluea. Keris on valmistatud vastupidavast roostevabast terasest. Suur kivide hulk kindlustab maheda ja kauakestva leili l\u00f5\u00f5gastavaks saunakogemuseks.<\/p>\n<p data-start=\"190\" data-end=\"720\">HUUM STEEL elektrikeris on loodud neile, kes otsivad ruumis\u00e4\u00e4stlikku, modernset ja kvaliteetset lahendust v\u00e4iksemasse leiliruumi. Oma nimele kohaselt on STEEL seeria kerised minimalistliku ja tugeva disainiga, mis sobitub suurep\u00e4raselt nii moodsasse kodusauna kui ka v\u00e4ikese spaah\u00f5nguga leiliruumi. Kuigi tegu on kompaktse mudeliga, on selle leili kvaliteet sama muljetavaldav kui suurematel HUUMi keristel \u2013 t\u00e4nu nutikale konstruktsioonile ja optimaalsele kivimahule suudab keris pakkuda pehmet, niisket ja l\u00f5\u00f5gastavat leili.<\/p>\n<p data-start=\"722\" data-end=\"1178\">T\u00e4nu kerise kitsale ja vertikaalsele ehitusele saab seda paigutada ka kitsamatesse saunadesse, kus p\u00f5randapinda on v\u00e4he. Kerise disain tagab maksimaalse \u00f5huvoolu kivide \u00fcmber, mis aitab kividel kiiremini kuumeneda ja \u00fchtlast soojust eraldada. Selle tulemuseks on mugav saunatemperatuur, mis ei k\u00f5igu ja loob stabiilse, tasakaalustatud atmosf\u00e4\u00e4ri.<\/p>\n<p data-start=\"722\" data-end=\"1178\">STEEL kerise \u00fcks peamisi eeliseid on selle suur kivide hulk, mis on saavutatud kitsast vormi nutikalt \u00e4ra kasutades. Kivid soojenevad igast k\u00fcljest ning hoiavad kuumust kaua, isegi p\u00e4rast k\u00fctte v\u00e4ljal\u00fclitamist. See loob traditsioonilisele saunale omase pehme ja s\u00fcgava leili, mis ei ole k\u00f5rvetav ega kuiv, vaid m\u00f5nus ja niiske. T\u00e4nu sellele sobib STEEL ka pikemateks saunaseanssideks, kus eesm\u00e4rk on saavutada t\u00e4ielik l\u00f5\u00f5gastus.<\/p>\n<p data-start=\"1610\" data-end=\"2079\">Keris sulandub sujuvalt erinevate saunastiilidega \u2013 olgu tegu heleda p\u00f5hjamaise interj\u00f6\u00f6riga, tumeda modernse saunaga v\u00f5i looduslike materjalidega ruumiga. HUUMile omane kvaliteetne viimistlus tagab, et keris s\u00e4ilitab oma ilu ja vastupidavuse ka aastate m\u00f6\u00f6dudes.<\/p>\n<p data-start=\"2081\" data-end=\"2459\">STEEL saab \u00fchendada HUUM UKU juhtimiss\u00fcsteemidega, mis annavad saunaomanikule maksimaalse mugavuse. UKU lubab sauna sisse l\u00fclitada nutitelefonist, seadistada ajastust, hallata temperatuuri ja j\u00e4lgida kerise t\u00f6\u00f6d turvaliselt ning intuitiivselt. See v\u00f5imalus on kasulik eriti neile, kes soovivad sauna ette k\u00fctta juba enne sauna j\u00f5udmist v\u00f5i eelistavad nutika kodu lahendusi.<\/p>\n<p data-start=\"2461\" data-end=\"2786\">Turvalisus on kerise disainis olulisel kohal. STEELi \u00fcmbris ja konstruktsioon v\u00e4hendavad otsese kontakti kuumade pindadega, mis muudab selle turvalisemaks ka v\u00e4ikestes saunades v\u00f5i peredes, kus liiguvad lapsed. Soovi korral saab lisada ka lisakaitsed v\u00f5i p\u00f5randakinnitused, mis tagavad stabiilsuse ja ohutuse igas keskkonnas.<\/p>\n<p data-start=\"2788\" data-end=\"3064\">STEEL elektrikerise hooldus on lihtne ja kasutajas\u00f5bralik. Kvaliteetsed, korrosioonikindlad materjalid ning h\u00e4sti ligip\u00e4\u00e4setavad komponendid tagavad kiire ja mugava hooldamise. Keris on loodud kestma, pakkudes aastatepikkust t\u00f6\u00f6kindlust isegi intensiivse kasutuse korral.<\/p>\n<p data-start=\"3066\" data-end=\"3488\">HUUM STEEL on ideaalne valik v\u00e4iksematesse saunadesse, kus soovitakse head leilikvaliteeti, elegantset v\u00e4limust ja kaasaegseid juhtimisv\u00f5imalusi. See keris pakub v\u00e4ikeses vormis suurt j\u00f5udlust ning loob l\u00f5\u00f5gastava ja nauditava saunaelamuse igal kasutuskorral. HUUM STEEL on investeering mugavusse, esteetikasse ja t\u00f5eliselt kvaliteetsesse leili, mis r\u00f5\u00f5mustab kasutajaid palju aastaid.<\/p>\n<p>Soovitame kerisele paigaldada kaitsepiirde \u2013 kas HUUMi kaitsepiirde v\u00f5i eritellimusena valmistatud kaitsepiirde, et tagada saunas suurem ohutus ja mugavus.<\/p>\n<p>\u00d5ige suurusega keris = parem saun! Kasuta meie <a href=\"https:\/\/huum.ee\/kalkulaator\/\" target=\"_blank\" rel=\"noopener\">sauna kalkulaatorit<\/a>, et veenduda, et valid just \u00f5ige v\u00f5imsuse.<\/p>\n<p>&nbsp;<\/p>\n<p><strong>Komplekt sisaldab:<\/strong><\/p>\n<ul>\n<li>elektrikerist<\/li>\n<li>reguleeritavaid jalgasid<\/li>\n<\/ul>\n<p><strong>Keris vajab juurde:<\/strong><\/p>\n<ul>\n<li><a href=\"https:\/\/factory.sale\/et\/product-category\/sanitaartehnika\/juhtpuldid\/huum-et\/\" target=\"_blank\" rel=\"noopener\">juhtpulti<\/a><\/li>\n<li>kuumakindlat toitekaablit<\/li>\n<li>150 kilogrammi 3-5 cm l\u00e4bim\u00f5\u00f5duga <a href=\"https:\/\/factory.sale\/et\/toode\/kerise-kivid\/\" target=\"_blank\" rel=\"noopener\">kerisekive<\/a><\/li>\n<\/ul>\n<p>Meie soovitame kasutada kerises \u00fcmaraid kerisekive. Need tagavad pehmema leili \u2013 vesi liigub s\u00fcgavamale kivikihtidesse ja aurustub aeglaselt, luues m\u00f5nusa ja pika leilikogemuse.<\/p>\n<p><strong>Tehnilised andmed:<\/strong><\/p>\n<ul>\n<li>kaal 16 kg<\/li>\n<li>k\u00f5rgus 97,5 cm<\/li>\n<li>laius 32 cm<\/li>\n<li>s\u00fcgavus 32 cm<\/li>\n<li>k\u00f6etav ruumala 10-16 m\u00b3<\/li>\n<li>v\u00f5imusus 10.5 kW<\/li>\n<li>kivide mahutavus 150 kg<\/li>\n<\/ul>\n<p><strong>Elektrikerise ohutuskaugused:<\/strong><\/p>\n<ul>\n<li>A 100 mm<\/li>\n<li>B 520 mm<\/li>\n<li>C 320 mm<\/li>\n<li>H 975 mm<\/li>\n<\/ul>\n<p><strong>Garantii<\/strong>:<\/p>\n<ul>\n<li>kodukasutus \u2013 3 aastat<\/li>\n<li>\u00e4rikasutus \u2013 1 aasta<\/li>\n<\/ul>\n<p>Kui vajad sellele kerisele varuosi, siis saada meile e-mail. Lisavarustus on leitav <a href=\"https:\/\/factory.sale\/et\/product-category\/sanitaartehnika\/saunatarvikud\/huum-et-2\/\" target=\"_blank\" rel=\"noopener\">SIIT<\/a>.<\/p>\n<p><strong>EAN: 4744103011209<\/strong><\/p>\n<p>&nbsp;<\/p>\n<h2>HUUM STEEL KIVIDE PAIGUTUS<\/h2>\n<div class=\"video-wrapper \"><iframe loading=\"lazy\" title=\"HUUM STEEL and STEEL mini stone placement\" width=\"500\" height=\"281\" src=\"https:\/\/www.youtube.com\/embed\/g5r_FBV34KI?feature=oembed\" frameborder=\"0\" allow=\"accelerometer; autoplay; clipboard-write; encrypted-media; gyroscope; picture-in-picture; web-share\" referrerpolicy=\"strict-origin-when-cross-origin\" allowfullscreen><\/iframe><\/div>\n<h2>HUUM STEEL PAIGALDUS<\/h2>\n<div class=\"video-wrapper \"><iframe loading=\"lazy\" title=\"HUUM STEEL installation for EU\" width=\"500\" height=\"281\" src=\"https:\/\/www.youtube.com\/embed\/2-0hDdeLy7c?feature=oembed\" frameborder=\"0\" allow=\"accelerometer; autoplay; clipboard-write; encrypted-media; gyroscope; picture-in-picture; web-share\" referrerpolicy=\"strict-origin-when-cross-origin\" allowfullscreen><\/iframe><\/div>\n<h2>HUUM SAUN<\/h2>\n<div class=\"video-wrapper \"><iframe loading=\"lazy\" title=\"Sauna inspiration \u2502 HUUM HIVE Wood \u2502 wood-burning stove\" width=\"500\" height=\"281\" src=\"https:\/\/www.youtube.com\/embed\/s5SwqfqFP9Y?feature=oembed\" frameborder=\"0\" allow=\"accelerometer; autoplay; clipboard-write; encrypted-media; gyroscope; picture-in-picture; web-share\" referrerpolicy=\"strict-origin-when-cross-origin\" allowfullscreen><\/iframe><\/div>\n<p><strong><span style=\"font-size: 18pt;\">MIKS HUUM?<\/span><\/strong><\/p>\n<div class=\"video-wrapper \"><iframe loading=\"lazy\" title=\"Why HUUM heaters?\" width=\"500\" height=\"281\" src=\"https:\/\/www.youtube.com\/embed\/mstEnCX5Ehs?feature=oembed\" frameborder=\"0\" allow=\"accelerometer; autoplay; clipboard-write; encrypted-media; gyroscope; picture-in-picture; web-share\" referrerpolicy=\"strict-origin-when-cross-origin\" allowfullscreen><\/iframe><\/div>\n","protected":false},"excerpt":{"rendered":"<ul>\n<li style=\"font-weight: 400;\"><span style=\"font-weight: 400;\">v\u00e4ikesed ohutuskaugused<\/span><\/li>\n<li style=\"font-weight: 400;\"><span style=\"font-weight: 400;\">keskel olev sisemine \u00f5hukanal kiirendab soojenemist 25%<\/span><\/li>\n<li style=\"font-weight: 400;\"><span style=\"font-weight: 400;\">suur kivimaht<\/span><\/li>\n<li style=\"font-weight: 400;\"><span style=\"font-weight: 400;\">roostevaba teras<\/span><\/li>\n<\/ul>\n","protected":false},"featured_media":99956,"comment_status":"open","ping_status":"closed","template":"","meta":{"_acf_changed":false},"factory":[],"free-shipment":[5018],"product_brand":[4432],"product_cat":[719,306,784],"product_tag":[718,808,811,2176],"class_list":{"0":"post-11644","1":"product","2":"type-product","3":"status-publish","4":"has-post-thumbnail","6":"free-shipment-tasuta-saatmine","7":"product_brand-huum-et","8":"product_cat-huum","9":"product_cat-saunakerised","10":"product_cat-sanitaartehnika","11":"product_tag-huum-et","12":"product_tag-kerised","13":"product_tag-sauna-et","14":"product_tag-sauna-heater-et","16":"first","17":"instock","18":"sale","19":"taxable","20":"shipping-taxable","21":"purchasable","22":"product-type-simple"},"acf":[],"_links":{"self":[{"href":"https:\/\/factory.sale\/et\/wp-json\/wp\/v2\/product\/11644","targetHints":{"allow":["GET"]}}],"collection":[{"href":"https:\/\/factory.sale\/et\/wp-json\/wp\/v2\/product"}],"about":[{"href":"https:\/\/factory.sale\/et\/wp-json\/wp\/v2\/types\/product"}],"replies":[{"embeddable":true,"href":"https:\/\/factory.sale\/et\/wp-json\/wp\/v2\/comments?post=11644"}],"wp:featuredmedia":[{"embeddable":true,"href":"https:\/\/factory.sale\/et\/wp-json\/wp\/v2\/media\/99956"}],"wp:attachment":[{"href":"https:\/\/factory.sale\/et\/wp-json\/wp\/v2\/media?parent=11644"}],"wp:term":[{"taxonomy":"factory","embeddable":true,"href":"https:\/\/factory.sale\/et\/wp-json\/wp\/v2\/factory?post=11644"},{"taxonomy":"free-shipment","embeddable":true,"href":"https:\/\/factory.sale\/et\/wp-json\/wp\/v2\/free-shipment?post=11644"},{"taxonomy":"product_brand","embeddable":true,"href":"https:\/\/factory.sale\/et\/wp-json\/wp\/v2\/product_brand?post=11644"},{"taxonomy":"product_cat","embeddable":true,"href":"https:\/\/factory.sale\/et\/wp-json\/wp\/v2\/product_cat?post=11644"},{"taxonomy":"product_tag","embeddable":true,"href":"https:\/\/factory.sale\/et\/wp-json\/wp\/v2\/product_tag?post=11644"}],"curies":[{"name":"wp","href":"https:\/\/api.w.org\/{rel}","templated":true}]}}