{"id":11611,"date":"2022-08-16T10:41:24","date_gmt":"2022-08-16T10:39:03","guid":{"rendered":"https:\/\/factory.sale\/?post_type=product&#038;p=11611"},"modified":"2026-02-10T19:33:07","modified_gmt":"2026-02-10T16:33:07","slug":"uputuskrae-huum-cliff-steel-kerisele","status":"publish","type":"product","link":"https:\/\/factory.sale\/et\/toode\/uputuskrae-huum-cliff-steel-kerisele\/","title":{"rendered":"Uputuskrae HUUM CLIFF\/STEEL kerisele"},"content":{"rendered":"<h2><span style=\"font-size: 14pt;\">Lisa saunale modernne ja puhas ilme uputuskraega<\/span><\/h2>\n<p>Kui soovid naabrist erineda ja paigaldada oma HUUM CLIFF v\u00f5i HUUM STEEL kerise osaliselt saunalava sisse, siis kulub see marjaks \u00e4ra.<\/p>\n<p>See on valmistatud roostevabast terasest ja katab kerise \u00fcmber olevad eba\u00fchtlased puidust servad, luues puhta ja atraktiivse l\u00f5pptulemuse.<\/p>\n<p>Lisaks aitab krae peita paigaldusava servad ja v\u00e4hendada visuaalset \u201cl\u00f5het\u201d kerise ning lavapinna vahel, nii et kogu lahendus j\u00e4\u00e4b \u00fchtlane ja korrektne. Ideaalne valik, kui soovid modernset ja viimistletud saunailmet ning tahad, et keris sulanduks saunalava disaini.<\/p>\n<p><strong>Uputuskrae sobib j\u00e4rgmistele keristele:<\/strong><\/p>\n<ul>\n<li>HUUM CLIFF 6kW<\/li>\n<li>HUUM CLIFF 9kW<\/li>\n<li>HUUM CLIFF 10,5kW<\/li>\n<li>HUUM STEEL 6kW<\/li>\n<li>HUUM STEEL 9kW<\/li>\n<li>HUUM STEEL 10,5kW<\/li>\n<\/ul>\n<p><strong>Tehnilised andmed:<\/strong><\/p>\n<ul>\n<li>KAAL: 1.5 kg<\/li>\n<li>PIKKUS: 42,5 cm<\/li>\n<li>LAIUS: 42,5 cm<\/li>\n<li>EAN 4744103019274<\/li>\n<\/ul>\n<p>&nbsp;<\/p>\n<div class=\"video-wrapper \"><iframe loading=\"lazy\" title=\"HUUM CLIFF and STEEL embedding\" src=\"https:\/\/player.vimeo.com\/video\/986252554?dnt=1&amp;app_id=122963\" width=\"500\" height=\"281\" frameborder=\"0\" allow=\"autoplay; fullscreen; picture-in-picture; clipboard-write; encrypted-media; web-share\" referrerpolicy=\"strict-origin-when-cross-origin\"><\/iframe><\/div>\n<p>&nbsp;<\/p>\n<p><a title=\"Vaata videot uues aknas\" href=\"https:\/\/vimeo.com\/986252554?fl=pl&amp;fe=vl\" target=\"_blank\" rel=\"noopener\">Vaata videot uues aknas<\/a><\/p>\n<p>Tutvu teiste sarnaste toodetega <a title=\"siin\" href=\"https:\/\/factory.sale\/et\/product-category\/sanitaartehnika\/saunaahjude-ja-keriste-lisad\/\">siin<\/a><\/p>\n","protected":false},"excerpt":{"rendered":"<p>Uputuskrae HUUM CLIFF\/STEEL kerisele<\/p>\n<ul>\n<li>Roostevabast terasest<\/li>\n<li>Stiilne<\/li>\n<li>Katab teravad servad<\/li>\n<\/ul>\n","protected":false},"featured_media":131142,"comment_status":"open","ping_status":"closed","template":"","meta":{"_acf_changed":false},"factory":[],"free-shipment":[],"product_brand":[4432],"product_cat":[4892],"product_tag":[2203,718,811],"class_list":{"0":"post-11611","1":"product","2":"type-product","3":"status-publish","4":"has-post-thumbnail","6":"product_brand-huum-et","7":"product_cat-saunaahjude-ja-keriste-lisad","8":"product_tag-embedding-flange-et","9":"product_tag-huum-et","10":"product_tag-sauna-et","12":"first","13":"instock","14":"sale","15":"taxable","16":"shipping-taxable","17":"purchasable","18":"product-type-simple"},"acf":[],"_links":{"self":[{"href":"https:\/\/factory.sale\/et\/wp-json\/wp\/v2\/product\/11611","targetHints":{"allow":["GET"]}}],"collection":[{"href":"https:\/\/factory.sale\/et\/wp-json\/wp\/v2\/product"}],"about":[{"href":"https:\/\/factory.sale\/et\/wp-json\/wp\/v2\/types\/product"}],"replies":[{"embeddable":true,"href":"https:\/\/factory.sale\/et\/wp-json\/wp\/v2\/comments?post=11611"}],"wp:featuredmedia":[{"embeddable":true,"href":"https:\/\/factory.sale\/et\/wp-json\/wp\/v2\/media\/131142"}],"wp:attachment":[{"href":"https:\/\/factory.sale\/et\/wp-json\/wp\/v2\/media?parent=11611"}],"wp:term":[{"taxonomy":"factory","embeddable":true,"href":"https:\/\/factory.sale\/et\/wp-json\/wp\/v2\/factory?post=11611"},{"taxonomy":"free-shipment","embeddable":true,"href":"https:\/\/factory.sale\/et\/wp-json\/wp\/v2\/free-shipment?post=11611"},{"taxonomy":"product_brand","embeddable":true,"href":"https:\/\/factory.sale\/et\/wp-json\/wp\/v2\/product_brand?post=11611"},{"taxonomy":"product_cat","embeddable":true,"href":"https:\/\/factory.sale\/et\/wp-json\/wp\/v2\/product_cat?post=11611"},{"taxonomy":"product_tag","embeddable":true,"href":"https:\/\/factory.sale\/et\/wp-json\/wp\/v2\/product_tag?post=11611"}],"curies":[{"name":"wp","href":"https:\/\/api.w.org\/{rel}","templated":true}]}}