{"id":116076,"date":"2025-08-18T00:20:48","date_gmt":"2025-08-17T21:39:08","guid":{"rendered":"https:\/\/factory.sale\/?post_type=product&#038;p=116076"},"modified":"2025-08-18T01:16:37","modified_gmt":"2025-08-17T22:16:37","slug":"integreeritud-ahi-kumblustunnile-10-kw","status":"publish","type":"product","link":"https:\/\/factory.sale\/et\/toode\/integreeritud-ahi-kumblustunnile-10-kw\/","title":{"rendered":"Integreeritud ahi k\u00fcmblust\u00fcnnile 10 kW"},"content":{"rendered":"<p><strong>SKU:<\/strong> RU-INS-OVN-10KW<\/p>\n<p>&nbsp;<\/p>\n<p>Roostevabast terasest valmistatud integreeritud k\u00fcmblust\u00fcnni ahi, millel on 3 &#8211; osaline vee tsirkulatsiooni s\u00fcsteem. Komplektis on kaks korstnatoru koos kattega. Sobib k\u00fcmblust\u00fcnnidele l\u00e4bim\u00f5\u00f5duga 1,5 m ja 1,6 m.<\/p>\n<p>&nbsp;<\/p>\n<p><strong>Komplekti kuulub:<\/strong><\/p>\n<ul>\n<li>Integreeritud ahi;<\/li>\n<li>Korsten<\/li>\n<li>Tuharoobid<\/li>\n<\/ul>\n<p>&nbsp;<\/p>\n<p>&nbsp;<\/p>\n<p><strong>Ahju metallivalikud:<\/strong><\/p>\n<ul>\n<li>Roostevaba teras 304<\/li>\n<li>Roostevaba teras 316 (42 \u20ac + km)<\/li>\n<\/ul>\n<p>&nbsp;<\/p>\n<p>&nbsp;<\/p>\n<p><strong>Ahju lisatarvikud (ilma km):<\/strong><\/p>\n<p><img loading=\"lazy\" decoding=\"async\" class=\"alignnone wp-image-116061\" src=\"https:\/\/factory.sale\/wp-content\/uploads\/2025\/08\/Internal-heater-for-hot-tub-17-kW-accessories-est-factory-sale-300x163.webp\" alt=\"\" width=\"475\" height=\"258\" srcset=\"https:\/\/factory.sale\/wp-content\/uploads\/2025\/08\/Internal-heater-for-hot-tub-17-kW-accessories-est-factory-sale-300x163.webp 300w, https:\/\/factory.sale\/wp-content\/uploads\/2025\/08\/Internal-heater-for-hot-tub-17-kW-accessories-est-factory-sale-150x81.webp 150w, https:\/\/factory.sale\/wp-content\/uploads\/2025\/08\/Internal-heater-for-hot-tub-17-kW-accessories-est-factory-sale-600x326.webp 600w, https:\/\/factory.sale\/wp-content\/uploads\/2025\/08\/Internal-heater-for-hot-tub-17-kW-accessories-est-factory-sale.webp 704w\" sizes=\"auto, (max-width: 475px) 100vw, 475px\" \/><\/p>\n<p>&nbsp;<\/p>\n<p>&nbsp;<\/p>\n<p>&nbsp;<\/p>\n<p><em><strong>Pakendi m\u00f5\u00f5dud: 0,52 x 0,82 x 1,21 m &#8211; 40 kg<\/strong><\/em><\/p>\n<p><strong><em>Transport Eestis 75 EUR<\/em> <\/strong><\/p>\n<p>&nbsp;<\/p>\n<p>&nbsp;<\/p>\n","protected":false},"excerpt":{"rendered":"<p>Vastupidav 10 kW roostevabast terasest integreeritud k\u00fcmblust\u00fcnni ahi 3-osalise tsirkulatsioonis\u00fcsteemi ja korstnaga. Ideaalne 1,5\u20131,6 m t\u00fcnnidele, t\u00f5hus ja t\u00f6\u00f6kindel.<\/p>\n","protected":false},"featured_media":116073,"comment_status":"open","ping_status":"closed","template":"","meta":{"_acf_changed":false},"factory":[],"free-shipment":[],"product_brand":[],"product_cat":[2209,2308],"product_tag":[],"class_list":{"0":"post-116076","1":"product","2":"type-product","3":"status-publish","4":"has-post-thumbnail","6":"product_cat-kumblustunnid","7":"product_cat-kumblustunnide-ahjud","9":"first","10":"instock","11":"sale","12":"taxable","13":"shipping-taxable","14":"purchasable","15":"product-type-simple"},"acf":[],"_links":{"self":[{"href":"https:\/\/factory.sale\/et\/wp-json\/wp\/v2\/product\/116076","targetHints":{"allow":["GET"]}}],"collection":[{"href":"https:\/\/factory.sale\/et\/wp-json\/wp\/v2\/product"}],"about":[{"href":"https:\/\/factory.sale\/et\/wp-json\/wp\/v2\/types\/product"}],"replies":[{"embeddable":true,"href":"https:\/\/factory.sale\/et\/wp-json\/wp\/v2\/comments?post=116076"}],"wp:featuredmedia":[{"embeddable":true,"href":"https:\/\/factory.sale\/et\/wp-json\/wp\/v2\/media\/116073"}],"wp:attachment":[{"href":"https:\/\/factory.sale\/et\/wp-json\/wp\/v2\/media?parent=116076"}],"wp:term":[{"taxonomy":"factory","embeddable":true,"href":"https:\/\/factory.sale\/et\/wp-json\/wp\/v2\/factory?post=116076"},{"taxonomy":"free-shipment","embeddable":true,"href":"https:\/\/factory.sale\/et\/wp-json\/wp\/v2\/free-shipment?post=116076"},{"taxonomy":"product_brand","embeddable":true,"href":"https:\/\/factory.sale\/et\/wp-json\/wp\/v2\/product_brand?post=116076"},{"taxonomy":"product_cat","embeddable":true,"href":"https:\/\/factory.sale\/et\/wp-json\/wp\/v2\/product_cat?post=116076"},{"taxonomy":"product_tag","embeddable":true,"href":"https:\/\/factory.sale\/et\/wp-json\/wp\/v2\/product_tag?post=116076"}],"curies":[{"name":"wp","href":"https:\/\/api.w.org\/{rel}","templated":true}]}}