{"id":116058,"date":"2025-08-17T02:20:30","date_gmt":"2025-08-17T20:23:32","guid":{"rendered":"https:\/\/factory.sale\/?post_type=product&#038;p=116058"},"modified":"2025-08-18T01:14:26","modified_gmt":"2025-08-17T22:14:26","slug":"integreeritud-ahi-kumblustunnile-17-kw","status":"publish","type":"product","link":"https:\/\/factory.sale\/et\/toode\/integreeritud-ahi-kumblustunnile-17-kw\/","title":{"rendered":"Integreeritud ahi k\u00fcmblust\u00fcnnile 17 kW"},"content":{"rendered":"<p><strong>SKU:<\/strong> RU-INS-OVN-17KW<\/p>\n<p>&nbsp;<\/p>\n<p>Roostevabast terasest valmistatud integreeritud ahi, millel on 3- osaline vee tsirkulatsiooni s\u00fcsteem. Komplektis on kaks korstnatoru koos kattega. Sobib k\u00fcmblust\u00fcnnidele l\u00e4bim\u00f5\u00f5duga 1,8 m ja 2,2 m.<\/p>\n<p>&nbsp;<\/p>\n<p><strong>Komplekti kuulub:<\/strong><\/p>\n<ul>\n<li>Integreeritud ahi<\/li>\n<li>Korsten<\/li>\n<li>Tuharoobid<\/li>\n<\/ul>\n<p>&nbsp;<\/p>\n<p>&nbsp;<\/p>\n<p><strong>Ahju metallivalikud:<\/strong><\/p>\n<ul>\n<li>Roostevaba teras 304<\/li>\n<li>Roostevaba teras 316 (42 \u20ac + km)<\/li>\n<\/ul>\n<p>&nbsp;<\/p>\n<p>&nbsp;<\/p>\n<p><strong>Ahju lisatarvikud (ilma km):<\/strong><\/p>\n<p><img loading=\"lazy\" decoding=\"async\" class=\"alignnone wp-image-116061\" src=\"https:\/\/factory.sale\/wp-content\/uploads\/2025\/08\/Internal-heater-for-hot-tub-17-kW-accessories-est-factory-sale-300x163.webp\" alt=\"\" width=\"475\" height=\"258\" srcset=\"https:\/\/factory.sale\/wp-content\/uploads\/2025\/08\/Internal-heater-for-hot-tub-17-kW-accessories-est-factory-sale-300x163.webp 300w, https:\/\/factory.sale\/wp-content\/uploads\/2025\/08\/Internal-heater-for-hot-tub-17-kW-accessories-est-factory-sale-150x81.webp 150w, https:\/\/factory.sale\/wp-content\/uploads\/2025\/08\/Internal-heater-for-hot-tub-17-kW-accessories-est-factory-sale-600x326.webp 600w, https:\/\/factory.sale\/wp-content\/uploads\/2025\/08\/Internal-heater-for-hot-tub-17-kW-accessories-est-factory-sale.webp 704w\" sizes=\"auto, (max-width: 475px) 100vw, 475px\" \/><\/p>\n<p>&nbsp;<\/p>\n<p><em><strong>Pakendi m\u00f5\u00f5dud: 0,6 x 0,35 x 1,2 m &#8211; 45 kg<\/strong><\/em><\/p>\n<p><strong><em>Transport Eestis 75 EUR<\/em> <\/strong><\/p>\n<p>&nbsp;<\/p>\n<p>&nbsp;<\/p>\n<p><a href=\"https:\/\/factory.sale\/wp-content\/uploads\/2025\/08\/Vidine-krosnele-4-vamzdziu.pdf\" target=\"_blank\" rel=\"noopener\">Kliki siin, et n\u00e4ha ahju joonist<\/a><\/p>\n","protected":false},"excerpt":{"rendered":"<p>Roostevabast terasest integreeritud \u00a0k\u00fcmblust\u00fcnni ahi 3-osalise tsirkulatsioonis\u00fcsteemiga, korstna komplekt ja tuharoop. Sobib 1,8\u20132,2 m t\u00fcnnidele, vastupidav ja t\u00f5hus.<\/p>\n","protected":false},"featured_media":116031,"comment_status":"open","ping_status":"closed","template":"","meta":{"_acf_changed":false},"factory":[],"free-shipment":[],"product_brand":[],"product_cat":[2209,2308],"product_tag":[2842],"class_list":{"0":"post-116058","1":"product","2":"type-product","3":"status-publish","4":"has-post-thumbnail","6":"product_cat-kumblustunnid","7":"product_cat-kumblustunnide-ahjud","8":"product_tag-hot-tub-et","10":"first","11":"instock","12":"sale","13":"taxable","14":"shipping-taxable","15":"purchasable","16":"product-type-simple"},"acf":[],"_links":{"self":[{"href":"https:\/\/factory.sale\/et\/wp-json\/wp\/v2\/product\/116058","targetHints":{"allow":["GET"]}}],"collection":[{"href":"https:\/\/factory.sale\/et\/wp-json\/wp\/v2\/product"}],"about":[{"href":"https:\/\/factory.sale\/et\/wp-json\/wp\/v2\/types\/product"}],"replies":[{"embeddable":true,"href":"https:\/\/factory.sale\/et\/wp-json\/wp\/v2\/comments?post=116058"}],"wp:featuredmedia":[{"embeddable":true,"href":"https:\/\/factory.sale\/et\/wp-json\/wp\/v2\/media\/116031"}],"wp:attachment":[{"href":"https:\/\/factory.sale\/et\/wp-json\/wp\/v2\/media?parent=116058"}],"wp:term":[{"taxonomy":"factory","embeddable":true,"href":"https:\/\/factory.sale\/et\/wp-json\/wp\/v2\/factory?post=116058"},{"taxonomy":"free-shipment","embeddable":true,"href":"https:\/\/factory.sale\/et\/wp-json\/wp\/v2\/free-shipment?post=116058"},{"taxonomy":"product_brand","embeddable":true,"href":"https:\/\/factory.sale\/et\/wp-json\/wp\/v2\/product_brand?post=116058"},{"taxonomy":"product_cat","embeddable":true,"href":"https:\/\/factory.sale\/et\/wp-json\/wp\/v2\/product_cat?post=116058"},{"taxonomy":"product_tag","embeddable":true,"href":"https:\/\/factory.sale\/et\/wp-json\/wp\/v2\/product_tag?post=116058"}],"curies":[{"name":"wp","href":"https:\/\/api.w.org\/{rel}","templated":true}]}}