{"id":11604,"date":"2022-08-16T10:23:24","date_gmt":"2022-08-16T10:21:06","guid":{"rendered":"https:\/\/factory.sale\/?post_type=product&#038;p=11604"},"modified":"2026-02-10T19:36:19","modified_gmt":"2026-02-10T16:36:19","slug":"peegeldi-huum-steel","status":"publish","type":"product","link":"https:\/\/factory.sale\/et\/toode\/peegeldi-huum-steel\/","title":{"rendered":"Peegeldi HUUM STEEL"},"content":{"rendered":"<h2><span style=\"font-size: 14pt;\">Peegeldi HUUM STEEL<\/span><\/h2>\n<p>Peegeldi asetamisel HUUM STEEL kerisele on v\u00f5imalik saavutada seintest poole v\u00e4iksemad ohutuskaugused.<\/p>\n<p>Peegeldi on valmistatud roostevabast terasest ja paigaldatakse kerise k\u00fcljele v\u00f5i k\u00fclgedele.<\/p>\n<p>EAN: 4744103019380<\/p>\n<p><strong>Komplektis on<\/strong> \u00fcks peegeldi.<\/p>\n<p><strong>Peegeldi sobib j\u00e4rgmistele STEEL keristele:<\/strong><\/p>\n<ul>\n<li>HUUM STEEL 6kW<\/li>\n<li>HUUM STEEL 9kW<\/li>\n<li>HUUM STEEL 10,5kW<\/li>\n<\/ul>\n<p><strong>Tehnilised andmed:<\/strong><\/p>\n<ul>\n<li>LAIUS: 32 cm<\/li>\n<li>K\u00d5RGUS: 97,5 cm<\/li>\n<li>EAN 4744103019281<\/li>\n<\/ul>\n<p>&nbsp;<\/p>\n<div class=\"video-wrapper \"><iframe loading=\"lazy\" title=\"HUUM STEEL heat reflector\" src=\"https:\/\/player.vimeo.com\/video\/986256248?dnt=1&amp;app_id=122963\" width=\"500\" height=\"281\" frameborder=\"0\" allow=\"autoplay; fullscreen; picture-in-picture; clipboard-write; encrypted-media; web-share\" referrerpolicy=\"strict-origin-when-cross-origin\"><\/iframe><\/div>\n<p>&nbsp;<\/p>\n<p><a title=\"Vaata videot uues aknas\" href=\"https:\/\/vimeo.com\/986256248?fl=pl&amp;fe=vl\" target=\"_blank\" rel=\"noopener\">Vaata videot uues aknas<\/a><\/p>\n<p>Tutvu teiste sarnaste toodetega <a title=\"siin\" href=\"https:\/\/factory.sale\/et\/product-category\/sanitaartehnika\/saunaahjude-ja-keriste-lisad\/\">siin<\/a><\/p>\n","protected":false},"excerpt":{"rendered":"<p>Peegeldi HUUM STEEL asetamisel kerisele on v\u00f5imalik saavutada seintest poole v\u00e4iksemad ohutuskaugused. Peegeldi on valmistatud roostevabast terasest ja paigaldatakse kerise k\u00fcljele v\u00f5i k\u00fclgedele. Komplektis on \u00fcks peegeldi.<\/p>\n","protected":false},"featured_media":100186,"comment_status":"open","ping_status":"closed","template":"","meta":{"_acf_changed":false},"factory":[],"free-shipment":[],"product_brand":[4432],"product_cat":[4892],"product_tag":[718,1515,811],"class_list":{"0":"post-11604","1":"product","2":"type-product","3":"status-publish","4":"has-post-thumbnail","6":"product_brand-huum-et","7":"product_cat-saunaahjude-ja-keriste-lisad","8":"product_tag-huum-et","9":"product_tag-mirror-et","10":"product_tag-sauna-et","12":"first","13":"instock","14":"sale","15":"taxable","16":"shipping-taxable","17":"purchasable","18":"product-type-simple"},"acf":[],"_links":{"self":[{"href":"https:\/\/factory.sale\/et\/wp-json\/wp\/v2\/product\/11604","targetHints":{"allow":["GET"]}}],"collection":[{"href":"https:\/\/factory.sale\/et\/wp-json\/wp\/v2\/product"}],"about":[{"href":"https:\/\/factory.sale\/et\/wp-json\/wp\/v2\/types\/product"}],"replies":[{"embeddable":true,"href":"https:\/\/factory.sale\/et\/wp-json\/wp\/v2\/comments?post=11604"}],"wp:featuredmedia":[{"embeddable":true,"href":"https:\/\/factory.sale\/et\/wp-json\/wp\/v2\/media\/100186"}],"wp:attachment":[{"href":"https:\/\/factory.sale\/et\/wp-json\/wp\/v2\/media?parent=11604"}],"wp:term":[{"taxonomy":"factory","embeddable":true,"href":"https:\/\/factory.sale\/et\/wp-json\/wp\/v2\/factory?post=11604"},{"taxonomy":"free-shipment","embeddable":true,"href":"https:\/\/factory.sale\/et\/wp-json\/wp\/v2\/free-shipment?post=11604"},{"taxonomy":"product_brand","embeddable":true,"href":"https:\/\/factory.sale\/et\/wp-json\/wp\/v2\/product_brand?post=11604"},{"taxonomy":"product_cat","embeddable":true,"href":"https:\/\/factory.sale\/et\/wp-json\/wp\/v2\/product_cat?post=11604"},{"taxonomy":"product_tag","embeddable":true,"href":"https:\/\/factory.sale\/et\/wp-json\/wp\/v2\/product_tag?post=11604"}],"curies":[{"name":"wp","href":"https:\/\/api.w.org\/{rel}","templated":true}]}}