{"id":116017,"date":"2025-08-17T01:10:46","date_gmt":"2025-08-16T22:15:17","guid":{"rendered":"https:\/\/factory.sale\/?post_type=product&#038;p=116017"},"modified":"2025-08-18T01:05:10","modified_gmt":"2025-08-17T22:05:10","slug":"ummargune-valimine-ahi-kumblustunnile-20-kw","status":"publish","type":"product","link":"https:\/\/factory.sale\/et\/toode\/ummargune-valimine-ahi-kumblustunnile-20-kw\/","title":{"rendered":"\u00dcmmargune v\u00e4limine ahi k\u00fcmblust\u00fcnnile 20 kW"},"content":{"rendered":"<p><strong>SKU:<\/strong> RU-R-OVN-20KW<\/p>\n<p>&nbsp;<\/p>\n<p><strong>K\u00f5rge j\u00f5udlusega 20 kW puuk\u00fcttega v\u00e4limine ahi k\u00fcmblust\u00fcnnile<\/strong><\/p>\n<p>See ahi on loodud efektiivseks ja kiireks k\u00fctmiseks, tagades, et sinu k\u00fcmblust\u00fcnn saavutab t\u00e4iusliku temperatuuri l\u00fchikese ajaga. Vastupidavast roostevabast terasest ehitatud \u00fcmar disain sobitub suurep\u00e4raselt igasse \u00f5ue-spaasse, pakkudes nii esteetilist ilu kui ka tipptasemel funktsionaalsust.<\/p>\n<p>&nbsp;<\/p>\n<p><strong>Premium-kvaliteediga materjalid<\/strong><\/p>\n<p>20 kW puuk\u00fcttega v\u00e4limine ahi on valmistatud kvaliteetsest roostevabast terasest ning on saadaval kahes variandis \u2013 304 v\u00f5i 316 roostevaba teras. See tagab suurep\u00e4rase korrosioonikindluse ja pikaajalise t\u00f6\u00f6kindluse v\u00e4listingimustes.<\/p>\n<p>&nbsp;<\/p>\n<p>&nbsp;<\/p>\n<p><strong>Tehnilised andmed:<\/strong><\/p>\n<table style=\"height: 308px;\" border=\"1\" width=\"779\" cellspacing=\"0\" cellpadding=\"6\">\n<thead>\n<tr>\n<th>Spetsifikatsioon<\/th>\n<th><strong>Detailid<\/strong><\/th>\n<\/tr>\n<\/thead>\n<tbody>\n<tr>\n<td>M\u00f5\u00f5dud<\/td>\n<td>Diameeter: 50 cm<\/p>\n<p>Pikkus: 60 cm<\/td>\n<\/tr>\n<tr>\n<td>\u00dchenduspunktid<\/td>\n<td>Esimene \u00fchendus: 32 cm maapinnast (\u00fchenduse keskpunkt)<\/p>\n<p>Teine \u00fchendus: 61 cm maapinnast (\u00fchenduse keskpunkt)<\/td>\n<\/tr>\n<tr>\n<td>Terase paksus<\/td>\n<td>1.5 mm<\/td>\n<\/tr>\n<\/tbody>\n<\/table>\n<p>&nbsp;<\/p>\n<p>&nbsp;<\/p>\n<p><strong>Omadused ja komponendid:<\/strong><\/p>\n<ul>\n<li>Disain: \u00fcmmargune puuk\u00fcttega ahi<\/li>\n<li>Korsten: 2 m suitsutoru koos kattega<\/li>\n<li>\u00dchendusvoolik: 1 m (jaotatud kaheks, v\u00f5imaldab kuni 50 cm kauguse \u00fchenduse ahjust), \u00d848 mm<\/li>\n<li>Kinnitusklambrid: 4 tk<\/li>\n<\/ul>\n<p>&nbsp;<\/p>\n<p>&nbsp;<\/p>\n<p><strong>Ahju metallivalikud:<\/strong><\/p>\n<ul>\n<li>Roostevaba teras 304<\/li>\n<li>Roostevaba teras 316 (66 \u20ac + km)<\/li>\n<\/ul>\n<p>&nbsp;<\/p>\n<p>&nbsp;<\/p>\n<p><strong>Lisatarvikud ahjule (ilma km):<\/strong><\/p>\n<p><img loading=\"lazy\" decoding=\"async\" class=\"alignnone wp-image-116008\" src=\"https:\/\/factory.sale\/wp-content\/uploads\/2025\/08\/Round-external-heater-for-hot-tub-26-kw-accessories-est-factory-sale-227x300.webp\" alt=\"\" width=\"499\" height=\"659\" srcset=\"https:\/\/factory.sale\/wp-content\/uploads\/2025\/08\/Round-external-heater-for-hot-tub-26-kw-accessories-est-factory-sale-227x300.webp 227w, https:\/\/factory.sale\/wp-content\/uploads\/2025\/08\/Round-external-heater-for-hot-tub-26-kw-accessories-est-factory-sale-776x1024.webp 776w, https:\/\/factory.sale\/wp-content\/uploads\/2025\/08\/Round-external-heater-for-hot-tub-26-kw-accessories-est-factory-sale-114x150.webp 114w, https:\/\/factory.sale\/wp-content\/uploads\/2025\/08\/Round-external-heater-for-hot-tub-26-kw-accessories-est-factory-sale-768x1013.webp 768w, https:\/\/factory.sale\/wp-content\/uploads\/2025\/08\/Round-external-heater-for-hot-tub-26-kw-accessories-est-factory-sale-600x792.webp 600w, https:\/\/factory.sale\/wp-content\/uploads\/2025\/08\/Round-external-heater-for-hot-tub-26-kw-accessories-est-factory-sale.webp 1008w\" sizes=\"auto, (max-width: 499px) 100vw, 499px\" \/><\/p>\n<p>&nbsp;<\/p>\n<p>&nbsp;<\/p>\n<p><em><strong>Pakendi m\u00f5\u00f5dud: 1,2 x 0,6 x 0,35 m &#8211; 50 kg<\/strong><\/em><\/p>\n<p><em><strong>Transport Eestis 75 EUR<\/strong><\/em><\/p>\n<p>&nbsp;<\/p>\n","protected":false},"excerpt":{"rendered":"<p>V\u00f5imas 20 kW puuk\u00fcttega v\u00e4limine ahi k\u00fcmblust\u00fcnnile, valmistatud kvaliteetsest 304\/316 roostevabast terasest. Kiire k\u00fctmine, korrosioonikindlus ja vastupidavus v\u00e4listingimustes.<\/p>\n","protected":false},"featured_media":115992,"comment_status":"open","ping_status":"closed","template":"","meta":{"_acf_changed":false},"factory":[],"free-shipment":[],"product_brand":[],"product_cat":[2209,2308],"product_tag":[2842,1892],"class_list":{"0":"post-116017","1":"product","2":"type-product","3":"status-publish","4":"has-post-thumbnail","6":"product_cat-kumblustunnid","7":"product_cat-kumblustunnide-ahjud","8":"product_tag-hot-tub-et","9":"product_tag-stove-et","11":"first","12":"instock","13":"sale","14":"taxable","15":"shipping-taxable","16":"purchasable","17":"product-type-simple"},"acf":[],"_links":{"self":[{"href":"https:\/\/factory.sale\/et\/wp-json\/wp\/v2\/product\/116017","targetHints":{"allow":["GET"]}}],"collection":[{"href":"https:\/\/factory.sale\/et\/wp-json\/wp\/v2\/product"}],"about":[{"href":"https:\/\/factory.sale\/et\/wp-json\/wp\/v2\/types\/product"}],"replies":[{"embeddable":true,"href":"https:\/\/factory.sale\/et\/wp-json\/wp\/v2\/comments?post=116017"}],"wp:featuredmedia":[{"embeddable":true,"href":"https:\/\/factory.sale\/et\/wp-json\/wp\/v2\/media\/115992"}],"wp:attachment":[{"href":"https:\/\/factory.sale\/et\/wp-json\/wp\/v2\/media?parent=116017"}],"wp:term":[{"taxonomy":"factory","embeddable":true,"href":"https:\/\/factory.sale\/et\/wp-json\/wp\/v2\/factory?post=116017"},{"taxonomy":"free-shipment","embeddable":true,"href":"https:\/\/factory.sale\/et\/wp-json\/wp\/v2\/free-shipment?post=116017"},{"taxonomy":"product_brand","embeddable":true,"href":"https:\/\/factory.sale\/et\/wp-json\/wp\/v2\/product_brand?post=116017"},{"taxonomy":"product_cat","embeddable":true,"href":"https:\/\/factory.sale\/et\/wp-json\/wp\/v2\/product_cat?post=116017"},{"taxonomy":"product_tag","embeddable":true,"href":"https:\/\/factory.sale\/et\/wp-json\/wp\/v2\/product_tag?post=116017"}],"curies":[{"name":"wp","href":"https:\/\/api.w.org\/{rel}","templated":true}]}}