{"id":11594,"date":"2022-08-16T07:00:37","date_gmt":"2022-08-16T07:03:38","guid":{"rendered":"https:\/\/factory.sale\/?post_type=product&#038;p=11594"},"modified":"2026-02-10T19:46:04","modified_gmt":"2026-02-10T16:46:04","slug":"kaitsepiire-huum-steel","status":"publish","type":"product","link":"https:\/\/factory.sale\/et\/toode\/kaitsepiire-huum-steel\/","title":{"rendered":"Kaitsepiire HUUM STEEL"},"content":{"rendered":"<h2><span style=\"font-size: 14pt;\">Vastupidav kaitsepiire HUUM STEEL<\/span><\/h2>\n<p>Kaitsepiire STEEL kerisele t\u00f5stab ohutuse saunas uuele tasemele ja lisab Sinu kerisele stiili. See hoiab \u00e4ra juhuslikud kokkupuuted kuuma kerisega ja n\u00e4eb sealjuures hea v\u00e4lja.<\/p>\n<p><strong>Kaitsepiire on valmistatud heledast puidust ja sobib j\u00e4rgmistele STEEL keristele:<\/strong><\/p>\n<ul>\n<li>HUUM STEEL 6kW<\/li>\n<li>HUUM STEEL 9kW<\/li>\n<li>HUUM STEEL 10,5kW<\/li>\n<\/ul>\n<p><strong>Tehnilised andmed:\u00a0<\/strong><\/p>\n<ul>\n<li>KAAL: \u00a02 kg<\/li>\n<li>PIKKUS: 54,5 cm<\/li>\n<li>LAIUS: 54,5 cm<\/li>\n<\/ul>\n<p>&nbsp;<\/p>\n<div class=\"video-wrapper \"><iframe loading=\"lazy\" title=\"HUUM STEEL safety railing\" src=\"https:\/\/player.vimeo.com\/video\/986264231?dnt=1&amp;app_id=122963\" width=\"500\" height=\"281\" frameborder=\"0\" allow=\"autoplay; fullscreen; picture-in-picture; clipboard-write; encrypted-media; web-share\" referrerpolicy=\"strict-origin-when-cross-origin\"><\/iframe><\/div>\n<p>&nbsp;<\/p>\n<p><a title=\"Vaata videot uues aknas\" href=\"https:\/\/vimeo.com\/986264231?fl=pl&amp;fe=vl\" target=\"_blank\" rel=\"noopener\">Vaata videot uues aknas<\/a><\/p>\n<p>Tutvu teiste sarnaste toodetega <a title=\"siin\" href=\"https:\/\/factory.sale\/et\/product-category\/sanitaartehnika\/saunaahjude-ja-keriste-lisad\/\">siin<\/a><\/p>\n","protected":false},"excerpt":{"rendered":"<p>Kaitsepiire HUUM STEEL tagab k\u00f5rgendatud turvalisuse, on stiilne ja hoiab \u00e4ra kokkupuuted kerisega<\/p>\n","protected":false},"featured_media":100192,"comment_status":"open","ping_status":"closed","template":"","meta":{"_acf_changed":false},"factory":[],"free-shipment":[],"product_brand":[4432],"product_cat":[4892],"product_tag":[718,2200,811,2941],"class_list":{"0":"post-11594","1":"product","2":"type-product","3":"status-publish","4":"has-post-thumbnail","6":"product_brand-huum-et","7":"product_cat-saunaahjude-ja-keriste-lisad","8":"product_tag-huum-et","9":"product_tag-safety-railing-et","10":"product_tag-sauna-et","11":"product_tag-saunas-et","13":"first","14":"instock","15":"sale","16":"taxable","17":"shipping-taxable","18":"purchasable","19":"product-type-simple"},"acf":[],"_links":{"self":[{"href":"https:\/\/factory.sale\/et\/wp-json\/wp\/v2\/product\/11594","targetHints":{"allow":["GET"]}}],"collection":[{"href":"https:\/\/factory.sale\/et\/wp-json\/wp\/v2\/product"}],"about":[{"href":"https:\/\/factory.sale\/et\/wp-json\/wp\/v2\/types\/product"}],"replies":[{"embeddable":true,"href":"https:\/\/factory.sale\/et\/wp-json\/wp\/v2\/comments?post=11594"}],"wp:featuredmedia":[{"embeddable":true,"href":"https:\/\/factory.sale\/et\/wp-json\/wp\/v2\/media\/100192"}],"wp:attachment":[{"href":"https:\/\/factory.sale\/et\/wp-json\/wp\/v2\/media?parent=11594"}],"wp:term":[{"taxonomy":"factory","embeddable":true,"href":"https:\/\/factory.sale\/et\/wp-json\/wp\/v2\/factory?post=11594"},{"taxonomy":"free-shipment","embeddable":true,"href":"https:\/\/factory.sale\/et\/wp-json\/wp\/v2\/free-shipment?post=11594"},{"taxonomy":"product_brand","embeddable":true,"href":"https:\/\/factory.sale\/et\/wp-json\/wp\/v2\/product_brand?post=11594"},{"taxonomy":"product_cat","embeddable":true,"href":"https:\/\/factory.sale\/et\/wp-json\/wp\/v2\/product_cat?post=11594"},{"taxonomy":"product_tag","embeddable":true,"href":"https:\/\/factory.sale\/et\/wp-json\/wp\/v2\/product_tag?post=11594"}],"curies":[{"name":"wp","href":"https:\/\/api.w.org\/{rel}","templated":true}]}}