{"id":11552,"date":"2022-08-15T08:52:43","date_gmt":"2022-08-15T08:54:50","guid":{"rendered":"https:\/\/factory.sale\/?post_type=product&#038;p=11552"},"modified":"2026-02-03T12:20:45","modified_gmt":"2026-02-03T09:20:45","slug":"kaitsepiire-huum-drop-keristele","status":"publish","type":"product","link":"https:\/\/factory.sale\/et\/toode\/kaitsepiire-huum-drop-keristele\/","title":{"rendered":"Kaitsepiire HUUM DROP keristele"},"content":{"rendered":"<h2><span style=\"font-size: 14pt;\">Vastupidav kaitsepiire HUUM DROP keristele<\/span><\/h2>\n<p>Kaitsepiire DROP keristele t\u00f5stab ohutuse saunas uuele tasemele ja muudab Sinu kerise veelgi stiilsemaks. See hoiab \u00e4ra juhuslikud kokkupuuted kuuma kerisega ja n\u00e4eb sealjuures v\u00e4ga hea v\u00e4lja.<\/p>\n<p>Kaitsepiire kaared on valmistatud heledast puidust.<\/p>\n<p><strong>Tehnilised andmed:<\/strong><\/p>\n<ul>\n<li>KAAL: 2 kg<\/li>\n<li>EAN 4744103019007<\/li>\n<\/ul>\n<p>&nbsp;<\/p>\n<div class=\"video-wrapper \"><iframe loading=\"lazy\" title=\"HUUM DROP safety railing\" src=\"https:\/\/player.vimeo.com\/video\/986298879?dnt=1&amp;app_id=122963\" width=\"500\" height=\"281\" frameborder=\"0\" allow=\"autoplay; fullscreen; picture-in-picture; clipboard-write; encrypted-media; web-share\" referrerpolicy=\"strict-origin-when-cross-origin\"><\/iframe><\/div>\n<p>&nbsp;<\/p>\n<p><a title=\"Vaata videot uues aknas\" href=\"https:\/\/vimeo.com\/986298879?fl=pl&amp;fe=vl\" target=\"_blank\" rel=\"noopener\">Vaata videot uues aknas<\/a><\/p>\n<p>Tutvu teiste sarnaste toodetega\u00a0<a title=\"siin\" href=\"https:\/\/factory.sale\/et\/product-category\/sanitaartehnika\/saunaahjude-ja-keriste-lisad\/\">siin<\/a><\/p>\n","protected":false},"excerpt":{"rendered":"<p>Kaitsepiire DROP keristele aitab \u00e4ra hoida kokkupuuted tulise kerisega, on stiilne ja tagab k\u00f5rgendatud turvalisuse.<\/p>\n","protected":false},"featured_media":100189,"comment_status":"open","ping_status":"closed","template":"","meta":{"_acf_changed":false},"factory":[],"free-shipment":[],"product_brand":[4432],"product_cat":[4892],"product_tag":[718,2200,811],"class_list":{"0":"post-11552","1":"product","2":"type-product","3":"status-publish","4":"has-post-thumbnail","6":"product_brand-huum-et","7":"product_cat-saunaahjude-ja-keriste-lisad","8":"product_tag-huum-et","9":"product_tag-safety-railing-et","10":"product_tag-sauna-et","12":"first","13":"instock","14":"sale","15":"taxable","16":"shipping-taxable","17":"purchasable","18":"product-type-simple"},"acf":[],"_links":{"self":[{"href":"https:\/\/factory.sale\/et\/wp-json\/wp\/v2\/product\/11552","targetHints":{"allow":["GET"]}}],"collection":[{"href":"https:\/\/factory.sale\/et\/wp-json\/wp\/v2\/product"}],"about":[{"href":"https:\/\/factory.sale\/et\/wp-json\/wp\/v2\/types\/product"}],"replies":[{"embeddable":true,"href":"https:\/\/factory.sale\/et\/wp-json\/wp\/v2\/comments?post=11552"}],"wp:featuredmedia":[{"embeddable":true,"href":"https:\/\/factory.sale\/et\/wp-json\/wp\/v2\/media\/100189"}],"wp:attachment":[{"href":"https:\/\/factory.sale\/et\/wp-json\/wp\/v2\/media?parent=11552"}],"wp:term":[{"taxonomy":"factory","embeddable":true,"href":"https:\/\/factory.sale\/et\/wp-json\/wp\/v2\/factory?post=11552"},{"taxonomy":"free-shipment","embeddable":true,"href":"https:\/\/factory.sale\/et\/wp-json\/wp\/v2\/free-shipment?post=11552"},{"taxonomy":"product_brand","embeddable":true,"href":"https:\/\/factory.sale\/et\/wp-json\/wp\/v2\/product_brand?post=11552"},{"taxonomy":"product_cat","embeddable":true,"href":"https:\/\/factory.sale\/et\/wp-json\/wp\/v2\/product_cat?post=11552"},{"taxonomy":"product_tag","embeddable":true,"href":"https:\/\/factory.sale\/et\/wp-json\/wp\/v2\/product_tag?post=11552"}],"curies":[{"name":"wp","href":"https:\/\/api.w.org\/{rel}","templated":true}]}}