{"id":11537,"date":"2022-08-15T08:19:29","date_gmt":"2022-08-15T08:22:38","guid":{"rendered":"https:\/\/factory.sale\/?post_type=product&#038;p=11537"},"modified":"2026-02-10T19:55:34","modified_gmt":"2026-02-10T16:55:34","slug":"uputuskrae-huum-drop-kerisele","status":"publish","type":"product","link":"https:\/\/factory.sale\/et\/toode\/uputuskrae-huum-drop-kerisele\/","title":{"rendered":"Uputuskrae HUUM DROP kerisele"},"content":{"rendered":"<h2><span style=\"font-size: 14pt;\">Uputuskrae HUUM DROP keristele.<\/span><\/h2>\n<p>Kui soovid naabrist erineda ja paigaldada oma HUUM DROP kerise osaliselt saunalava sisse, siis kulub uputuskrae marjaks \u00e4ra. See on valmistatud roostevabast terasest ja katab kerise \u00fcmber olevad eba\u00fchtlased puidust servad, luues puhta ja atraktiivse l\u00f5pptulemuse.<\/p>\n<p><strong>Tehnilised andmed:<\/strong><\/p>\n<ul>\n<li>KAAL: \u00a01.5 kg<\/li>\n<li>EAN: 4744103019090<\/li>\n<\/ul>\n<p>&nbsp;<\/p>\n<div class=\"video-wrapper \"><iframe loading=\"lazy\" title=\"HUUM DROP embedding tutorial\" width=\"500\" height=\"281\" src=\"https:\/\/www.youtube.com\/embed\/ieF6C8pfW48?feature=oembed\" frameborder=\"0\" allow=\"accelerometer; autoplay; clipboard-write; encrypted-media; gyroscope; picture-in-picture; web-share\" referrerpolicy=\"strict-origin-when-cross-origin\" allowfullscreen><\/iframe><\/div>\n<p>&nbsp;<\/p>\n<p><a title=\"Vaata videot uues aknas\" href=\"https:\/\/www.youtube.com\/watch?v=ieF6C8pfW48\" target=\"_blank\" rel=\"noopener\">Vaata videot uues aknas<\/a><\/p>\n<p>Tutvu teiste sarnaste toodetega <a title=\"siin\" href=\"https:\/\/factory.sale\/et\/product-category\/sanitaartehnika\/saunaahjude-ja-keriste-lisad\/\">siin<\/a><\/p>\n","protected":false},"excerpt":{"rendered":"<p>Uputuskrae HUUM DROP keristele.<\/p>\n<ul>\n<li>Valmistatud roostevabast terasest<\/li>\n<li>Katab eba\u00fchtlased servad<\/li>\n<li>Loob ilusa ja puhta l\u00f5pptulemuse<\/li>\n<\/ul>\n","protected":false},"featured_media":100195,"comment_status":"open","ping_status":"closed","template":"","meta":{"_acf_changed":false},"factory":[],"free-shipment":[],"product_brand":[4432],"product_cat":[4892],"product_tag":[718,811],"class_list":{"0":"post-11537","1":"product","2":"type-product","3":"status-publish","4":"has-post-thumbnail","6":"product_brand-huum-et","7":"product_cat-saunaahjude-ja-keriste-lisad","8":"product_tag-huum-et","9":"product_tag-sauna-et","11":"first","12":"instock","13":"sale","14":"taxable","15":"shipping-taxable","16":"purchasable","17":"product-type-simple"},"acf":[],"_links":{"self":[{"href":"https:\/\/factory.sale\/et\/wp-json\/wp\/v2\/product\/11537","targetHints":{"allow":["GET"]}}],"collection":[{"href":"https:\/\/factory.sale\/et\/wp-json\/wp\/v2\/product"}],"about":[{"href":"https:\/\/factory.sale\/et\/wp-json\/wp\/v2\/types\/product"}],"replies":[{"embeddable":true,"href":"https:\/\/factory.sale\/et\/wp-json\/wp\/v2\/comments?post=11537"}],"wp:featuredmedia":[{"embeddable":true,"href":"https:\/\/factory.sale\/et\/wp-json\/wp\/v2\/media\/100195"}],"wp:attachment":[{"href":"https:\/\/factory.sale\/et\/wp-json\/wp\/v2\/media?parent=11537"}],"wp:term":[{"taxonomy":"factory","embeddable":true,"href":"https:\/\/factory.sale\/et\/wp-json\/wp\/v2\/factory?post=11537"},{"taxonomy":"free-shipment","embeddable":true,"href":"https:\/\/factory.sale\/et\/wp-json\/wp\/v2\/free-shipment?post=11537"},{"taxonomy":"product_brand","embeddable":true,"href":"https:\/\/factory.sale\/et\/wp-json\/wp\/v2\/product_brand?post=11537"},{"taxonomy":"product_cat","embeddable":true,"href":"https:\/\/factory.sale\/et\/wp-json\/wp\/v2\/product_cat?post=11537"},{"taxonomy":"product_tag","embeddable":true,"href":"https:\/\/factory.sale\/et\/wp-json\/wp\/v2\/product_tag?post=11537"}],"curies":[{"name":"wp","href":"https:\/\/api.w.org\/{rel}","templated":true}]}}