{"id":11381,"date":"2022-08-09T08:34:17","date_gmt":"2022-08-09T08:34:56","guid":{"rendered":"https:\/\/factory.sale\/?post_type=product&#038;p=11381"},"modified":"2024-06-26T21:49:59","modified_gmt":"2024-06-26T21:49:59","slug":"juhtkeskus-harvia-c150400","status":"publish","type":"product","link":"https:\/\/factory.sale\/et\/toode\/juhtkeskus-harvia-c150400\/","title":{"rendered":"JUHTKESKUS HARVIA C150400"},"content":{"rendered":"<p><strong>Toote informatsioon:<\/strong><\/p>\n<ul>\n<li>Toote kood:\u00a08261193<\/li>\n<li>Harvia C150 juhtimiskeskus (max 16,5 kW)<\/li>\n<li>Harvia C150 on k\u00e4sitsi juhitav p\u00f5hijuhtimiskeskus 1-r\u00fchma pliitidele v\u00f5imsusvahemikus 2,3-17 kW<\/li>\n<li>Eraldi neljameetrise kaabliga temperatuuriandur on komplektis<\/li>\n<li>Pliidi t\u00f6\u00f6aega saab piirata 1-12 tunniga. Tarne sisu: juhtimiskeskus. termoandur<\/li>\n<\/ul>\n","protected":false},"excerpt":{"rendered":"<p>Harvia C150 on k\u00e4sitsi juhitav p\u00f5hijuhtimiskeskus 1-r\u00fchma pliitidele v\u00f5imsusvahemikus 2,3-17 kW.<\/p>\n","protected":false},"featured_media":11384,"comment_status":"open","ping_status":"closed","template":"","meta":{"_acf_changed":false},"factory":[],"free-shipment":[],"product_brand":[],"product_cat":[1345,784],"product_tag":[1443,811],"class_list":{"0":"post-11381","1":"product","2":"type-product","3":"status-publish","4":"has-post-thumbnail","6":"product_cat-juhtpuldid","7":"product_cat-sanitaartehnika","8":"product_tag-harvia-et","9":"product_tag-sauna-et","11":"first","12":"instock","13":"sale","14":"taxable","15":"shipping-taxable","16":"purchasable","17":"product-type-simple"},"acf":[],"_links":{"self":[{"href":"https:\/\/factory.sale\/et\/wp-json\/wp\/v2\/product\/11381","targetHints":{"allow":["GET"]}}],"collection":[{"href":"https:\/\/factory.sale\/et\/wp-json\/wp\/v2\/product"}],"about":[{"href":"https:\/\/factory.sale\/et\/wp-json\/wp\/v2\/types\/product"}],"replies":[{"embeddable":true,"href":"https:\/\/factory.sale\/et\/wp-json\/wp\/v2\/comments?post=11381"}],"wp:featuredmedia":[{"embeddable":true,"href":"https:\/\/factory.sale\/et\/wp-json\/wp\/v2\/media\/11384"}],"wp:attachment":[{"href":"https:\/\/factory.sale\/et\/wp-json\/wp\/v2\/media?parent=11381"}],"wp:term":[{"taxonomy":"factory","embeddable":true,"href":"https:\/\/factory.sale\/et\/wp-json\/wp\/v2\/factory?post=11381"},{"taxonomy":"free-shipment","embeddable":true,"href":"https:\/\/factory.sale\/et\/wp-json\/wp\/v2\/free-shipment?post=11381"},{"taxonomy":"product_brand","embeddable":true,"href":"https:\/\/factory.sale\/et\/wp-json\/wp\/v2\/product_brand?post=11381"},{"taxonomy":"product_cat","embeddable":true,"href":"https:\/\/factory.sale\/et\/wp-json\/wp\/v2\/product_cat?post=11381"},{"taxonomy":"product_tag","embeddable":true,"href":"https:\/\/factory.sale\/et\/wp-json\/wp\/v2\/product_tag?post=11381"}],"curies":[{"name":"wp","href":"https:\/\/api.w.org\/{rel}","templated":true}]}}