{"id":11377,"date":"2022-08-09T07:11:53","date_gmt":"2022-08-09T07:13:50","guid":{"rendered":"https:\/\/factory.sale\/?post_type=product&#038;p=11377"},"modified":"2025-03-19T21:34:57","modified_gmt":"2025-03-19T18:34:57","slug":"saunatarvik-harvia-cilindro-protective-rail-hpc3","status":"publish","type":"product","link":"https:\/\/factory.sale\/et\/toode\/saunatarvik-harvia-cilindro-protective-rail-hpc3\/","title":{"rendered":"SAUNATARVIK HARVIA CILINDRO PROTECTIVE RAIL HPC3"},"content":{"rendered":"<p><strong>Toote\u00a0informastioon:\u00a0<\/strong><\/p>\n<ul>\n<li>Toote kood:\u00a08261304<\/li>\n<li>Harvia Cilindro kaitsepiire HPC3<\/li>\n<li>Kaitsepiire HPC3 sobib 7 ja 9 kW Cilindro ahjudele<\/li>\n<li>Puitosad kuumt\u00f6\u00f6deldud kasest, metallosad roostevabast terasest<\/li>\n<li>Kaitsepiirde l\u00e4bim\u00f5\u00f5t on 520 mm<\/li>\n<li>M\u00f5\u00f5dud: 520 x 520 x 80 mm.<\/li>\n<\/ul>\n","protected":false},"excerpt":{"rendered":"<p>Harvia Cilindro kaitsepiire HPC3, mis\u00a0sobib 7 ja 9 kW Cilindro ahjudele.<\/p>\n","protected":false},"featured_media":11375,"comment_status":"open","ping_status":"closed","template":"","meta":{"_acf_changed":false},"factory":[],"free-shipment":[],"product_brand":[],"product_cat":[1028,784],"product_tag":[811],"class_list":{"0":"post-11377","1":"product","2":"type-product","3":"status-publish","4":"has-post-thumbnail","6":"product_cat-saunatarvikud","7":"product_cat-sanitaartehnika","8":"product_tag-sauna-et","10":"first","11":"instock","12":"sale","13":"taxable","14":"shipping-taxable","15":"purchasable","16":"product-type-simple"},"acf":[],"_links":{"self":[{"href":"https:\/\/factory.sale\/et\/wp-json\/wp\/v2\/product\/11377","targetHints":{"allow":["GET"]}}],"collection":[{"href":"https:\/\/factory.sale\/et\/wp-json\/wp\/v2\/product"}],"about":[{"href":"https:\/\/factory.sale\/et\/wp-json\/wp\/v2\/types\/product"}],"replies":[{"embeddable":true,"href":"https:\/\/factory.sale\/et\/wp-json\/wp\/v2\/comments?post=11377"}],"wp:featuredmedia":[{"embeddable":true,"href":"https:\/\/factory.sale\/et\/wp-json\/wp\/v2\/media\/11375"}],"wp:attachment":[{"href":"https:\/\/factory.sale\/et\/wp-json\/wp\/v2\/media?parent=11377"}],"wp:term":[{"taxonomy":"factory","embeddable":true,"href":"https:\/\/factory.sale\/et\/wp-json\/wp\/v2\/factory?post=11377"},{"taxonomy":"free-shipment","embeddable":true,"href":"https:\/\/factory.sale\/et\/wp-json\/wp\/v2\/free-shipment?post=11377"},{"taxonomy":"product_brand","embeddable":true,"href":"https:\/\/factory.sale\/et\/wp-json\/wp\/v2\/product_brand?post=11377"},{"taxonomy":"product_cat","embeddable":true,"href":"https:\/\/factory.sale\/et\/wp-json\/wp\/v2\/product_cat?post=11377"},{"taxonomy":"product_tag","embeddable":true,"href":"https:\/\/factory.sale\/et\/wp-json\/wp\/v2\/product_tag?post=11377"}],"curies":[{"name":"wp","href":"https:\/\/api.w.org\/{rel}","templated":true}]}}