{"id":11362,"date":"2025-03-19T15:49:23","date_gmt":"2022-08-09T06:31:51","guid":{"rendered":"https:\/\/factory.sale\/?post_type=product&#038;p=11362"},"modified":"2025-03-19T01:32:08","modified_gmt":"2025-03-18T22:32:08","slug":"elektriline-keris-harvia-cilindro-xe-90-kw-steel-pc90xe","status":"publish","type":"product","link":"https:\/\/factory.sale\/et\/toode\/elektriline-keris-harvia-cilindro-xe-90-kw-steel-pc90xe\/","title":{"rendered":"ELEKTRILINE KERIS HARVIA CILINDRO XE 9,0 KW STEEL PC90XE"},"content":{"rendered":"<p>Cilindro on suure kivimassiga ja digitaalse juhtimisega p\u00f5randakeris 8-14 m3 saunadele. Kerise suurus ja tohutu kivide hulk v\u00f5imaldavad meeldivaid saunaelamusi nii suurtes kui v\u00e4ikestes saunaedes. L\u00e4ikiv v\u00e4lisk\u00fclg on valmistatud roostevabast terasest. Pliiti juhib eraldiseisev Xenio juhtpult. Kaugk\u00e4ivitus- ja ohutusseadmed (uksel\u00fcliti v\u00f5i pliidi ohutusseade) saab \u00fchendada otse pliidiga. Cilindro \u00fchildub Xenio Wifi s\u00fcsteemiga (MyHarvia).<\/p>\n<p>&nbsp;<\/p>\n<p>&nbsp;<\/p>\n<p><strong>Lisainformatsioon:<\/strong><\/p>\n<ul>\n<li>Toote kood:\u00a0502276816<\/li>\n<li>v\u00f5imsus 9 kW<\/li>\n<li>m\u00f5\u00f5dud: 320 x 320 x 930 mm<\/li>\n<li>kaitsekaugus 100 mm<\/li>\n<li>kivid 90kg (\u00d8 5-10 cm)<\/li>\n<li>Tarnekomplekt: Pliit, juhtpaneel, juhtpaneeli kinnituskrae koos kinnitustarvikutega, juhtpaneeli kaabel, temperatuuriandur koos kaabliga, pliidi kinnitustarvikud ning paigaldus- ja kasutusjuhend.<\/li>\n<\/ul>\n<p>&nbsp;<\/p>\n<p>&nbsp;<\/p>\n<p><a href=\"https:\/\/factory.sale\/wp-content\/uploads\/2022\/08\/PC-manual.pdf\"><em>Juhend<\/em><\/a><\/p>\n","protected":false},"excerpt":{"rendered":"<p>Harvia Cilindro Black Steel kollektsioon esitleb erinevas suuruses kaasaegseid ja l\u00e4ikivast mustast terasest sammaskeriseid saunaruumidesse.<\/p>\n","protected":false},"featured_media":11357,"comment_status":"open","ping_status":"closed","template":"","meta":{"_acf_changed":false},"factory":[],"free-shipment":[],"product_brand":[],"product_cat":[306,784],"product_tag":[2179,1443,808],"class_list":{"0":"post-11362","1":"product","2":"type-product","3":"status-publish","4":"has-post-thumbnail","6":"product_cat-saunakerised","7":"product_cat-sanitaartehnika","8":"product_tag-electric-heater-et","9":"product_tag-harvia-et","10":"product_tag-kerised","12":"first","13":"instock","14":"sale","15":"taxable","16":"shipping-taxable","17":"purchasable","18":"product-type-simple"},"acf":[],"_links":{"self":[{"href":"https:\/\/factory.sale\/et\/wp-json\/wp\/v2\/product\/11362","targetHints":{"allow":["GET"]}}],"collection":[{"href":"https:\/\/factory.sale\/et\/wp-json\/wp\/v2\/product"}],"about":[{"href":"https:\/\/factory.sale\/et\/wp-json\/wp\/v2\/types\/product"}],"replies":[{"embeddable":true,"href":"https:\/\/factory.sale\/et\/wp-json\/wp\/v2\/comments?post=11362"}],"wp:featuredmedia":[{"embeddable":true,"href":"https:\/\/factory.sale\/et\/wp-json\/wp\/v2\/media\/11357"}],"wp:attachment":[{"href":"https:\/\/factory.sale\/et\/wp-json\/wp\/v2\/media?parent=11362"}],"wp:term":[{"taxonomy":"factory","embeddable":true,"href":"https:\/\/factory.sale\/et\/wp-json\/wp\/v2\/factory?post=11362"},{"taxonomy":"free-shipment","embeddable":true,"href":"https:\/\/factory.sale\/et\/wp-json\/wp\/v2\/free-shipment?post=11362"},{"taxonomy":"product_brand","embeddable":true,"href":"https:\/\/factory.sale\/et\/wp-json\/wp\/v2\/product_brand?post=11362"},{"taxonomy":"product_cat","embeddable":true,"href":"https:\/\/factory.sale\/et\/wp-json\/wp\/v2\/product_cat?post=11362"},{"taxonomy":"product_tag","embeddable":true,"href":"https:\/\/factory.sale\/et\/wp-json\/wp\/v2\/product_tag?post=11362"}],"curies":[{"name":"wp","href":"https:\/\/api.w.org\/{rel}","templated":true}]}}