{"id":11350,"date":"2022-08-08T12:56:05","date_gmt":"2022-08-08T13:01:45","guid":{"rendered":"https:\/\/factory.sale\/?post_type=product&#038;p=11350"},"modified":"2024-06-25T20:30:39","modified_gmt":"2024-06-25T20:30:39","slug":"porandasooja-harvia-legend-po165-165-kw","status":"publish","type":"product","link":"https:\/\/factory.sale\/et\/toode\/porandasooja-harvia-legend-po165-165-kw\/","title":{"rendered":"ELEKTRIKERIS HARVIA LEGEND PO165, 16,5 KW"},"content":{"rendered":"<p>Harvia Legend annab teile \u00fclima saunaelamuse. See suur keris viib teid tagasi algusesse &#8211; selles sisaldub sauna olemus. Oks\u00fcdeeritud terasest raamis asub suur hulk kive ning nende soojenedes saab isegi suuremas saunas suurp\u00e4rase k\u00fcmbluse. Kivikambri avatud struktuuri t\u00f5ttu saate visata vett kerise kogu v\u00e4lispinnale. Suures kivide hulgas hoitav soojus v\u00f5imaldab teil isegi madalamatel temperatuuridel visata rohkem vett &#8211; saate meeldivalt niiske saunaelamuse. \u00dcmara vormi t\u00f5ttu saab Harvia Legend kerise paigaldada sauna p\u00f5randa keskele v\u00f5i saunalava sisse ehitada. Kerist juhitakse eraldiseisva juhtimiskeskusega.<\/p>\n<p>&nbsp;<\/p>\n<p><strong>Lisainformatsioon:<\/strong><\/p>\n<ul>\n<li>Toote kood:\u00a08266217<\/li>\n<li>P\u00f5randamudel Suure kivikogusega \u00fcmmargune keris, 16-35m3 saunaks<\/li>\n<li>V\u00f5imsus: 16,5 kW<\/li>\n<li>Juhtimismeetod: Eraldi juhtimiskeskus<\/li>\n<li>V\u00e4rv: must<\/li>\n<li>M\u00f5\u00f5dud: 600 x 600 x 830 mm<\/li>\n<li>Kaitsekaugus: 150 mm k\u00fclgedele<\/li>\n<li>Kivid: 220 kg (\u00d8 10-15 cm)<\/li>\n<\/ul>\n<p>&nbsp;<\/p>\n<p>&nbsp;<\/p>\n<p><a href=\"https:\/\/factory.sale\/wp-content\/uploads\/2022\/08\/PO11.pdf\" target=\"_blank\" rel=\"noopener noreferrer\"><em>Juhised<\/em><\/a><\/p>\n","protected":false},"excerpt":{"rendered":"<p>Harvia Legend PO165 16,5 kW &#8211; eriti suure kivikogusega elektrikeris, mis annab palju leili ja akumuleerib h\u00e4sti soojust.<\/p>\n<p>M\u00f5eldud avalikuks kasutamiseks ja suurtele erasaunadele.<\/p>\n","protected":false},"featured_media":11312,"comment_status":"open","ping_status":"closed","template":"","meta":{"_acf_changed":false},"factory":[],"free-shipment":[],"product_brand":[],"product_cat":[1420,306,784],"product_tag":[1443,808,2176],"class_list":{"0":"post-11350","1":"product","2":"type-product","3":"status-publish","4":"has-post-thumbnail","6":"product_cat-harvia-et","7":"product_cat-saunakerised","8":"product_cat-sanitaartehnika","9":"product_tag-harvia-et","10":"product_tag-kerised","11":"product_tag-sauna-heater-et","13":"first","14":"instock","15":"sale","16":"taxable","17":"shipping-taxable","18":"purchasable","19":"product-type-simple"},"acf":[],"_links":{"self":[{"href":"https:\/\/factory.sale\/et\/wp-json\/wp\/v2\/product\/11350","targetHints":{"allow":["GET"]}}],"collection":[{"href":"https:\/\/factory.sale\/et\/wp-json\/wp\/v2\/product"}],"about":[{"href":"https:\/\/factory.sale\/et\/wp-json\/wp\/v2\/types\/product"}],"replies":[{"embeddable":true,"href":"https:\/\/factory.sale\/et\/wp-json\/wp\/v2\/comments?post=11350"}],"wp:featuredmedia":[{"embeddable":true,"href":"https:\/\/factory.sale\/et\/wp-json\/wp\/v2\/media\/11312"}],"wp:attachment":[{"href":"https:\/\/factory.sale\/et\/wp-json\/wp\/v2\/media?parent=11350"}],"wp:term":[{"taxonomy":"factory","embeddable":true,"href":"https:\/\/factory.sale\/et\/wp-json\/wp\/v2\/factory?post=11350"},{"taxonomy":"free-shipment","embeddable":true,"href":"https:\/\/factory.sale\/et\/wp-json\/wp\/v2\/free-shipment?post=11350"},{"taxonomy":"product_brand","embeddable":true,"href":"https:\/\/factory.sale\/et\/wp-json\/wp\/v2\/product_brand?post=11350"},{"taxonomy":"product_cat","embeddable":true,"href":"https:\/\/factory.sale\/et\/wp-json\/wp\/v2\/product_cat?post=11350"},{"taxonomy":"product_tag","embeddable":true,"href":"https:\/\/factory.sale\/et\/wp-json\/wp\/v2\/product_tag?post=11350"}],"curies":[{"name":"wp","href":"https:\/\/api.w.org\/{rel}","templated":true}]}}