{"id":11343,"date":"2022-08-08T12:08:55","date_gmt":"2022-08-08T12:13:15","guid":{"rendered":"https:\/\/factory.sale\/?post_type=product&#038;p=11343"},"modified":"2025-08-05T10:44:40","modified_gmt":"2025-08-05T07:44:40","slug":"elektrikeris-harvia-cilindro-pc90xe-must-teras","status":"publish","type":"product","link":"https:\/\/factory.sale\/et\/toode\/elektrikeris-harvia-cilindro-pc90xe-must-teras\/","title":{"rendered":"ELEKTRIKERIS HARVIA CILINDRO PC90XE-MUST TERAS"},"content":{"rendered":"<p>Harvia Cilindro Black Steel kollektsioon esitleb erinevas suuruses kaasaegseid ja l\u00e4ikivast mustast terasest sammaskeriseid saunaruumidesse.<\/p>\n<p>Suur hulk kive tagab ideaalselt pehme, kuid samas tugeva kuumuse ja nauditava saunaelamuse v\u00e4ikestest kortersaunadest kuni suuremate kodusaunadeni. Stiilne must terasest v\u00e4rvi kerised annavad teie saunale kaasaegse ilme. Saunakerise praktiline vorm annab suurema paindlikkuse sauna interj\u00f6\u00f6ri kujundamisel: Cilindro Black Steel saunakerise saab integreerida saunapinki v\u00f5i asetada klaasseina \u00e4\u00e4rde.<\/p>\n<p>&nbsp;<\/p>\n<p>&nbsp;<\/p>\n<p><strong>Lisainformatsioon:<\/strong><\/p>\n<ul>\n<li>Toote kood:\u00a08266729<\/li>\n<li>Suure kivimassiga ahi, saunaks 8-14 m3<\/li>\n<li>V\u00f5imsus: 9 kW<\/li>\n<li>Juhtimismeetod: digitaalse juhtpaneeliga<\/li>\n<li>V\u00e4rvus: must teras<\/li>\n<li>M\u00f5\u00f5dud: 320 x 320 x 930 mm<\/li>\n<li>Kaitsekaugus: 100 mm k\u00fclgedele<\/li>\n<li>Kivid: 90 kg (\u00d8 5-10 cm AC3000)<\/li>\n<\/ul>\n<p>&nbsp;<\/p>\n<p>&nbsp;<\/p>\n<p><em><a href=\"https:\/\/factory.sale\/wp-content\/uploads\/2022\/08\/PC-manual.pdf\" target=\"_blank\" rel=\"noopener noreferrer\">Juhend<\/a><\/em><\/p>\n","protected":false},"excerpt":{"rendered":"<p>Harvia Cilindro Black Steel on kaasaegne must elektrikeris, mida saab juhtida digitaalselt juhtpaneelilt v\u00f5i eraldi juhtpuldi abil. Suur hulk kive garanteerib pehme leili ja sooja keskmise suurusega saunaruumi.<\/p>\n","protected":false},"featured_media":11329,"comment_status":"open","ping_status":"closed","template":"","meta":{"_acf_changed":false},"factory":[],"free-shipment":[],"product_brand":[],"product_cat":[306,784],"product_tag":[2179,1443,808],"class_list":{"0":"post-11343","1":"product","2":"type-product","3":"status-publish","4":"has-post-thumbnail","6":"product_cat-saunakerised","7":"product_cat-sanitaartehnika","8":"product_tag-electric-heater-et","9":"product_tag-harvia-et","10":"product_tag-kerised","12":"first","13":"instock","14":"sale","15":"taxable","16":"shipping-taxable","17":"purchasable","18":"product-type-simple"},"acf":[],"_links":{"self":[{"href":"https:\/\/factory.sale\/et\/wp-json\/wp\/v2\/product\/11343","targetHints":{"allow":["GET"]}}],"collection":[{"href":"https:\/\/factory.sale\/et\/wp-json\/wp\/v2\/product"}],"about":[{"href":"https:\/\/factory.sale\/et\/wp-json\/wp\/v2\/types\/product"}],"replies":[{"embeddable":true,"href":"https:\/\/factory.sale\/et\/wp-json\/wp\/v2\/comments?post=11343"}],"wp:featuredmedia":[{"embeddable":true,"href":"https:\/\/factory.sale\/et\/wp-json\/wp\/v2\/media\/11329"}],"wp:attachment":[{"href":"https:\/\/factory.sale\/et\/wp-json\/wp\/v2\/media?parent=11343"}],"wp:term":[{"taxonomy":"factory","embeddable":true,"href":"https:\/\/factory.sale\/et\/wp-json\/wp\/v2\/factory?post=11343"},{"taxonomy":"free-shipment","embeddable":true,"href":"https:\/\/factory.sale\/et\/wp-json\/wp\/v2\/free-shipment?post=11343"},{"taxonomy":"product_brand","embeddable":true,"href":"https:\/\/factory.sale\/et\/wp-json\/wp\/v2\/product_brand?post=11343"},{"taxonomy":"product_cat","embeddable":true,"href":"https:\/\/factory.sale\/et\/wp-json\/wp\/v2\/product_cat?post=11343"},{"taxonomy":"product_tag","embeddable":true,"href":"https:\/\/factory.sale\/et\/wp-json\/wp\/v2\/product_tag?post=11343"}],"curies":[{"name":"wp","href":"https:\/\/api.w.org\/{rel}","templated":true}]}}