{"id":11331,"date":"2022-08-08T11:41:04","date_gmt":"2022-08-08T11:49:24","guid":{"rendered":"https:\/\/factory.sale\/?post_type=product&#038;p=11331"},"modified":"2024-06-26T05:29:49","modified_gmt":"2024-06-26T05:29:49","slug":"elektriline-keris-harvia-cilindro-pc70xe-68kw-xenio-juhtpuldiga","status":"publish","type":"product","link":"https:\/\/factory.sale\/et\/toode\/elektriline-keris-harvia-cilindro-pc70xe-68kw-xenio-juhtpuldiga\/","title":{"rendered":"Elektriline keris Harvia Cilindro PC70XE, 6,8kW, XENIO juhtpuldiga"},"content":{"rendered":"<p>Harvia Cilindro Black Steel on kaasaegne must elektrikeris, mida saab juhtida digitaalselt juhtpaneelilt v\u00f5i eraldi juhtpuldi abil. Suur hulk kive garanteerib pehme leili ja sooja keskmise suurusega saunaruumi.<\/p>\n<p>Keris sobib erinevate stiilide sauna sisekujundustega, t\u00e4ites ka k\u00f5ige ambitsioonikamate sisekujundajate ja arhitektide n\u00f5udmised. Keris pakub paindlikke ja nutikaid lahendusi loominguliseks paigutamiseks saunaruumi ning paigaldusv\u00f5imalusi, n\u00e4iteks kerise paigaldamist saunalaudadesse.<\/p>\n<p>Elegantne juhtpaneel, mis muudab kerise kasutamise lihtsaks. Saun on valmis just siis, kui seda vajad. Lihtne kasutada ja reguleerida temperatuuri \u00fche kraadi t\u00e4psusega. Samuti v\u00f5imaldab see juhtida sauna valgustust ja reguleerida sisse\/v\u00e4lja taimerit vastavalt vajadusele.<\/p>\n<p>&nbsp;<\/p>\n<p>&nbsp;<\/p>\n<p><strong>Product information:<\/strong><\/p>\n<ul>\n<li>Toote kood:\u00a08266728<\/li>\n<li>P\u00f5randal seisev suure kivimassiga ahi, saunaks 6-10 m3<\/li>\n<li>V\u00f5imsus: 7 kW<\/li>\n<li>Juhtimismeetod: digitaalse juhtpaneeliga<\/li>\n<li>V\u00e4rvus: must teras<\/li>\n<li>M\u00f5\u00f5dud: 320 x 320 x 930 mm<\/li>\n<li>Kaitsekaugus: 100 mm k\u00fclgedele<\/li>\n<li>Kivid: 90 kg (\u00d8 5-10 cm AC3000)<\/li>\n<\/ul>\n<p>&nbsp;<\/p>\n<p>&nbsp;<\/p>\n<p>&nbsp;<\/p>\n<p><em><a href=\"https:\/\/factory.sale\/wp-content\/uploads\/2022\/08\/PC-manual.pdf\" target=\"_blank\" rel=\"noopener noreferrer\">Juhised<\/a><\/em><\/p>\n","protected":false},"excerpt":{"rendered":"<p>Harvia Cilindro Black Steel on kaasaegne must elektrikeris, mida saab juhtida digitaalselt juhtpaneelilt v\u00f5i eraldi juhtpuldi abil.<\/p>\n","protected":false},"featured_media":11329,"comment_status":"open","ping_status":"closed","template":"","meta":{"_acf_changed":false},"factory":[],"free-shipment":[],"product_brand":[],"product_cat":[306,784],"product_tag":[2179,1443,808],"class_list":{"0":"post-11331","1":"product","2":"type-product","3":"status-publish","4":"has-post-thumbnail","6":"product_cat-saunakerised","7":"product_cat-sanitaartehnika","8":"product_tag-electric-heater-et","9":"product_tag-harvia-et","10":"product_tag-kerised","12":"first","13":"instock","14":"sale","15":"taxable","16":"shipping-taxable","17":"purchasable","18":"product-type-simple"},"acf":[],"_links":{"self":[{"href":"https:\/\/factory.sale\/et\/wp-json\/wp\/v2\/product\/11331","targetHints":{"allow":["GET"]}}],"collection":[{"href":"https:\/\/factory.sale\/et\/wp-json\/wp\/v2\/product"}],"about":[{"href":"https:\/\/factory.sale\/et\/wp-json\/wp\/v2\/types\/product"}],"replies":[{"embeddable":true,"href":"https:\/\/factory.sale\/et\/wp-json\/wp\/v2\/comments?post=11331"}],"wp:featuredmedia":[{"embeddable":true,"href":"https:\/\/factory.sale\/et\/wp-json\/wp\/v2\/media\/11329"}],"wp:attachment":[{"href":"https:\/\/factory.sale\/et\/wp-json\/wp\/v2\/media?parent=11331"}],"wp:term":[{"taxonomy":"factory","embeddable":true,"href":"https:\/\/factory.sale\/et\/wp-json\/wp\/v2\/factory?post=11331"},{"taxonomy":"free-shipment","embeddable":true,"href":"https:\/\/factory.sale\/et\/wp-json\/wp\/v2\/free-shipment?post=11331"},{"taxonomy":"product_brand","embeddable":true,"href":"https:\/\/factory.sale\/et\/wp-json\/wp\/v2\/product_brand?post=11331"},{"taxonomy":"product_cat","embeddable":true,"href":"https:\/\/factory.sale\/et\/wp-json\/wp\/v2\/product_cat?post=11331"},{"taxonomy":"product_tag","embeddable":true,"href":"https:\/\/factory.sale\/et\/wp-json\/wp\/v2\/product_tag?post=11331"}],"curies":[{"name":"wp","href":"https:\/\/api.w.org\/{rel}","templated":true}]}}