{"id":11319,"date":"2022-08-11T09:57:09","date_gmt":"2022-11-10T15:32:22","guid":{"rendered":"https:\/\/factory.sale\/?post_type=product&#038;p=11319"},"modified":"2024-06-30T17:22:39","modified_gmt":"2024-06-30T17:22:39","slug":"elektriline-keris-harvia-legend-po11-11-kw","status":"publish","type":"product","link":"https:\/\/factory.sale\/et\/toode\/elektriline-keris-harvia-legend-po11-11-kw\/","title":{"rendered":"ELEKTRILINE KERIS HARVIA LEGEND PO11 11 KW"},"content":{"rendered":"<p>See suur keris viib saunad ajastusse, mil keris alles s\u00fcndis \u2013 see on keris oma ehedaimas olekus. Legendi patineeritud terasraam sisaldab suures koguses kive, mis kuumutamisel annavad suurep\u00e4rast leili ka suuremas saunas. T\u00e4nu kiviruumi avatud konstruktsioonile on kogu kerise v\u00e4lispind sauna kasutuses leilitamiseks. Suures koguses kividesse salvestunud soojus v\u00f5imaldab ka madalatel temperatuuridel \u00f5iglasemat l\u00f6rtsimist \u2013 saate oma sauna m\u00f5nusalt niisked laastud.<\/p>\n<p>T\u00e4nu Harvia Legend kerise \u00fcmarale kujule saab kerise paigaldada n\u00e4iteks sauna keskele ja p\u00f5imida laudlahendusse. Pliiti juhib eraldi juhtimiskeskus, mis tuleb eraldi tellida. Valige rippmen\u00fc\u00fcst teile k\u00f5ige sobivam juhtimiskeskus.<\/p>\n<p>&nbsp;<\/p>\n<p>&nbsp;<\/p>\n<p><strong>Lisainformatsioon<\/strong>:<\/p>\n<ul>\n<li>Toote kood:\u00a08261100<\/li>\n<li>P\u00f5randamudel<\/li>\n<li>Suure kivikogusega ringkeris<\/li>\n<li>9-20m3 sauna jaoks<\/li>\n<li>V\u00f5imsus: 11 kW<\/li>\n<li>Juhtimismeetod: Eraldi juhtimiskeskus<\/li>\n<li>V\u00e4rv: must<\/li>\n<li>M\u00f5\u00f5dud: 530 x 530 x 740 mm<\/li>\n<li>Kaitsekaugus: 100 mm k\u00fclgedele<\/li>\n<li>Kivid: 40 kg (\u00d8 5-10 cm) + 80 kg (\u00d8 10-15 cm)<\/li>\n<\/ul>\n<p>&nbsp;<\/p>\n<p>&nbsp;<\/p>\n<p><em><a href=\"https:\/\/factory.sale\/wp-content\/uploads\/2022\/08\/PO11.pdf\">Juhend<\/a><\/em><\/p>\n","protected":false},"excerpt":{"rendered":"<p>Harvia Legend PO11 pakub saunalisele saunaelamust, millele pole v\u00f5rdset.<\/p>\n","protected":false},"featured_media":11312,"comment_status":"open","ping_status":"closed","template":"","meta":{"_acf_changed":false},"factory":[],"free-shipment":[],"product_brand":[],"product_cat":[1420,306,784],"product_tag":[2179,1443,808],"class_list":{"0":"post-11319","1":"product","2":"type-product","3":"status-publish","4":"has-post-thumbnail","6":"product_cat-harvia-et","7":"product_cat-saunakerised","8":"product_cat-sanitaartehnika","9":"product_tag-electric-heater-et","10":"product_tag-harvia-et","11":"product_tag-kerised","13":"first","14":"instock","15":"sale","16":"taxable","17":"shipping-taxable","18":"purchasable","19":"product-type-simple"},"acf":[],"_links":{"self":[{"href":"https:\/\/factory.sale\/et\/wp-json\/wp\/v2\/product\/11319","targetHints":{"allow":["GET"]}}],"collection":[{"href":"https:\/\/factory.sale\/et\/wp-json\/wp\/v2\/product"}],"about":[{"href":"https:\/\/factory.sale\/et\/wp-json\/wp\/v2\/types\/product"}],"replies":[{"embeddable":true,"href":"https:\/\/factory.sale\/et\/wp-json\/wp\/v2\/comments?post=11319"}],"wp:featuredmedia":[{"embeddable":true,"href":"https:\/\/factory.sale\/et\/wp-json\/wp\/v2\/media\/11312"}],"wp:attachment":[{"href":"https:\/\/factory.sale\/et\/wp-json\/wp\/v2\/media?parent=11319"}],"wp:term":[{"taxonomy":"factory","embeddable":true,"href":"https:\/\/factory.sale\/et\/wp-json\/wp\/v2\/factory?post=11319"},{"taxonomy":"free-shipment","embeddable":true,"href":"https:\/\/factory.sale\/et\/wp-json\/wp\/v2\/free-shipment?post=11319"},{"taxonomy":"product_brand","embeddable":true,"href":"https:\/\/factory.sale\/et\/wp-json\/wp\/v2\/product_brand?post=11319"},{"taxonomy":"product_cat","embeddable":true,"href":"https:\/\/factory.sale\/et\/wp-json\/wp\/v2\/product_cat?post=11319"},{"taxonomy":"product_tag","embeddable":true,"href":"https:\/\/factory.sale\/et\/wp-json\/wp\/v2\/product_tag?post=11319"}],"curies":[{"name":"wp","href":"https:\/\/api.w.org\/{rel}","templated":true}]}}