{"id":11304,"date":"2022-08-08T10:20:34","date_gmt":"2022-08-08T10:24:05","guid":{"rendered":"https:\/\/factory.sale\/?post_type=product&#038;p=11304"},"modified":"2024-06-27T11:34:18","modified_gmt":"2024-06-27T11:34:18","slug":"elektriline-keris-harvia-cilindro-plus-pp70sp","status":"publish","type":"product","link":"https:\/\/factory.sale\/et\/toode\/elektriline-keris-harvia-cilindro-plus-pp70sp\/","title":{"rendered":"ELEKTRILINE KERIS HARVIA CILINDRO PLUS PP70SP"},"content":{"rendered":"<p>Harvia Cilindro Plus Spot elektripliit on uue juhtmevaba Harvia Spot juhtpaneeliga n\u00e4gus kolonnahi, millel on tohutult palju kive, t\u00e4nu millele on kasutamine ja paigaldus viidud t\u00e4iesti uuele tasemele. Juhtmeta Harvia Spot juhtpaneel v\u00f5imaldab vaevata ja ohutut kasutamist. Stiilne ja valgustatud juhtpaneel muudab kerise sisse- v\u00f5i v\u00e4ljal\u00fclitamise lihtsaks \u00fche kerge vajutusega.<\/p>\n<p>&nbsp;<\/p>\n<p><strong>Lisainformatsioon:<\/strong><\/p>\n<ul>\n<li>Toote kood:\u00a0CKH386<\/li>\n<li>p\u00f5randa mudel sammaspliit<\/li>\n<li>juhtmevaba start\/stopp: juhtnupu t\u00f6\u00f6ulatus 5\u201310 m<\/li>\n<li>6-10 m\u00b3 saunale<\/li>\n<li>kivide kogus 90 kg (\u00d8 5-10 cm AC3000)<\/li>\n<li>v\u00f5imsus: 7 kW (400 V 3N~)<\/li>\n<li>v\u00e4rvus: teras<\/li>\n<li>kaitsekaugus: 100 mm k\u00fclgedele<\/li>\n<li>kivid: 90 kg \u00d85\u201310 cm AC3000<\/li>\n<\/ul>\n<p>&nbsp;<\/p>\n<p>&nbsp;<\/p>\n<p>&nbsp;<\/p>\n<p>&nbsp;<\/p>\n<p><a href=\"https:\/\/factory.sale\/wp-content\/uploads\/2022\/08\/manual.pdf\" target=\"_blank\" rel=\"noopener noreferrer\"><em>Juhised<\/em><\/a><\/p>\n","protected":false},"excerpt":{"rendered":"<p>Keris sobib 6-10 m\u00b3 saunale.<\/p>\n","protected":false},"featured_media":11298,"comment_status":"open","ping_status":"closed","template":"","meta":{"_acf_changed":false},"factory":[],"free-shipment":[],"product_brand":[],"product_cat":[1420,306,784],"product_tag":[2179,1443,808],"class_list":{"0":"post-11304","1":"product","2":"type-product","3":"status-publish","4":"has-post-thumbnail","6":"product_cat-harvia-et","7":"product_cat-saunakerised","8":"product_cat-sanitaartehnika","9":"product_tag-electric-heater-et","10":"product_tag-harvia-et","11":"product_tag-kerised","13":"first","14":"instock","15":"sale","16":"taxable","17":"shipping-taxable","18":"purchasable","19":"product-type-simple"},"acf":[],"_links":{"self":[{"href":"https:\/\/factory.sale\/et\/wp-json\/wp\/v2\/product\/11304","targetHints":{"allow":["GET"]}}],"collection":[{"href":"https:\/\/factory.sale\/et\/wp-json\/wp\/v2\/product"}],"about":[{"href":"https:\/\/factory.sale\/et\/wp-json\/wp\/v2\/types\/product"}],"replies":[{"embeddable":true,"href":"https:\/\/factory.sale\/et\/wp-json\/wp\/v2\/comments?post=11304"}],"wp:featuredmedia":[{"embeddable":true,"href":"https:\/\/factory.sale\/et\/wp-json\/wp\/v2\/media\/11298"}],"wp:attachment":[{"href":"https:\/\/factory.sale\/et\/wp-json\/wp\/v2\/media?parent=11304"}],"wp:term":[{"taxonomy":"factory","embeddable":true,"href":"https:\/\/factory.sale\/et\/wp-json\/wp\/v2\/factory?post=11304"},{"taxonomy":"free-shipment","embeddable":true,"href":"https:\/\/factory.sale\/et\/wp-json\/wp\/v2\/free-shipment?post=11304"},{"taxonomy":"product_brand","embeddable":true,"href":"https:\/\/factory.sale\/et\/wp-json\/wp\/v2\/product_brand?post=11304"},{"taxonomy":"product_cat","embeddable":true,"href":"https:\/\/factory.sale\/et\/wp-json\/wp\/v2\/product_cat?post=11304"},{"taxonomy":"product_tag","embeddable":true,"href":"https:\/\/factory.sale\/et\/wp-json\/wp\/v2\/product_tag?post=11304"}],"curies":[{"name":"wp","href":"https:\/\/api.w.org\/{rel}","templated":true}]}}