{"id":11285,"date":"2022-08-08T07:53:12","date_gmt":"2022-08-08T07:55:40","guid":{"rendered":"https:\/\/factory.sale\/?post_type=product&#038;p=11285"},"modified":"2024-07-03T01:07:45","modified_gmt":"2024-07-03T01:07:45","slug":"elektriline-keris-harvia-cilindro-pc90","status":"publish","type":"product","link":"https:\/\/factory.sale\/et\/toode\/elektriline-keris-harvia-cilindro-pc90\/","title":{"rendered":"Elektriline keris Harvia Cilindro PC90"},"content":{"rendered":"<p>Harvia Cilindro elektrikerise suur saunakivide kogus tagab nauditava saunask\u00e4igu. Selle kerise kvaliteedi ja hinna suhe on suurep\u00e4rane.<\/p>\n<p>Cilindrol on aukudega roostevabast terasest v\u00e4liskest. Sooja olemust saab pehmest teravaks reguleerida, visates vett kas kerise k\u00fcljele v\u00f5i otse kivisamba otsa.<\/p>\n<p>Keris on varustatud sisseehitatud juhtseadmega ja t\u00f6\u00f6l\u00fclitid on paigaldatud kerise esik\u00fcljele.<\/p>\n<p>&nbsp;<\/p>\n<p>&nbsp;<\/p>\n<p><strong>Lisainformatsioon:<\/strong><\/p>\n<ul>\n<li>Tootekood:\u00a08261007<\/li>\n<li>v\u00f5imsus: 9 kW<\/li>\n<li>juhtimismeetod: mehaaniline juhtimine<\/li>\n<li>v\u00e4rvus: teras<\/li>\n<li>m\u00f5\u00f5dud: 320 x 320 x 930 mm<\/li>\n<li>kaitsekaugus: 100 mm k\u00fclgedele<\/li>\n<li>kivid: 80 kg (\u00d8 5-10 cm AC3000)<\/li>\n<\/ul>\n<p>&nbsp;<\/p>\n<p>&nbsp;<\/p>\n<p><a href=\"https:\/\/factory.sale\/wp-content\/uploads\/2022\/08\/manual.pdf\" target=\"_blank\" rel=\"noopener noreferrer\">Juhised<\/a><\/p>\n","protected":false},"excerpt":{"rendered":"<p>Harvia Cilindro PC90 on suure kivimassiga p\u00f5randakeris 8 &#8211; 14 m3 saunadele.<\/p>\n","protected":false},"featured_media":11283,"comment_status":"open","ping_status":"closed","template":"","meta":{"_acf_changed":false},"factory":[],"free-shipment":[],"product_brand":[],"product_cat":[1420,306,784],"product_tag":[2179,1443,808],"class_list":{"0":"post-11285","1":"product","2":"type-product","3":"status-publish","4":"has-post-thumbnail","6":"product_cat-harvia-et","7":"product_cat-saunakerised","8":"product_cat-sanitaartehnika","9":"product_tag-electric-heater-et","10":"product_tag-harvia-et","11":"product_tag-kerised","13":"first","14":"instock","15":"sale","16":"taxable","17":"shipping-taxable","18":"purchasable","19":"product-type-simple"},"acf":[],"_links":{"self":[{"href":"https:\/\/factory.sale\/et\/wp-json\/wp\/v2\/product\/11285","targetHints":{"allow":["GET"]}}],"collection":[{"href":"https:\/\/factory.sale\/et\/wp-json\/wp\/v2\/product"}],"about":[{"href":"https:\/\/factory.sale\/et\/wp-json\/wp\/v2\/types\/product"}],"replies":[{"embeddable":true,"href":"https:\/\/factory.sale\/et\/wp-json\/wp\/v2\/comments?post=11285"}],"wp:featuredmedia":[{"embeddable":true,"href":"https:\/\/factory.sale\/et\/wp-json\/wp\/v2\/media\/11283"}],"wp:attachment":[{"href":"https:\/\/factory.sale\/et\/wp-json\/wp\/v2\/media?parent=11285"}],"wp:term":[{"taxonomy":"factory","embeddable":true,"href":"https:\/\/factory.sale\/et\/wp-json\/wp\/v2\/factory?post=11285"},{"taxonomy":"free-shipment","embeddable":true,"href":"https:\/\/factory.sale\/et\/wp-json\/wp\/v2\/free-shipment?post=11285"},{"taxonomy":"product_brand","embeddable":true,"href":"https:\/\/factory.sale\/et\/wp-json\/wp\/v2\/product_brand?post=11285"},{"taxonomy":"product_cat","embeddable":true,"href":"https:\/\/factory.sale\/et\/wp-json\/wp\/v2\/product_cat?post=11285"},{"taxonomy":"product_tag","embeddable":true,"href":"https:\/\/factory.sale\/et\/wp-json\/wp\/v2\/product_tag?post=11285"}],"curies":[{"name":"wp","href":"https:\/\/api.w.org\/{rel}","templated":true}]}}