{"id":11275,"date":"2022-08-04T14:18:14","date_gmt":"2022-08-04T14:22:20","guid":{"rendered":"https:\/\/factory.sale\/?post_type=product&#038;p=11275"},"modified":"2024-10-02T21:14:59","modified_gmt":"2024-10-02T18:14:59","slug":"elektriline-keris-harvia-vega-compact-bc35","status":"publish","type":"product","link":"https:\/\/factory.sale\/et\/toode\/elektriline-keris-harvia-vega-compact-bc35\/","title":{"rendered":"ELEKTRILINE KERIS HARVIA VEGA COMPACT BC35"},"content":{"rendered":"<p>Harvia Vega Compact on v\u00f5imas keris v\u00e4ikesesse sauna. Vega Compacti on lihtne kasutada, sest juhtl\u00fclitid on paigutatud ergonoomiliselt kerise \u00fclemisse ossa. Kerise saab paigaldada sauna seinale v\u00e4ga madalale, nii et see annab sooja ka alumistele pinkidele. Vega Compacti on lihtne paigaldada.<\/p>\n<p>&nbsp;<\/p>\n<p><strong>Lisainformatsioon:<\/strong><\/p>\n<ul>\n<li>V\u00e4ljund: 3,5 kW<\/li>\n<li>Saunaruum min &#8211; max suurus: 2 &#8211; 4,5 m3<\/li>\n<li>M\u00f5\u00f5dud (KxLxS): 505 x 280 x 295 mm<\/li>\n<li>Kaal: 7 kg<\/li>\n<li>Kivi kandev\u00f5ime max: 12 kg<\/li>\n<li>Minimaalsed ohutuskaugused (lagi \/ k\u00fcljed): 900 mm \/ 20 mm<\/li>\n<li>Toitepinge, faas: 400 V 2N \/ 230 V 1N<\/li>\n<li>Kaitse: A 2 x 10 \/ 1 x 16<\/li>\n<li>\u00dchenduskaabel: 4 x 1,5 \/ 3 x 2,5 mm2<\/li>\n<li>Juhtseade: sisseehitatud<\/li>\n<\/ul>\n<p>&nbsp;<\/p>\n<p>&nbsp;<\/p>\n<p><a href=\"https:\/\/factory.sale\/wp-content\/uploads\/2022\/08\/Harvia-manual.pdf\" target=\"_blank\" rel=\"noopener noreferrer\">Juhised<\/a><\/p>\n","protected":false},"excerpt":{"rendered":"<ul>\n<li>Kompaktne<\/li>\n<li>V\u00f5imas<\/li>\n<li>Lihtne kasutada<\/li>\n<\/ul>\n","protected":false},"featured_media":11273,"comment_status":"open","ping_status":"closed","template":"","meta":{"_acf_changed":false},"factory":[],"free-shipment":[],"product_brand":[],"product_cat":[1420,306,784],"product_tag":[1443,808,811,2176],"class_list":{"0":"post-11275","1":"product","2":"type-product","3":"status-publish","4":"has-post-thumbnail","6":"product_cat-harvia-et","7":"product_cat-saunakerised","8":"product_cat-sanitaartehnika","9":"product_tag-harvia-et","10":"product_tag-kerised","11":"product_tag-sauna-et","12":"product_tag-sauna-heater-et","14":"first","15":"instock","16":"sale","17":"taxable","18":"shipping-taxable","19":"purchasable","20":"product-type-simple"},"acf":[],"_links":{"self":[{"href":"https:\/\/factory.sale\/et\/wp-json\/wp\/v2\/product\/11275","targetHints":{"allow":["GET"]}}],"collection":[{"href":"https:\/\/factory.sale\/et\/wp-json\/wp\/v2\/product"}],"about":[{"href":"https:\/\/factory.sale\/et\/wp-json\/wp\/v2\/types\/product"}],"replies":[{"embeddable":true,"href":"https:\/\/factory.sale\/et\/wp-json\/wp\/v2\/comments?post=11275"}],"wp:featuredmedia":[{"embeddable":true,"href":"https:\/\/factory.sale\/et\/wp-json\/wp\/v2\/media\/11273"}],"wp:attachment":[{"href":"https:\/\/factory.sale\/et\/wp-json\/wp\/v2\/media?parent=11275"}],"wp:term":[{"taxonomy":"factory","embeddable":true,"href":"https:\/\/factory.sale\/et\/wp-json\/wp\/v2\/factory?post=11275"},{"taxonomy":"free-shipment","embeddable":true,"href":"https:\/\/factory.sale\/et\/wp-json\/wp\/v2\/free-shipment?post=11275"},{"taxonomy":"product_brand","embeddable":true,"href":"https:\/\/factory.sale\/et\/wp-json\/wp\/v2\/product_brand?post=11275"},{"taxonomy":"product_cat","embeddable":true,"href":"https:\/\/factory.sale\/et\/wp-json\/wp\/v2\/product_cat?post=11275"},{"taxonomy":"product_tag","embeddable":true,"href":"https:\/\/factory.sale\/et\/wp-json\/wp\/v2\/product_tag?post=11275"}],"curies":[{"name":"wp","href":"https:\/\/api.w.org\/{rel}","templated":true}]}}