{"id":11268,"date":"2022-08-04T11:57:06","date_gmt":"2022-08-15T07:28:43","guid":{"rendered":"https:\/\/factory.sale\/?post_type=product&#038;p=11268"},"modified":"2024-06-27T21:52:49","modified_gmt":"2024-06-27T21:52:49","slug":"elektirline-keris-harvia-senator","status":"publish","type":"product","link":"https:\/\/factory.sale\/et\/toode\/elektirline-keris-harvia-senator\/","title":{"rendered":"ELEKTIRLINE KERIS HARVIA SENATOR"},"content":{"rendered":"<p>Harvia Senator on p\u00f5randale paigaldatav elektrikeris, mis on loodud spetsiaalselt neile, kes t\u00f5eliselt naudivad sauna. Suur kiviruum ja kuus k\u00fctteelementi soojendavad sauna \u00fchtlaselt ja t\u00f5husalt. P\u00fcsiv temperatuur ja pehme aur sobivad ideaalselt pikemaks ajaks suplemiseks.<\/p>\n<p>Senator on peaaegu t\u00e4ielikult valmistatud roostevabast terasest. See sobib h\u00e4sti v\u00e4iksematesse kommertssaunadesse n\u00e4iteks hotellides kui ka peresaunades. Senator kerist juhitakse eraldi juhtseadmega.<\/p>\n<p>&nbsp;<\/p>\n<p>&nbsp;<\/p>\n<p><strong>Saadaval 2 mudelit:<\/strong><\/p>\n<p><strong>Harvia Senator T9<\/strong><\/p>\n<ul>\n<li>V\u00f5imsus: 9,0 kW<\/li>\n<li>Saunaruum min:8 m\u00b3<\/li>\n<li>Saunaruum max: 14 m\u00b3<\/li>\n<li>Saunaruumi k\u00f5rgus min:1900 mm<\/li>\n<li>\u00dchenduskaabel: 5 x 2,5 mm2<\/li>\n<li>Kaitse: 3 x 16 A<\/li>\n<li>Toitepinge, faas: 400V 3N~<\/li>\n<li>Laius: 465 mm<\/li>\n<li>K\u00f5rgus: 660 mm<\/li>\n<li>S\u00fcgavus: 345 mm<\/li>\n<li>Kaal: 25 kg<\/li>\n<li>Kivi kandev\u00f5ime max: 40 kg<\/li>\n<\/ul>\n<p>&nbsp;<\/p>\n<p><strong>Harvia Senator \u00a0T10,5<\/strong><\/p>\n<ul>\n<li>V\u00e4ljund: 10,5 kW<\/li>\n<li>Saunaruum min:9 m\u00b3<\/li>\n<li>Saunaruum max: 15 m\u00b3<\/li>\n<li>Saunaruumi k\u00f5rgus min:1900 mm<\/li>\n<li>\u00dchenduskaabel: 5 x 2,5 mm2<\/li>\n<li>Kaitse: 3 x 16 A<\/li>\n<li>Toitepinge, faas: 400V 3N~<\/li>\n<li>Laius: 465 mm<\/li>\n<li>K\u00f5rgus: 660 mm<\/li>\n<li>S\u00fcgavus: 345 mm<\/li>\n<li>Kaal: 25 kg<\/li>\n<li>Kivi kandev\u00f5ime max,:40 kg<\/li>\n<\/ul>\n<p>&nbsp;<\/p>\n<p>&nbsp;<\/p>\n<p>&nbsp;<\/p>\n<p><a href=\"https:\/\/factory.sale\/wp-content\/uploads\/2022\/08\/K11G-manual.pdf\" target=\"_blank\" rel=\"noopener noreferrer\"><em>Juhised<\/em><\/a><\/p>\n","protected":false},"excerpt":{"rendered":"<p>Saunakeris Harvia Senator on klassikalise disainiga. Soovitatav saunaruumi suurus 8 m\u00b3\u00a0&#8211; 15 m\u00b3.<\/p>\n","protected":false},"featured_media":11266,"comment_status":"open","ping_status":"closed","template":"","meta":{"_acf_changed":false},"factory":[],"free-shipment":[],"product_brand":[],"product_cat":[1420,306,784],"product_tag":[1443,808,811,2176],"class_list":{"0":"post-11268","1":"product","2":"type-product","3":"status-publish","4":"has-post-thumbnail","6":"product_cat-harvia-et","7":"product_cat-saunakerised","8":"product_cat-sanitaartehnika","9":"product_tag-harvia-et","10":"product_tag-kerised","11":"product_tag-sauna-et","12":"product_tag-sauna-heater-et","14":"first","15":"instock","16":"sale","17":"taxable","18":"shipping-taxable","19":"purchasable","20":"product-type-simple"},"acf":[],"_links":{"self":[{"href":"https:\/\/factory.sale\/et\/wp-json\/wp\/v2\/product\/11268","targetHints":{"allow":["GET"]}}],"collection":[{"href":"https:\/\/factory.sale\/et\/wp-json\/wp\/v2\/product"}],"about":[{"href":"https:\/\/factory.sale\/et\/wp-json\/wp\/v2\/types\/product"}],"replies":[{"embeddable":true,"href":"https:\/\/factory.sale\/et\/wp-json\/wp\/v2\/comments?post=11268"}],"wp:featuredmedia":[{"embeddable":true,"href":"https:\/\/factory.sale\/et\/wp-json\/wp\/v2\/media\/11266"}],"wp:attachment":[{"href":"https:\/\/factory.sale\/et\/wp-json\/wp\/v2\/media?parent=11268"}],"wp:term":[{"taxonomy":"factory","embeddable":true,"href":"https:\/\/factory.sale\/et\/wp-json\/wp\/v2\/factory?post=11268"},{"taxonomy":"free-shipment","embeddable":true,"href":"https:\/\/factory.sale\/et\/wp-json\/wp\/v2\/free-shipment?post=11268"},{"taxonomy":"product_brand","embeddable":true,"href":"https:\/\/factory.sale\/et\/wp-json\/wp\/v2\/product_brand?post=11268"},{"taxonomy":"product_cat","embeddable":true,"href":"https:\/\/factory.sale\/et\/wp-json\/wp\/v2\/product_cat?post=11268"},{"taxonomy":"product_tag","embeddable":true,"href":"https:\/\/factory.sale\/et\/wp-json\/wp\/v2\/product_tag?post=11268"}],"curies":[{"name":"wp","href":"https:\/\/api.w.org\/{rel}","templated":true}]}}