{"id":11258,"date":"2022-08-04T11:32:51","date_gmt":"2022-08-04T11:33:17","guid":{"rendered":"https:\/\/factory.sale\/?post_type=product&#038;p=11258"},"modified":"2024-06-28T01:21:29","modified_gmt":"2024-06-28T01:21:29","slug":"elektriline-keris-harvia-club-k15g","status":"publish","type":"product","link":"https:\/\/factory.sale\/et\/toode\/elektriline-keris-harvia-club-k15g\/","title":{"rendered":"ELEKTRILINE KERIS HARVIA CLUB K15G"},"content":{"rendered":"<p>Pidevalt kasutuses olevad suured saunad ja kerised peavad olema funktsionaalsed, t\u00f5husad ja mugavad kasutada. P\u00f5randal seisvad Club elektrikerised on maailmakuulsa Harvia kvaliteediga. Need on valmistatud peaaegu t\u00e4ielikult roostevabast terasest ning neil on tihedaks kasutamiseks vajalik tugevus ja vastupidavus.<\/p>\n<p>Club ahjud sobivad ideaalselt kortermajade, hotellide, puhkekeskuste ja basseinide saunadesse, avaratesse peresaunadesse ja muudesse sageli kasutatavatesse saunadesse.<\/p>\n<p>&nbsp;<\/p>\n<p><strong>Lisainformatsioon:<\/strong><\/p>\n<ul>\n<li>Toote kood:\u00a08260715<\/li>\n<li>V\u00f5imsus: 15 kW<\/li>\n<li>Juhtimismeetod: Eraldi juhtimiskeskus<\/li>\n<li>V\u00e4rvus: teras<\/li>\n<li>M\u00f5\u00f5dud: 505 x 430 x 700 mm<\/li>\n<li>Kaitsekaugus: 50 mm k\u00fclgedele<\/li>\n<li>Kivid: 60 kg (\u00d8 5-10 cm, AC3000)<\/li>\n<\/ul>\n<p>&nbsp;<\/p>\n<p>&nbsp;<\/p>\n<p><a href=\"https:\/\/factory.sale\/wp-content\/uploads\/2022\/08\/K11G-manual.pdf\" target=\"_blank\" rel=\"noopener noreferrer\">Juhised<\/a><\/p>\n","protected":false},"excerpt":{"rendered":"<p>Super keris \u00a0kortermajadele, puhke- ja spordikeskuste saunadele ning ujumissaalidele (14-24 m3 saunadele).<\/p>\n","protected":false},"featured_media":11261,"comment_status":"open","ping_status":"closed","template":"","meta":{"_acf_changed":false},"factory":[],"free-shipment":[],"product_brand":[],"product_cat":[1420,306,784],"product_tag":[1442,1443,808,811,2176],"class_list":{"0":"post-11258","1":"product","2":"type-product","3":"status-publish","4":"has-post-thumbnail","6":"product_cat-harvia-et","7":"product_cat-saunakerised","8":"product_cat-sanitaartehnika","9":"product_tag-floor-heater-et","10":"product_tag-harvia-et","11":"product_tag-kerised","12":"product_tag-sauna-et","13":"product_tag-sauna-heater-et","15":"first","16":"instock","17":"sale","18":"taxable","19":"shipping-taxable","20":"purchasable","21":"product-type-simple"},"acf":[],"_links":{"self":[{"href":"https:\/\/factory.sale\/et\/wp-json\/wp\/v2\/product\/11258","targetHints":{"allow":["GET"]}}],"collection":[{"href":"https:\/\/factory.sale\/et\/wp-json\/wp\/v2\/product"}],"about":[{"href":"https:\/\/factory.sale\/et\/wp-json\/wp\/v2\/types\/product"}],"replies":[{"embeddable":true,"href":"https:\/\/factory.sale\/et\/wp-json\/wp\/v2\/comments?post=11258"}],"wp:featuredmedia":[{"embeddable":true,"href":"https:\/\/factory.sale\/et\/wp-json\/wp\/v2\/media\/11261"}],"wp:attachment":[{"href":"https:\/\/factory.sale\/et\/wp-json\/wp\/v2\/media?parent=11258"}],"wp:term":[{"taxonomy":"factory","embeddable":true,"href":"https:\/\/factory.sale\/et\/wp-json\/wp\/v2\/factory?post=11258"},{"taxonomy":"free-shipment","embeddable":true,"href":"https:\/\/factory.sale\/et\/wp-json\/wp\/v2\/free-shipment?post=11258"},{"taxonomy":"product_brand","embeddable":true,"href":"https:\/\/factory.sale\/et\/wp-json\/wp\/v2\/product_brand?post=11258"},{"taxonomy":"product_cat","embeddable":true,"href":"https:\/\/factory.sale\/et\/wp-json\/wp\/v2\/product_cat?post=11258"},{"taxonomy":"product_tag","embeddable":true,"href":"https:\/\/factory.sale\/et\/wp-json\/wp\/v2\/product_tag?post=11258"}],"curies":[{"name":"wp","href":"https:\/\/api.w.org\/{rel}","templated":true}]}}