{"id":11252,"date":"2022-08-04T11:04:28","date_gmt":"2022-08-04T11:10:20","guid":{"rendered":"https:\/\/factory.sale\/?post_type=product&#038;p=11252"},"modified":"2024-06-29T08:13:06","modified_gmt":"2024-06-29T08:13:06","slug":"elektirline-seinakeris-harvia-delta-d36","status":"publish","type":"product","link":"https:\/\/factory.sale\/et\/toode\/elektirline-seinakeris-harvia-delta-d36\/","title":{"rendered":"ELEKTIRLINE SEINAKERIS HARVIA DELTA D36"},"content":{"rendered":"<p>Harvia Delta on kompaktne ja t\u00f5hus keris rohke kiviruumiga. Saun kuumeneb kiiresti. Delta kerise l\u00e4ikiv roostevaba v\u00e4liskate toob teie saunale kaasaegse ilme. T\u00e4nu kolmnurksele kujule saab Deltat paigutada ka nurka, muutes sauna ruumikasutuse efektiivsemaks. Kerist on lihtne paigaldada tarnekomplekti kuuluvale eraldi seinahoidjale.<\/p>\n<p>&nbsp;<\/p>\n<p><strong>Lisainformatisoon:<\/strong><\/p>\n<ul>\n<li>Toote kood:\u00a08261236<\/li>\n<li>\u00a0V\u00f5imsus: 3,6 kW<\/li>\n<li>Juhtimismeetod: mehaaniline juhtimine<\/li>\n<li>V\u00e4rvus: teras<\/li>\n<li>M\u00f5\u00f5dud: 340 x 200 x 635 mm<\/li>\n<li>Kivid: 11 kg (\u00d8 5-10 cm, AC3000)<\/li>\n<\/ul>\n","protected":false},"excerpt":{"rendered":"<p>V\u00e4ike ja t\u00f5hus seinakeris, 2-4,5 m3 sauna jaoks.<\/p>\n","protected":false},"featured_media":11250,"comment_status":"open","ping_status":"closed","template":"","meta":{"_acf_changed":false},"factory":[],"free-shipment":[],"product_brand":[],"product_cat":[1420,306,784],"product_tag":[1443,808,811,2176],"class_list":{"0":"post-11252","1":"product","2":"type-product","3":"status-publish","4":"has-post-thumbnail","6":"product_cat-harvia-et","7":"product_cat-saunakerised","8":"product_cat-sanitaartehnika","9":"product_tag-harvia-et","10":"product_tag-kerised","11":"product_tag-sauna-et","12":"product_tag-sauna-heater-et","14":"first","15":"instock","16":"sale","17":"taxable","18":"shipping-taxable","19":"purchasable","20":"product-type-simple"},"acf":[],"_links":{"self":[{"href":"https:\/\/factory.sale\/et\/wp-json\/wp\/v2\/product\/11252","targetHints":{"allow":["GET"]}}],"collection":[{"href":"https:\/\/factory.sale\/et\/wp-json\/wp\/v2\/product"}],"about":[{"href":"https:\/\/factory.sale\/et\/wp-json\/wp\/v2\/types\/product"}],"replies":[{"embeddable":true,"href":"https:\/\/factory.sale\/et\/wp-json\/wp\/v2\/comments?post=11252"}],"wp:featuredmedia":[{"embeddable":true,"href":"https:\/\/factory.sale\/et\/wp-json\/wp\/v2\/media\/11250"}],"wp:attachment":[{"href":"https:\/\/factory.sale\/et\/wp-json\/wp\/v2\/media?parent=11252"}],"wp:term":[{"taxonomy":"factory","embeddable":true,"href":"https:\/\/factory.sale\/et\/wp-json\/wp\/v2\/factory?post=11252"},{"taxonomy":"free-shipment","embeddable":true,"href":"https:\/\/factory.sale\/et\/wp-json\/wp\/v2\/free-shipment?post=11252"},{"taxonomy":"product_brand","embeddable":true,"href":"https:\/\/factory.sale\/et\/wp-json\/wp\/v2\/product_brand?post=11252"},{"taxonomy":"product_cat","embeddable":true,"href":"https:\/\/factory.sale\/et\/wp-json\/wp\/v2\/product_cat?post=11252"},{"taxonomy":"product_tag","embeddable":true,"href":"https:\/\/factory.sale\/et\/wp-json\/wp\/v2\/product_tag?post=11252"}],"curies":[{"name":"wp","href":"https:\/\/api.w.org\/{rel}","templated":true}]}}