{"id":11194,"date":"2022-08-03T13:52:36","date_gmt":"2022-08-03T14:01:58","guid":{"rendered":"https:\/\/factory.sale\/?post_type=product&#038;p=11194"},"modified":"2024-06-25T20:05:00","modified_gmt":"2024-06-25T20:05:00","slug":"elektriline-seinakeris-harvia-vega-bc45","status":"publish","type":"product","link":"https:\/\/factory.sale\/et\/toode\/elektriline-seinakeris-harvia-vega-bc45\/","title":{"rendered":"ELEKTRILINE SEINAKERIS HARVIA VEGA BC45"},"content":{"rendered":"<p>Harvia Vega on stiilne keris, mida on lihtne kasutada. Ahju roostevabast terasest v\u00e4lispind on vastupidav ja annab teie saunale kaasaegse ilme. V\u00e4ikesele saunale sobiva toiteploki juhtl\u00fclitid on paigutatud kerise \u00fclaossa, mis muudab kasutamise ergonoomiliseks.<br \/>\nVegat on lihtne paigaldada \u00fche kruviga eraldi seinale.<\/p>\n<p>Paigaldamist h\u00f5lbustavad ka pliidi k\u00fcljelt tehtud elektri\u00fchendused.<\/p>\n<p>Vega disain v\u00f5imaldab kerise paigaldada eriti madalale , nii et leili j\u00e4tkub ka alla poole ning soojus jaotub saunas \u00fchtlasemalt, nii et ka alumistel pinkidel olijad saavad leili nautida.<\/p>\n<p>&nbsp;<\/p>\n<p><strong>Lisainformatsioon:<\/strong><\/p>\n<ul>\n<li>Toote kood: 8260804<\/li>\n<li>V\u00e4rvus: teras<\/li>\n<li>M\u00f5\u00f5dud: 480 x 310 x 540 mm<\/li>\n<li>Kaitsekaugus: 35 mm k\u00fclgedele, 20mm ette<\/li>\n<li>Kivid: 20 kg (\u00d8 5-10 cm, AC3000)<\/li>\n<\/ul>\n<p>&nbsp;<\/p>\n<p>&nbsp;<\/p>\n<p><a href=\"https:\/\/factory.sale\/wp-content\/uploads\/2022\/07\/BC_FISVENDERUETLVLTFRNLPLCSESBG_Y05-0114_24012022.pdf\">Juhend<\/a><\/p>\n","protected":false},"excerpt":{"rendered":"<p>Harvia Vega on stiilne 3-6 m3 saunale m\u00f5eldud keris, mida on lihtne seinale paigaldada ja kasutada.<\/p>\n","protected":false},"featured_media":11192,"comment_status":"open","ping_status":"closed","template":"","meta":{"_acf_changed":false},"factory":[],"free-shipment":[],"product_brand":[],"product_cat":[1420,306,784],"product_tag":[1443,808,811,2176],"class_list":{"0":"post-11194","1":"product","2":"type-product","3":"status-publish","4":"has-post-thumbnail","6":"product_cat-harvia-et","7":"product_cat-saunakerised","8":"product_cat-sanitaartehnika","9":"product_tag-harvia-et","10":"product_tag-kerised","11":"product_tag-sauna-et","12":"product_tag-sauna-heater-et","14":"first","15":"instock","16":"sale","17":"taxable","18":"shipping-taxable","19":"purchasable","20":"product-type-simple"},"acf":[],"_links":{"self":[{"href":"https:\/\/factory.sale\/et\/wp-json\/wp\/v2\/product\/11194","targetHints":{"allow":["GET"]}}],"collection":[{"href":"https:\/\/factory.sale\/et\/wp-json\/wp\/v2\/product"}],"about":[{"href":"https:\/\/factory.sale\/et\/wp-json\/wp\/v2\/types\/product"}],"replies":[{"embeddable":true,"href":"https:\/\/factory.sale\/et\/wp-json\/wp\/v2\/comments?post=11194"}],"wp:featuredmedia":[{"embeddable":true,"href":"https:\/\/factory.sale\/et\/wp-json\/wp\/v2\/media\/11192"}],"wp:attachment":[{"href":"https:\/\/factory.sale\/et\/wp-json\/wp\/v2\/media?parent=11194"}],"wp:term":[{"taxonomy":"factory","embeddable":true,"href":"https:\/\/factory.sale\/et\/wp-json\/wp\/v2\/factory?post=11194"},{"taxonomy":"free-shipment","embeddable":true,"href":"https:\/\/factory.sale\/et\/wp-json\/wp\/v2\/free-shipment?post=11194"},{"taxonomy":"product_brand","embeddable":true,"href":"https:\/\/factory.sale\/et\/wp-json\/wp\/v2\/product_brand?post=11194"},{"taxonomy":"product_cat","embeddable":true,"href":"https:\/\/factory.sale\/et\/wp-json\/wp\/v2\/product_cat?post=11194"},{"taxonomy":"product_tag","embeddable":true,"href":"https:\/\/factory.sale\/et\/wp-json\/wp\/v2\/product_tag?post=11194"}],"curies":[{"name":"wp","href":"https:\/\/api.w.org\/{rel}","templated":true}]}}