{"id":11187,"date":"2022-08-03T13:11:53","date_gmt":"2022-08-03T13:17:09","guid":{"rendered":"https:\/\/factory.sale\/?post_type=product&#038;p=11187"},"modified":"2024-06-26T13:29:55","modified_gmt":"2024-06-26T13:29:55","slug":"elektiriline-poranda-keris-harvia-club-k135g","status":"publish","type":"product","link":"https:\/\/factory.sale\/et\/toode\/elektiriline-poranda-keris-harvia-club-k135g\/","title":{"rendered":"ELEKTIRILINE P\u00d5RANDA KERIS HARVIA CLUB K13,5G"},"content":{"rendered":"<p>Harvia Club on tihedaks kasutamiseks m\u00f5eldud saunakeris. V\u00f5imas keris suudab k\u00fctta leiliruumi paljude kasutajate jaoks ja tagada soovitud temperatuuri hommikust \u00f5htuni. Seet\u00f5ttu on Harvia Club hea valik SPA-desse, basseinidesse, hotellidesse ja mujale, kus sauna kasutatakse tavap\u00e4rasest suurema koormusega.<\/p>\n<p>Elektrikerise juhtimine toimub digitaalse juhtpaneeliga, mis paigaldatakse kerisest eraldi. Juhtpaneel C150 v\u00f5imaldab reguleerida temperatuuri vahemikus 40 kuni 110 kraadi. Juhtpaneeli saab komplekti lisada allolevast valikust.<\/p>\n<p>&nbsp;<\/p>\n<p>&nbsp;<\/p>\n<p><strong>Lisainformatsioon:<\/strong><\/p>\n<ul>\n<li>Toote kood:\u00a08260713<\/li>\n<li>v\u00f5imsus: 13,5 kW<\/li>\n<li>sauna pindala: 11 &#8211; 20 m\u00b3<\/li>\n<li>juhtpaneel: eraldi juhtimiskeskus<\/li>\n<li>ohutuskaugus: 50 mm<\/li>\n<li>materjal: roostevaba teras<\/li>\n<li>kivi: 60 kg<\/li>\n<li>m\u00f5\u00f5dud: 505 x 430 x 700 mm.<\/li>\n<\/ul>\n<p>&nbsp;<\/p>\n<p>&nbsp;<\/p>\n<p>&nbsp;<\/p>\n<p>&nbsp;<\/p>\n<p><a href=\"https:\/\/factory.sale\/wp-content\/uploads\/2022\/08\/K11G-manual.pdf\" target=\"_blank\" rel=\"noopener noreferrer\">Juhised<\/a><\/p>\n","protected":false},"excerpt":{"rendered":"<p>Harvia Club K13,5G on suur p\u00f5randa keris, mis sobib pidevas kasutuses olevatesse saunadesse, nt. korterelamud, puhke- ja spordikeskused ning basseinid. Kerisel on eraldi juhtimiskeskus ja see on valmistatud roostevabast terasest.<\/p>\n<p>&nbsp;<\/p>\n","protected":false},"featured_media":11185,"comment_status":"open","ping_status":"closed","template":"","meta":{"_acf_changed":false},"factory":[],"free-shipment":[],"product_brand":[],"product_cat":[1420,306,784],"product_tag":[1443,808,811,2176],"class_list":{"0":"post-11187","1":"product","2":"type-product","3":"status-publish","4":"has-post-thumbnail","6":"product_cat-harvia-et","7":"product_cat-saunakerised","8":"product_cat-sanitaartehnika","9":"product_tag-harvia-et","10":"product_tag-kerised","11":"product_tag-sauna-et","12":"product_tag-sauna-heater-et","14":"first","15":"instock","16":"sale","17":"taxable","18":"shipping-taxable","19":"purchasable","20":"product-type-simple"},"acf":[],"_links":{"self":[{"href":"https:\/\/factory.sale\/et\/wp-json\/wp\/v2\/product\/11187","targetHints":{"allow":["GET"]}}],"collection":[{"href":"https:\/\/factory.sale\/et\/wp-json\/wp\/v2\/product"}],"about":[{"href":"https:\/\/factory.sale\/et\/wp-json\/wp\/v2\/types\/product"}],"replies":[{"embeddable":true,"href":"https:\/\/factory.sale\/et\/wp-json\/wp\/v2\/comments?post=11187"}],"wp:featuredmedia":[{"embeddable":true,"href":"https:\/\/factory.sale\/et\/wp-json\/wp\/v2\/media\/11185"}],"wp:attachment":[{"href":"https:\/\/factory.sale\/et\/wp-json\/wp\/v2\/media?parent=11187"}],"wp:term":[{"taxonomy":"factory","embeddable":true,"href":"https:\/\/factory.sale\/et\/wp-json\/wp\/v2\/factory?post=11187"},{"taxonomy":"free-shipment","embeddable":true,"href":"https:\/\/factory.sale\/et\/wp-json\/wp\/v2\/free-shipment?post=11187"},{"taxonomy":"product_brand","embeddable":true,"href":"https:\/\/factory.sale\/et\/wp-json\/wp\/v2\/product_brand?post=11187"},{"taxonomy":"product_cat","embeddable":true,"href":"https:\/\/factory.sale\/et\/wp-json\/wp\/v2\/product_cat?post=11187"},{"taxonomy":"product_tag","embeddable":true,"href":"https:\/\/factory.sale\/et\/wp-json\/wp\/v2\/product_tag?post=11187"}],"curies":[{"name":"wp","href":"https:\/\/api.w.org\/{rel}","templated":true}]}}