{"id":11162,"date":"2022-08-03T12:38:25","date_gmt":"2022-08-03T12:46:31","guid":{"rendered":"https:\/\/factory.sale\/?post_type=product&#038;p=11162"},"modified":"2024-07-06T16:13:56","modified_gmt":"2024-07-06T16:13:56","slug":"elektriline-poranda-keris-harvia-club-k11g","status":"publish","type":"product","link":"https:\/\/factory.sale\/et\/toode\/elektriline-poranda-keris-harvia-club-k11g\/","title":{"rendered":"ELEKTRILINE P\u00d5RANDA KERIS HARVIA CLUB K11G"},"content":{"rendered":"<p>Harvia Club on suureks kasutamiseks m\u00f5eldud saunakeris. V\u00f5imas keris suudab k\u00fctta leiliruumi paljude kasutajate jaoks ja tagada soovitud temperatuuri hommikust \u00f5htuni. Seet\u00f5ttu on Harvia Club hea valik SPA-desse, basseinidesse, hotellidesse ja mujale, kus sauna kasutatakse tavap\u00e4rasest suurema koormusega.<\/p>\n<p>Elektrikerise juhtimine toimub digitaalse juhtpaneeliga, mis paigaldatakse kerisest eraldi. Juhtpaneel C150 v\u00f5imaldab reguleerida temperatuuri vahemikus 40 kuni 110 kraadi. Juhtpaneeli saab komplekti lisada allolevast valikust.<\/p>\n<p>&nbsp;<\/p>\n<p>&nbsp;<\/p>\n<p><strong>Lisainformatsioon:<\/strong><\/p>\n<ul>\n<li>Tootekood:\u00a08260711<\/li>\n<li>v\u00f5imsus: 11 kW<\/li>\n<li>sauna suurus: 9 &#8211; 16 m\u00b3<\/li>\n<li>juhtimismeetod: eraldi juhtimiskeskus<\/li>\n<li>kaitsekaugus: 50 mm k\u00fclgedele<\/li>\n<li>materjal: roostevaba teras<\/li>\n<li>kivid: 60 kg<\/li>\n<li>m\u00f5\u00f5dud: 505 x 430 x 700 mm.<\/li>\n<\/ul>\n<p>&nbsp;<\/p>\n<p>&nbsp;<\/p>\n<p><a href=\"https:\/\/factory.sale\/wp-content\/uploads\/2022\/08\/K11G-manual.pdf\">Juhend<\/a><\/p>\n","protected":false},"excerpt":{"rendered":"<p>Harvia Club K11G on p\u00f5randakeris suurtele saunadele, mis on pidevas kasutuses n\u00e4iteks kortermajades, puhke- ja spordikeskustes ning basseinides. Ahjul on eraldi juhtimiskeskus ja see on valmistatud roostevabast terasest.<\/p>\n","protected":false},"featured_media":11158,"comment_status":"open","ping_status":"closed","template":"","meta":{"_acf_changed":false},"factory":[],"free-shipment":[],"product_brand":[],"product_cat":[306,784],"product_tag":[1442,1443,808,2176],"class_list":{"0":"post-11162","1":"product","2":"type-product","3":"status-publish","4":"has-post-thumbnail","6":"product_cat-saunakerised","7":"product_cat-sanitaartehnika","8":"product_tag-floor-heater-et","9":"product_tag-harvia-et","10":"product_tag-kerised","11":"product_tag-sauna-heater-et","13":"first","14":"instock","15":"sale","16":"taxable","17":"shipping-taxable","18":"purchasable","19":"product-type-simple"},"acf":[],"_links":{"self":[{"href":"https:\/\/factory.sale\/et\/wp-json\/wp\/v2\/product\/11162","targetHints":{"allow":["GET"]}}],"collection":[{"href":"https:\/\/factory.sale\/et\/wp-json\/wp\/v2\/product"}],"about":[{"href":"https:\/\/factory.sale\/et\/wp-json\/wp\/v2\/types\/product"}],"replies":[{"embeddable":true,"href":"https:\/\/factory.sale\/et\/wp-json\/wp\/v2\/comments?post=11162"}],"wp:featuredmedia":[{"embeddable":true,"href":"https:\/\/factory.sale\/et\/wp-json\/wp\/v2\/media\/11158"}],"wp:attachment":[{"href":"https:\/\/factory.sale\/et\/wp-json\/wp\/v2\/media?parent=11162"}],"wp:term":[{"taxonomy":"factory","embeddable":true,"href":"https:\/\/factory.sale\/et\/wp-json\/wp\/v2\/factory?post=11162"},{"taxonomy":"free-shipment","embeddable":true,"href":"https:\/\/factory.sale\/et\/wp-json\/wp\/v2\/free-shipment?post=11162"},{"taxonomy":"product_brand","embeddable":true,"href":"https:\/\/factory.sale\/et\/wp-json\/wp\/v2\/product_brand?post=11162"},{"taxonomy":"product_cat","embeddable":true,"href":"https:\/\/factory.sale\/et\/wp-json\/wp\/v2\/product_cat?post=11162"},{"taxonomy":"product_tag","embeddable":true,"href":"https:\/\/factory.sale\/et\/wp-json\/wp\/v2\/product_tag?post=11162"}],"curies":[{"name":"wp","href":"https:\/\/api.w.org\/{rel}","templated":true}]}}