{"id":11148,"date":"2022-08-03T11:53:25","date_gmt":"2022-08-03T11:59:29","guid":{"rendered":"https:\/\/factory.sale\/?post_type=product&#038;p=11148"},"modified":"2024-06-27T06:20:51","modified_gmt":"2024-06-27T06:20:51","slug":"elektriline-keris-harvia-cilindro-pc70-7-kw","status":"publish","type":"product","link":"https:\/\/factory.sale\/et\/toode\/elektriline-keris-harvia-cilindro-pc70-7-kw\/","title":{"rendered":"Elektriline keris HARVIA CILINDRO PC70 7 KW"},"content":{"rendered":"<p>Harvia Cilindro elektrikerises olev tohutu kivikogus pakub nauditavat saunaelamust. Valida saab kolme erineva Cilindro ahjumudeli vahel. Nendel p\u00f5randat\u00fc\u00fcpi k\u00fcttekehadel on suurep\u00e4rane hinna ja kvaliteedi suhe.<\/p>\n<p>Cilindro v\u00e4liskest on valmistatud perforeeritud roostevabast terasest v\u00f5i valgeks v\u00e4rvitud tsingitud terasest. Ahju tekitatavat soojust saab reguleerida pehmelt k\u00f5vemaks suunates soojust kas ahju k\u00fcljele v\u00f5i otse kivisamba peale.<\/p>\n<p>&nbsp;<\/p>\n<p><strong>Toote lisainformatsioon:<\/strong><\/p>\n<ul>\n<li>Toote kood:\u00a08261006<\/li>\n<li>v\u00f5imsus: 7 kW<\/li>\n<li>juhtimismeetod: mehaaniline juhtimine<\/li>\n<li>v\u00e4rvus: teras<\/li>\n<li>m\u00f5\u00f5dud: 320 x 320 x 930 mm<\/li>\n<li>kaitsekaugus: 100 mm k\u00fclgedele<\/li>\n<li>kivid: 80 kg (\u00d8 5-10 cm AC3000)<\/li>\n<\/ul>\n<p>&nbsp;<\/p>\n<p><a href=\"https:\/\/factory.sale\/wp-content\/uploads\/2022\/08\/4671849.pdf\" target=\"_blank\" rel=\"noopener noreferrer\"><em>Juhend<\/em><\/a><\/p>\n","protected":false},"excerpt":{"rendered":"<p>Harvia Cilindro PC70 on suure kivimassiga p\u00f5randakeris 6 &#8211; 10 m3 saunadele.<\/p>\n<p>&nbsp;<\/p>\n","protected":false},"featured_media":11153,"comment_status":"open","ping_status":"closed","template":"","meta":{"_acf_changed":false},"factory":[],"free-shipment":[],"product_brand":[],"product_cat":[1420,306,784],"product_tag":[1443,808,811,2176],"class_list":{"0":"post-11148","1":"product","2":"type-product","3":"status-publish","4":"has-post-thumbnail","6":"product_cat-harvia-et","7":"product_cat-saunakerised","8":"product_cat-sanitaartehnika","9":"product_tag-harvia-et","10":"product_tag-kerised","11":"product_tag-sauna-et","12":"product_tag-sauna-heater-et","14":"first","15":"instock","16":"sale","17":"taxable","18":"shipping-taxable","19":"purchasable","20":"product-type-simple"},"acf":[],"_links":{"self":[{"href":"https:\/\/factory.sale\/et\/wp-json\/wp\/v2\/product\/11148","targetHints":{"allow":["GET"]}}],"collection":[{"href":"https:\/\/factory.sale\/et\/wp-json\/wp\/v2\/product"}],"about":[{"href":"https:\/\/factory.sale\/et\/wp-json\/wp\/v2\/types\/product"}],"replies":[{"embeddable":true,"href":"https:\/\/factory.sale\/et\/wp-json\/wp\/v2\/comments?post=11148"}],"wp:featuredmedia":[{"embeddable":true,"href":"https:\/\/factory.sale\/et\/wp-json\/wp\/v2\/media\/11153"}],"wp:attachment":[{"href":"https:\/\/factory.sale\/et\/wp-json\/wp\/v2\/media?parent=11148"}],"wp:term":[{"taxonomy":"factory","embeddable":true,"href":"https:\/\/factory.sale\/et\/wp-json\/wp\/v2\/factory?post=11148"},{"taxonomy":"free-shipment","embeddable":true,"href":"https:\/\/factory.sale\/et\/wp-json\/wp\/v2\/free-shipment?post=11148"},{"taxonomy":"product_brand","embeddable":true,"href":"https:\/\/factory.sale\/et\/wp-json\/wp\/v2\/product_brand?post=11148"},{"taxonomy":"product_cat","embeddable":true,"href":"https:\/\/factory.sale\/et\/wp-json\/wp\/v2\/product_cat?post=11148"},{"taxonomy":"product_tag","embeddable":true,"href":"https:\/\/factory.sale\/et\/wp-json\/wp\/v2\/product_tag?post=11148"}],"curies":[{"name":"wp","href":"https:\/\/api.w.org\/{rel}","templated":true}]}}