{"id":11125,"date":"2022-08-02T14:41:36","date_gmt":"2022-08-02T14:41:44","guid":{"rendered":"https:\/\/factory.sale\/?post_type=product&#038;p=11125"},"modified":"2024-06-25T14:42:33","modified_gmt":"2024-06-25T14:42:33","slug":"harvia-vega-bc80-elektriline-sauna-keris","status":"publish","type":"product","link":"https:\/\/factory.sale\/et\/toode\/harvia-vega-bc80-elektriline-sauna-keris\/","title":{"rendered":"HARVIA VEGA BC80, ELEKTRILINE SAUNA KERIS"},"content":{"rendered":"<p>Kompaktne Harvia Vega BC80 on stiilne ja lihtsalt kasutatav elektrikeris. Vega BC80 juhitakse fikseeritud l\u00fclititega, mis on ergonoomiliselt paigutatud kerise \u00fclaossa. Kerise kasutamine on seega lihtne ja mugav ilma asjatu k\u00fckitamise ja kummardamiseta. Elektriline saunakeris Vega BC80 sobib 7\u201312 m\u00b3 saunadele. Vastupidava roostevabast terasest v\u00e4liskorpusega keris toob teie sauna s\u00f5\u00f5mu v\u00e4rsket kaasaegset \u00f5hku.<\/p>\n<p>Elektrikeris Vega BC80 on paigaldatud eraldi seinakonsoolile ja kerise s\u00fcmmeetriline kuju v\u00f5imaldab valida k\u00e4ep\u00e4rasuse vastavalt oma vajadustele. Elektri\u00fchendused on tehtud kerise k\u00fcljelt, muutes paigaldamise veelgi lihtsamaks. Vega saab paigaldada ka eriti madalale, mis t\u00e4hendab, et soojus on saadaval ka madalamate lagede jaoks ning soojus jaotub kogu saunas \u00fchtlasemalt.<\/p>\n<p>&nbsp;<\/p>\n<p><strong>Toote m\u00f5\u00f5dud:<\/strong><\/p>\n<ul>\n<li>K\u00f5rgus (mm): 540<\/li>\n<li>Laius (mm): 480<\/li>\n<li>S\u00fcgavus (mm): 310<\/li>\n<\/ul>\n<p>&nbsp;<\/p>\n<p><strong>Toote omadused:<\/strong><\/p>\n<ul>\n<li>V\u00e4rvus: teras<\/li>\n<li>Materjal: teras<\/li>\n<li>Materjali spetsifikatsioon: roostevaba teras<\/li>\n<li>Juhtpaneel: fikseeritud juhtimine<\/li>\n<li>Saunakivi kogus, max. (kg): 20<\/li>\n<li>Toote kaal (kg): 11<\/li>\n<li>Garantiiaeg: 2 aastat koduseks kasutamiseks, 1 aasta \u00fchiskasutuseks<\/li>\n<li>L\u00fclitid pliidi \u00fclaosas<\/li>\n<li>Paigaldamine: eraldi seinakonsoolile, k\u00e4elisuse valik<\/li>\n<li>Sauna minimaalne k\u00f5rgus: 190 cm<\/li>\n<li>Soovitatav kerisekivi suurus: \u00d8 5-10 cm<\/li>\n<li>T\u00f6\u00f6pinge 3-faasiline: 400 V 3 N (\u00fchenduskaabel 5&#215;2,5 mm\u00b2, kaitse 3&#215;16 A)<\/li>\n<li>Saunakivid ei kuulu komplekti (eraldi tellida)<\/li>\n<li>Tootekood: 8260808<\/li>\n<\/ul>\n<p><strong>Toote paigaldamine ja kasutamine:<\/strong><\/p>\n<ul>\n<li>Paigalduskoht: sein<\/li>\n<li>Sauna maht, min. (m\u00b3): 7<\/li>\n<li>Sauna maht, max. (m\u00b3): 12<\/li>\n<li>Ohutuskaugus laeni (mm): 1 100<\/li>\n<li>Ohutuskaugus k\u00fcljelt (mm): 100<\/li>\n<li>Pakendi m\u00f5\u00f5tmed ja kaal:<\/li>\n<li>Pakendi laius (mm): 310,00<\/li>\n<li>Pakendi k\u00f5rgus (mm): 470,00<\/li>\n<li>Pakendi s\u00fcgavus (mm): 500,00<\/li>\n<li>Kauba kaal (kg): 12,80<\/li>\n<\/ul>\n","protected":false},"excerpt":{"rendered":"<p>HARVIA VEGA ON KAASAEGNE JA LIHTSALT KASUTATAV KERIS MAAILMA SUURIMA SAUNAKERISTE TOOTJALT.<\/p>\n","protected":false},"featured_media":11128,"comment_status":"open","ping_status":"closed","template":"","meta":{"_acf_changed":false},"factory":[],"free-shipment":[],"product_brand":[],"product_cat":[306,784],"product_tag":[808],"class_list":{"0":"post-11125","1":"product","2":"type-product","3":"status-publish","4":"has-post-thumbnail","6":"product_cat-saunakerised","7":"product_cat-sanitaartehnika","8":"product_tag-kerised","10":"first","11":"instock","12":"sale","13":"taxable","14":"shipping-taxable","15":"purchasable","16":"product-type-simple"},"acf":[],"_links":{"self":[{"href":"https:\/\/factory.sale\/et\/wp-json\/wp\/v2\/product\/11125","targetHints":{"allow":["GET"]}}],"collection":[{"href":"https:\/\/factory.sale\/et\/wp-json\/wp\/v2\/product"}],"about":[{"href":"https:\/\/factory.sale\/et\/wp-json\/wp\/v2\/types\/product"}],"replies":[{"embeddable":true,"href":"https:\/\/factory.sale\/et\/wp-json\/wp\/v2\/comments?post=11125"}],"wp:featuredmedia":[{"embeddable":true,"href":"https:\/\/factory.sale\/et\/wp-json\/wp\/v2\/media\/11128"}],"wp:attachment":[{"href":"https:\/\/factory.sale\/et\/wp-json\/wp\/v2\/media?parent=11125"}],"wp:term":[{"taxonomy":"factory","embeddable":true,"href":"https:\/\/factory.sale\/et\/wp-json\/wp\/v2\/factory?post=11125"},{"taxonomy":"free-shipment","embeddable":true,"href":"https:\/\/factory.sale\/et\/wp-json\/wp\/v2\/free-shipment?post=11125"},{"taxonomy":"product_brand","embeddable":true,"href":"https:\/\/factory.sale\/et\/wp-json\/wp\/v2\/product_brand?post=11125"},{"taxonomy":"product_cat","embeddable":true,"href":"https:\/\/factory.sale\/et\/wp-json\/wp\/v2\/product_cat?post=11125"},{"taxonomy":"product_tag","embeddable":true,"href":"https:\/\/factory.sale\/et\/wp-json\/wp\/v2\/product_tag?post=11125"}],"curies":[{"name":"wp","href":"https:\/\/api.w.org\/{rel}","templated":true}]}}