{"id":10939,"date":"2022-07-27T06:34:08","date_gmt":"2022-07-27T06:49:29","guid":{"rendered":"https:\/\/factory.sale\/?post_type=product&#038;p=10939"},"modified":"2024-06-26T05:15:02","modified_gmt":"2024-06-26T05:15:02","slug":"kuiv-katkine-kuttepuu-1-suur-kott-1-3-m3-kuttepuu-kask","status":"publish","type":"product","link":"https:\/\/factory.sale\/et\/toode\/kuiv-katkine-kuttepuu-1-suur-kott-1-3-m3-kuttepuu-kask\/","title":{"rendered":"Kuiv l\u00f5hutud k\u00fcttepuu"},"content":{"rendered":"<ul>\n<li>Kuivad, l\u00f5hutud HALL LEPP 40 liitristes kottides. Alusel 48 kotti (1,92 ruumimeetrit)<\/li>\n<li>Ideaalne ahjude, kaminate, l\u00f5kketegemise ja toiduvalmistamiseks (BBQ, pitsa k\u00fcpsetamine jne)<\/li>\n<li>II kvaliteediklass &#8211; v\u00f5ib olla erinevas m\u00f5\u00f5dus hargnevaid k\u00fcttepuid<\/li>\n<li>K\u00fcttepuude pikkus &#8211; 30 cm.<\/li>\n<\/ul>\n","protected":false},"excerpt":{"rendered":"<p><strong>Kuivad, kasutusvalmis!<\/strong><\/p>\n","protected":false},"featured_media":67764,"comment_status":"open","ping_status":"closed","template":"","meta":{"_acf_changed":false},"factory":[],"free-shipment":[],"product_brand":[],"product_cat":[1227,1118],"product_tag":[301],"class_list":{"0":"post-10939","1":"product","2":"type-product","3":"status-publish","4":"has-post-thumbnail","6":"product_cat-kute-vesi-ja-ventilatsioon","7":"product_cat-kutte-materjalid","8":"product_tag-wood-et-2","10":"first","11":"instock","12":"sale","13":"taxable","14":"shipping-taxable","15":"purchasable","16":"product-type-simple"},"acf":[],"_links":{"self":[{"href":"https:\/\/factory.sale\/et\/wp-json\/wp\/v2\/product\/10939","targetHints":{"allow":["GET"]}}],"collection":[{"href":"https:\/\/factory.sale\/et\/wp-json\/wp\/v2\/product"}],"about":[{"href":"https:\/\/factory.sale\/et\/wp-json\/wp\/v2\/types\/product"}],"replies":[{"embeddable":true,"href":"https:\/\/factory.sale\/et\/wp-json\/wp\/v2\/comments?post=10939"}],"wp:featuredmedia":[{"embeddable":true,"href":"https:\/\/factory.sale\/et\/wp-json\/wp\/v2\/media\/67764"}],"wp:attachment":[{"href":"https:\/\/factory.sale\/et\/wp-json\/wp\/v2\/media?parent=10939"}],"wp:term":[{"taxonomy":"factory","embeddable":true,"href":"https:\/\/factory.sale\/et\/wp-json\/wp\/v2\/factory?post=10939"},{"taxonomy":"free-shipment","embeddable":true,"href":"https:\/\/factory.sale\/et\/wp-json\/wp\/v2\/free-shipment?post=10939"},{"taxonomy":"product_brand","embeddable":true,"href":"https:\/\/factory.sale\/et\/wp-json\/wp\/v2\/product_brand?post=10939"},{"taxonomy":"product_cat","embeddable":true,"href":"https:\/\/factory.sale\/et\/wp-json\/wp\/v2\/product_cat?post=10939"},{"taxonomy":"product_tag","embeddable":true,"href":"https:\/\/factory.sale\/et\/wp-json\/wp\/v2\/product_tag?post=10939"}],"curies":[{"name":"wp","href":"https:\/\/api.w.org\/{rel}","templated":true}]}}