{"id":10908,"date":"2022-07-26T11:00:42","date_gmt":"2022-07-26T11:07:48","guid":{"rendered":"https:\/\/factory.sale\/?post_type=product&#038;p=10908"},"modified":"2024-07-02T15:39:12","modified_gmt":"2024-07-02T15:39:12","slug":"okonoomne-kast","status":"publish","type":"product","link":"https:\/\/factory.sale\/et\/toode\/okonoomne-kast\/","title":{"rendered":"\u00d6KONOOMNE KAST"},"content":{"rendered":"<p><strong>SPETSIFIKATSIOONID:<\/strong><\/p>\n<ul>\n<li>Saadaval liigid: saar, kask<\/li>\n<li>Niiskus: v\u00e4hem kui 18%<\/li>\n<li>Saadaval palkide pikkus: 23-25cm, 28-30cm<\/li>\n<li>FSC sertifikaat (soovi korral)<\/li>\n<li>Kaal: 760-800kg (olenevalt liigist)<\/li>\n<li>Suurus: 2m3<\/li>\n<li>Kasti m\u00f5\u00f5dud (v\u00e4limine): 118cm x 82cm x 200cm<\/li>\n<li>4-suunaline puidust kaubaalus<\/li>\n<li>30-32 kasti \/ veok (oleneb kaalust)<\/li>\n<\/ul>\n","protected":false},"excerpt":{"rendered":"<ul>\n<li><strong>Piisavalt varu, et hoida soojas pikka aega<\/strong><\/li>\n<li><strong>Suurep\u00e4rane hinna ja kvaliteedi suhe<\/strong><\/li>\n<li><strong>Mugav hoiustada<\/strong><\/li>\n<\/ul>\n","protected":false},"featured_media":10900,"comment_status":"open","ping_status":"closed","template":"","meta":{"_acf_changed":false},"factory":[],"free-shipment":[],"product_brand":[],"product_cat":[924,1118],"product_tag":[301],"class_list":{"0":"post-10908","1":"product","2":"type-product","3":"status-publish","4":"has-post-thumbnail","6":"product_cat-aiatooted","7":"product_cat-kutte-materjalid","8":"product_tag-wood-et-2","10":"first","11":"instock","12":"sale","13":"taxable","14":"shipping-taxable","15":"purchasable","16":"product-type-simple"},"acf":[],"_links":{"self":[{"href":"https:\/\/factory.sale\/et\/wp-json\/wp\/v2\/product\/10908","targetHints":{"allow":["GET"]}}],"collection":[{"href":"https:\/\/factory.sale\/et\/wp-json\/wp\/v2\/product"}],"about":[{"href":"https:\/\/factory.sale\/et\/wp-json\/wp\/v2\/types\/product"}],"replies":[{"embeddable":true,"href":"https:\/\/factory.sale\/et\/wp-json\/wp\/v2\/comments?post=10908"}],"wp:featuredmedia":[{"embeddable":true,"href":"https:\/\/factory.sale\/et\/wp-json\/wp\/v2\/media\/10900"}],"wp:attachment":[{"href":"https:\/\/factory.sale\/et\/wp-json\/wp\/v2\/media?parent=10908"}],"wp:term":[{"taxonomy":"factory","embeddable":true,"href":"https:\/\/factory.sale\/et\/wp-json\/wp\/v2\/factory?post=10908"},{"taxonomy":"free-shipment","embeddable":true,"href":"https:\/\/factory.sale\/et\/wp-json\/wp\/v2\/free-shipment?post=10908"},{"taxonomy":"product_brand","embeddable":true,"href":"https:\/\/factory.sale\/et\/wp-json\/wp\/v2\/product_brand?post=10908"},{"taxonomy":"product_cat","embeddable":true,"href":"https:\/\/factory.sale\/et\/wp-json\/wp\/v2\/product_cat?post=10908"},{"taxonomy":"product_tag","embeddable":true,"href":"https:\/\/factory.sale\/et\/wp-json\/wp\/v2\/product_tag?post=10908"}],"curies":[{"name":"wp","href":"https:\/\/api.w.org\/{rel}","templated":true}]}}