{"id":10784,"date":"2022-07-19T13:07:52","date_gmt":"2022-07-19T13:08:02","guid":{"rendered":"https:\/\/factory.sale\/?post_type=product&#038;p=10784"},"modified":"2024-06-27T20:28:50","modified_gmt":"2024-06-27T20:28:50","slug":"aiamaja-cubus-3-79-m%c2%b2","status":"publish","type":"product","link":"https:\/\/factory.sale\/et\/toode\/aiamaja-cubus-3-79-m%c2%b2\/","title":{"rendered":"Aiamaja CUBUS 3 (7,9 m\u00b2)"},"content":{"rendered":"<p>[vc_row][vc_column][vc_column_text]Kas Sinu aias vedelevad laiali rattad, lapse \u00f5uem\u00e4nguasjad, niiduk v\u00f5i muud aiatarbed, t\u00f6\u00f6riistad? Sobiva aiamaja soetamisel lood enda koduaeda korra!<br \/>\nAiamaja panipaik CUBUS 3 pakub asjadele hoiustamist ja kaitseb Sinu vara iga ilma eest.<\/p>\n<p>Peale praktilise otstarbe t\u00e4itmise v\u00f5ib aiamaja kasutada m\u00f5nusa suvemajana, mis pakub kohta kus v\u00f5ib nautida m\u00f5nusaid suve\u00f5htuid, kui sinna paigutada n\u00e4iteks suvem\u00f6\u00f6bel. Kujutle kus perekond v\u00f5i s\u00f5brad on k\u00f5ik koos sumedal suve\u00f5htul, meeldivalt aega veetmas ning grillimas, ja isegi v\u00e4ike vihmasabin ei segaks \u2013 ideaalne! Kas pole?<\/p>\n<p>&nbsp;<\/p>\n<p><strong>Lisainformatsioon:<\/strong><\/p>\n<ul>\n<li>V\u00e4lism\u00f5\u00f5dud: 337\/234 cm<\/li>\n<li>Sisem\u00f5\u00f5dud: 333\/230 cm<\/li>\n<li>Aknaklaas: pleksiklaas<\/li>\n<li>P\u00f5randapindala: 7,7 m2<\/li>\n<li>Katuseharja k\u00f5rgus: 232 cm<\/li>\n<li>Katuse m\u00f5\u00f5dud: 337\/240 cm<\/li>\n<li>Katuse pindala: 8,1 m2<\/li>\n<li>Sisemaht: 16,8 m3<\/li>\n<li>Katusematerjal: katusekate t\u00f5rvapapp<\/li>\n<li>Seina k\u00f5rgus: 231,5 cm<\/li>\n<li>Seina paksus: 19 mm<\/li>\n<li>Seina \u00fcldpindala: 26 m2<\/li>\n<li>Ukseava: 91\/186 cm<\/li>\n<li>Toode transporditakse osadena, mis on pakitud \u00fchte suurde pakki<\/li>\n<li>Pakim\u00f5\u00f5dud: 230 x 111 x 99 cm<\/li>\n<li>Kaal: 498 kg<\/li>\n<\/ul>\n<p>&nbsp;<\/p>\n<p>Komplektis kaasas uksed, aknad ja k\u00f5ik tehnilised joonised, mis lihtsustavad paigaldust. Soovi korral pakume enda poolt ka paigaldust ning lisat\u00f6id mis t\u00f5stavad aiamaja vastupidavust veelgi. Juurde pakutavad teenused meie poolt on niiskust\u00f5kkega t\u00f6\u00f6tlemine, katsematerjali vahetus oluliselt tugevama vastu, v\u00e4rvimist vastavalt kliendi soovile, tugevamat alust, vihmaveerenni paigaldus jms. Meie meeskond l\u00e4htub kliendi soovist. Kvaliteetsed materjalid, hoolas t\u00f6\u00f6 ja korrektne viimistlus tagavad maja p\u00fcsimise pikkade aastate v\u00e4ltel ning kindlustab teile hubased suve\u00f5htud paljudeks aastateks.<\/p>\n<p>&nbsp;<\/p>\n<p><strong>Naturaalsest t\u00f6\u00f6tlemata puidu puhul tasub teada:<\/strong><\/p>\n<p>Aiamajad on asuvad ilmastikum\u00f5judele avatult v\u00e4liskeskkonnas, vihma ja p\u00e4ikese k\u00e4es. Puit imab vett ja selle niiskussisaldus muutub vastavalt \u00fcmbritseva keskkonna niiskussisalduse muutumisele. Niiskuse suurenedes puit paisub, niiskuse v\u00e4henedes kahaneb. Aias, kus on niiske ja soe, hakkab t\u00f6\u00f6tlemata puit tasapisi pehkima. Puidu h\u00e4vinemist on v\u00f5imalik takistada v\u00f5i v\u00e4hemalt aeglustada seda t\u00f6\u00f6deldes, nii s\u00e4ilib puitmaterjal palju kauem. \u00d5ige t\u00f6\u00f6tlemise korral on puit kaitstud paisumise, UV-kiirguse, hallituse ja sine eest.<\/p>\n<p>Soovitame ostmisel kindlasti naturaalsest puidust aiamaja t\u00f6\u00f6delda selle h\u00e4vinemise eest nii seest kui v\u00e4ljast<br \/>\nV\u00e4ljast v\u00e4rvitud aiamajad on seest naturaalsest t\u00f6\u00f6tlemata puidust, soovitame niiskust\u00f5kkega t\u00f6\u00f6delda<br \/>\nPakume aiamajade kokkupanekule lisaks t\u00f6\u00f6tlemist<\/p>\n<p>&nbsp;<\/p>\n<p><em>TARNE : 1 \u2013 2 n\u00e4dalat<\/em><br \/>\n<em>Pakume kokkupanekut ja t\u00f6\u00f6tlust<\/em>[\/vc_column_text][\/vc_column][\/vc_row][vc_row][vc_column]<div class=\"video-wrapper \"><iframe loading=\"lazy\" title=\"www.gardenistas.eu\" width=\"500\" height=\"281\" src=\"https:\/\/www.youtube.com\/embed\/c3RgZ_j9jas?feature=oembed\" frameborder=\"0\" allow=\"accelerometer; autoplay; clipboard-write; encrypted-media; gyroscope; picture-in-picture; web-share\" referrerpolicy=\"strict-origin-when-cross-origin\" allowfullscreen><\/iframe><\/div>[\/vc_column][\/vc_row]<\/p>\n","protected":false},"excerpt":{"rendered":"<p>Stiilse v\u00e4limusega aiamaja sobib nii panipaigaks kui ka suvemajaks igasse aeda.<\/p>\n","protected":false},"featured_media":10790,"comment_status":"open","ping_status":"closed","template":"","meta":{"_acf_changed":false},"factory":[],"free-shipment":[],"product_brand":[],"product_cat":[924,2356],"product_tag":[1483,1020,1484],"class_list":{"0":"post-10784","1":"product","2":"type-product","3":"status-publish","4":"has-post-thumbnail","6":"product_cat-aiatooted","7":"product_cat-aiarajatised","8":"product_tag-garden-et","9":"product_tag-small-house-et","10":"product_tag-yard-et","12":"first","13":"instock","14":"sale","15":"taxable","16":"shipping-taxable","17":"purchasable","18":"product-type-simple"},"acf":[],"_links":{"self":[{"href":"https:\/\/factory.sale\/et\/wp-json\/wp\/v2\/product\/10784","targetHints":{"allow":["GET"]}}],"collection":[{"href":"https:\/\/factory.sale\/et\/wp-json\/wp\/v2\/product"}],"about":[{"href":"https:\/\/factory.sale\/et\/wp-json\/wp\/v2\/types\/product"}],"replies":[{"embeddable":true,"href":"https:\/\/factory.sale\/et\/wp-json\/wp\/v2\/comments?post=10784"}],"wp:featuredmedia":[{"embeddable":true,"href":"https:\/\/factory.sale\/et\/wp-json\/wp\/v2\/media\/10790"}],"wp:attachment":[{"href":"https:\/\/factory.sale\/et\/wp-json\/wp\/v2\/media?parent=10784"}],"wp:term":[{"taxonomy":"factory","embeddable":true,"href":"https:\/\/factory.sale\/et\/wp-json\/wp\/v2\/factory?post=10784"},{"taxonomy":"free-shipment","embeddable":true,"href":"https:\/\/factory.sale\/et\/wp-json\/wp\/v2\/free-shipment?post=10784"},{"taxonomy":"product_brand","embeddable":true,"href":"https:\/\/factory.sale\/et\/wp-json\/wp\/v2\/product_brand?post=10784"},{"taxonomy":"product_cat","embeddable":true,"href":"https:\/\/factory.sale\/et\/wp-json\/wp\/v2\/product_cat?post=10784"},{"taxonomy":"product_tag","embeddable":true,"href":"https:\/\/factory.sale\/et\/wp-json\/wp\/v2\/product_tag?post=10784"}],"curies":[{"name":"wp","href":"https:\/\/api.w.org\/{rel}","templated":true}]}}