{"id":10748,"date":"2022-07-19T09:44:06","date_gmt":"2022-07-19T09:51:29","guid":{"rendered":"https:\/\/factory.sale\/?post_type=product&#038;p=10748"},"modified":"2024-06-26T14:34:07","modified_gmt":"2024-06-26T14:34:07","slug":"aiamaja-cubo-3-79-m%c2%b2","status":"publish","type":"product","link":"https:\/\/factory.sale\/et\/toode\/aiamaja-cubo-3-79-m%c2%b2\/","title":{"rendered":"Aiamaja CUBO 3 (7,9 m\u00b2)"},"content":{"rendered":"<p>[vc_row][vc_column][vc_column_text]Praktiline ja universaalse v\u00e4limusega aiamaja panipaik sobib igasse aeda.<br \/>\nKas Sinu aias vedelevad laiali rattad, lapse \u00f5uem\u00e4nguasjad, niiduk v\u00f5i muud aiatarbed, t\u00f6\u00f6riistad? Sobiva aiamaja soetamisel lood enda koduaeda korra!<\/p>\n<p>&nbsp;<\/p>\n<p><strong>Lisainformatsioon:<\/strong><\/p>\n<ul>\n<li>Seinam\u00f5\u00f5dud: 337\/234 cm<\/li>\n<li>Aknaklaas: karastatud pakett<\/li>\n<li>P\u00f5randapindala: 7,9 m2<\/li>\n<li>Katuseharja k\u00f5rgus: 232 cm<\/li>\n<li>Katusematerjal: katusekate t\u00f5rvapapp<\/li>\n<li>Seina paksus: 19mm<\/li>\n<li>Toode transporditakse osadena, mis on pakitud \u00fchte suurde pakki<\/li>\n<li>Pakim\u00f5\u00f5dud: pikkus 230 cm laius 111 cm k\u00f5rgus 96 cm<\/li>\n<li>Kaal: 498 kg<\/li>\n<\/ul>\n<p>*Valikus on 2 v\u00e4rvitooni v\u00e4ljast viimistlusele<\/p>\n<p>&nbsp;<\/p>\n<p>Komplektis kaasas uksed, aknad ja k\u00f5ik tehnilised joonised, mis lihtsustavad paigaldust. Soovi korral pakume enda poolt ka paigaldust ning lisat\u00f6id mis t\u00f5stavad aiamaja vastupidavust veelgi. Juurde pakutavad teenused meie poolt on niiskust\u00f5kkega t\u00f6\u00f6tlemine, katsematerjali vahetus oluliselt tugevama vastu, v\u00e4rvimist vastavalt kliendi soovile, tugevamat alust, vihmaveerenni paigaldus jms. Meie meeskond l\u00e4htub kliendi soovist. Kvaliteetsed materjalid, hoolas t\u00f6\u00f6 ja korrektne viimistlus tagavad maja p\u00fcsimise pikkade aastate v\u00e4ltel ning kindlustab teile hubased suve\u00f5htud paljudeks aastateks.<\/p>\n<p>&nbsp;<\/p>\n<p><strong>Naturaalse t\u00f6\u00f6tlemata puidu puhul tasub teada:<\/strong><\/p>\n<p>Aiamajad on asuvad ilmastikum\u00f5judele avatult v\u00e4liskeskkonnas, vihma ja p\u00e4ikese k\u00e4es. Puit imab vett ja selle niiskussisaldus muutub vastavalt \u00fcmbritseva keskkonna niiskussisalduse muutumisele. Niiskuse suurenedes puit paisub, niiskuse v\u00e4henedes kahaneb. Aias, kus on niiske ja soe, hakkab t\u00f6\u00f6tlemata puit tasapisi pehkima. Puidu h\u00e4vinemist on v\u00f5imalik takistada v\u00f5i v\u00e4hemalt aeglustada seda t\u00f6\u00f6deldes, nii s\u00e4ilib puitmaterjal palju kauem. \u00d5ige t\u00f6\u00f6tlemise korral on puit kaitstud paisumise, UV-kiirguse, hallituse ja sine eest.<\/p>\n<p>Soovitame ostmisel kindlasti naturaalsest puidust aiamaja t\u00f6\u00f6delda selle h\u00e4vinemise eest nii seest kui v\u00e4ljast<br \/>\nV\u00e4ljast v\u00e4rvitud aiamajad on seest naturaalsest t\u00f6\u00f6tlemata puidust, soovitame niiskust\u00f5kkega t\u00f6\u00f6delda<br \/>\nPakume aiamajade kokkupanekule lisaks t\u00f6\u00f6tlemist<\/p>\n<p>&nbsp;<\/p>\n<p><em>TARNE : kuni 1-4 n\u00e4dalat<\/em><br \/>\n<em>Toode on t\u00e4iskomplektne<\/em><\/p>\n<p><em>Pakume kokkupanekut ja t\u00f6\u00f6tlust!<\/em>[\/vc_column_text][\/vc_column][\/vc_row][vc_row][vc_column]<div class=\"video-wrapper \"><iframe loading=\"lazy\" title=\"www.gardenistas.eu\" width=\"500\" height=\"281\" src=\"https:\/\/www.youtube.com\/embed\/c3RgZ_j9jas?feature=oembed\" frameborder=\"0\" allow=\"accelerometer; autoplay; clipboard-write; encrypted-media; gyroscope; picture-in-picture; web-share\" referrerpolicy=\"strict-origin-when-cross-origin\" allowfullscreen><\/iframe><\/div>[\/vc_column][\/vc_row]<\/p>\n","protected":false},"excerpt":{"rendered":"<p>Praktiline ja universaalse v\u00e4limusega aiamaja panipaik CUBO 3 sobib igasse aeda.<\/p>\n","protected":false},"featured_media":10734,"comment_status":"open","ping_status":"closed","template":"","meta":{"_acf_changed":false},"factory":[],"free-shipment":[],"product_brand":[],"product_cat":[924,2356],"product_tag":[1483,1020,1484],"class_list":{"0":"post-10748","1":"product","2":"type-product","3":"status-publish","4":"has-post-thumbnail","6":"product_cat-aiatooted","7":"product_cat-aiarajatised","8":"product_tag-garden-et","9":"product_tag-small-house-et","10":"product_tag-yard-et","12":"first","13":"instock","14":"sale","15":"taxable","16":"shipping-taxable","17":"purchasable","18":"product-type-simple"},"acf":[],"_links":{"self":[{"href":"https:\/\/factory.sale\/et\/wp-json\/wp\/v2\/product\/10748","targetHints":{"allow":["GET"]}}],"collection":[{"href":"https:\/\/factory.sale\/et\/wp-json\/wp\/v2\/product"}],"about":[{"href":"https:\/\/factory.sale\/et\/wp-json\/wp\/v2\/types\/product"}],"replies":[{"embeddable":true,"href":"https:\/\/factory.sale\/et\/wp-json\/wp\/v2\/comments?post=10748"}],"wp:featuredmedia":[{"embeddable":true,"href":"https:\/\/factory.sale\/et\/wp-json\/wp\/v2\/media\/10734"}],"wp:attachment":[{"href":"https:\/\/factory.sale\/et\/wp-json\/wp\/v2\/media?parent=10748"}],"wp:term":[{"taxonomy":"factory","embeddable":true,"href":"https:\/\/factory.sale\/et\/wp-json\/wp\/v2\/factory?post=10748"},{"taxonomy":"free-shipment","embeddable":true,"href":"https:\/\/factory.sale\/et\/wp-json\/wp\/v2\/free-shipment?post=10748"},{"taxonomy":"product_brand","embeddable":true,"href":"https:\/\/factory.sale\/et\/wp-json\/wp\/v2\/product_brand?post=10748"},{"taxonomy":"product_cat","embeddable":true,"href":"https:\/\/factory.sale\/et\/wp-json\/wp\/v2\/product_cat?post=10748"},{"taxonomy":"product_tag","embeddable":true,"href":"https:\/\/factory.sale\/et\/wp-json\/wp\/v2\/product_tag?post=10748"}],"curies":[{"name":"wp","href":"https:\/\/api.w.org\/{rel}","templated":true}]}}