{"id":107146,"date":"2025-07-10T12:32:17","date_gmt":"2025-07-10T09:40:30","guid":{"rendered":"https:\/\/factory.sale\/?post_type=product&#038;p=107146"},"modified":"2025-11-21T21:49:59","modified_gmt":"2025-11-21T18:49:59","slug":"mers-puukuttega-ahi-tk-203-by","status":"publish","type":"product","link":"https:\/\/factory.sale\/et\/toode\/mers-puukuttega-ahi-tk-203-by\/","title":{"rendered":"Mers puuk\u00fcttega ahi TK 203 BY"},"content":{"rendered":"<p>Traditsioonilised toiduvalmistusahju mudelid on juba aastak\u00fcmneid toonud k\u00f6\u00f6kidesse soojust ja iseloomu. Elegantse disainiga ahjud sobivad ideaalselt nii toidu valmistamiseks kui ka ruumide k\u00fctmiseks. Tavaliselt valatud malmist v\u00f5i terasest valmistatud ahjud t\u00f6\u00f6tavad looduslike k\u00fctustega nagu puit v\u00f5i kivis\u00fcsi. Toiduvalmistusahjud on tuntud oma vastupidava konstruktsiooni ja suurte t\u00f6\u00f6pindade poolest. Nad on kuulsad ka kodu t\u00e4itvate aroomide poolest, mis tekivad aeglaselt hauduvate suppide, maitsvate roogade ja isu\u00e4ratavate kookide k\u00fcpsetamisel. Traditsioonilised pliidid on t\u00e4nap\u00e4eva elus j\u00e4tkuvalt eelistatud valik, tuues k\u00f6\u00f6ki nostalgilist h\u00f5ngu ja sooja atmosf\u00e4\u00e4ri.<\/p>\n<p>&nbsp;<\/p>\n<p>&nbsp;<\/p>\n<p><strong>Tehnilised andmed:<\/strong><\/p>\n<ul>\n<li>V\u00f5imsus: 7,85 kW<\/li>\n<li>Kuumakindlad tulekivid<\/li>\n<li>Kahekordse ts\u00fckliga ahjus\u00fcsteem<\/li>\n<li>S\u00fcgavus 50 x laius 87 x k\u00f5rgus 80 cm<\/li>\n<li>K\u00fctab kuni 70 m\u00b2 pindala<\/li>\n<li>Malm (\u00fclemine plaat, tulerest)<\/li>\n<li>Korstna toru diameeter: 130 mm<\/li>\n<li>Termilise \u0161oki- ja kuumuskindel keraamiline klaas<\/li>\n<li>Lihtne puhastada<\/li>\n<li>Ahi suurus: 25 x 45 x 45 cm, termomeetriga ahi<\/li>\n<li>Paks metallleht<\/li>\n<li>Kaal: 84 kg<\/li>\n<li>Puidukuur<\/li>\n<li>Puuk\u00fcttega<\/li>\n<\/ul>\n<p>&nbsp;<\/p>\n<p><strong>Toote aluse m\u00f5\u00f5dud ja kaal: 55 x 95 cm, 84 kg<\/strong><\/p>\n<p>&nbsp;<\/p>\n<p>&nbsp;<\/p>\n<p>&nbsp;<\/p>\n<p><img loading=\"lazy\" decoding=\"async\" class=\"alignnone wp-image-107142\" src=\"https:\/\/factory.sale\/wp-content\/uploads\/2025\/07\/mers-stoves-factory.sale_-300x105.webp\" alt=\"\" width=\"422\" height=\"148\" srcset=\"https:\/\/factory.sale\/wp-content\/uploads\/2025\/07\/mers-stoves-factory.sale_-300x105.webp 300w, https:\/\/factory.sale\/wp-content\/uploads\/2025\/07\/mers-stoves-factory.sale_-150x52.webp 150w, https:\/\/factory.sale\/wp-content\/uploads\/2025\/07\/mers-stoves-factory.sale_-768x268.webp 768w, https:\/\/factory.sale\/wp-content\/uploads\/2025\/07\/mers-stoves-factory.sale_-600x209.webp 600w, https:\/\/factory.sale\/wp-content\/uploads\/2025\/07\/mers-stoves-factory.sale_.webp 980w\" sizes=\"auto, (max-width: 422px) 100vw, 422px\" \/><\/p>\n<p>&nbsp;<\/p>\n<p><a href=\"https:\/\/factory.sale\/wp-content\/uploads\/2025\/07\/BImSchV-file-1.pdf\" target=\"_blank\" rel=\"noopener\">Sertifikaat 1<\/a><\/p>\n<p><a href=\"https:\/\/factory.sale\/wp-content\/uploads\/2025\/07\/Eco-design-file-1.pdf\" target=\"_blank\" rel=\"noopener\">Sertifikaat 2<\/a><\/p>\n<p><a href=\"https:\/\/factory.sale\/wp-content\/uploads\/2025\/07\/Ecodesign-file-2.pdf\" target=\"_blank\" rel=\"noopener\">Sertifikaat 3<\/a><\/p>\n<p><a href=\"https:\/\/factory.sale\/wp-content\/uploads\/2025\/07\/Ecodesign-file-3.pdf\" target=\"_blank\" rel=\"noopener\">Sertifikaat 4<\/a><\/p>\n<p><a href=\"https:\/\/factory.sale\/wp-content\/uploads\/2025\/07\/SK-100101103SK-102-Fireplace-Ecodesign-BlmschVEEI.pdf\" target=\"_blank\" rel=\"noopener\">Sertifikaat 5<\/a><\/p>\n","protected":false},"excerpt":{"rendered":"<p>Traditsiooniline puuk\u00fcttega toiduvalmistusahi elegantse disaini, vastupidava malmist konstruktsiooni ja suure t\u00f6\u00f6pinnaga. T\u00f5hus k\u00fcte kuni 70 m\u00b2 suurustele ruumidele kuumakindlate tulekivide ja kahekordse ts\u00fckliga ahjus\u00fcsteemiga. T\u00e4iuslik valik, kui soovid oma k\u00f6\u00f6gi veelgi hubasemaks muuta.<\/p>\n<p><em><strong>Transpordikulu 60 EUR<\/strong><\/em><\/p>\n","protected":false},"featured_media":107134,"comment_status":"open","ping_status":"closed","template":"","meta":{"_acf_changed":false},"factory":[],"free-shipment":[],"product_brand":[],"product_cat":[1247,4485],"product_tag":[],"class_list":{"0":"post-107146","1":"product","2":"type-product","3":"status-publish","4":"has-post-thumbnail","6":"product_cat-ahjud","7":"product_cat-mers-ahjud","9":"first","10":"instock","11":"sale","12":"taxable","13":"shipping-taxable","14":"purchasable","15":"product-type-simple"},"acf":[],"_links":{"self":[{"href":"https:\/\/factory.sale\/et\/wp-json\/wp\/v2\/product\/107146","targetHints":{"allow":["GET"]}}],"collection":[{"href":"https:\/\/factory.sale\/et\/wp-json\/wp\/v2\/product"}],"about":[{"href":"https:\/\/factory.sale\/et\/wp-json\/wp\/v2\/types\/product"}],"replies":[{"embeddable":true,"href":"https:\/\/factory.sale\/et\/wp-json\/wp\/v2\/comments?post=107146"}],"wp:featuredmedia":[{"embeddable":true,"href":"https:\/\/factory.sale\/et\/wp-json\/wp\/v2\/media\/107134"}],"wp:attachment":[{"href":"https:\/\/factory.sale\/et\/wp-json\/wp\/v2\/media?parent=107146"}],"wp:term":[{"taxonomy":"factory","embeddable":true,"href":"https:\/\/factory.sale\/et\/wp-json\/wp\/v2\/factory?post=107146"},{"taxonomy":"free-shipment","embeddable":true,"href":"https:\/\/factory.sale\/et\/wp-json\/wp\/v2\/free-shipment?post=107146"},{"taxonomy":"product_brand","embeddable":true,"href":"https:\/\/factory.sale\/et\/wp-json\/wp\/v2\/product_brand?post=107146"},{"taxonomy":"product_cat","embeddable":true,"href":"https:\/\/factory.sale\/et\/wp-json\/wp\/v2\/product_cat?post=107146"},{"taxonomy":"product_tag","embeddable":true,"href":"https:\/\/factory.sale\/et\/wp-json\/wp\/v2\/product_tag?post=107146"}],"curies":[{"name":"wp","href":"https:\/\/api.w.org\/{rel}","templated":true}]}}